{"id":840,"date":"2024-11-25T18:17:53","date_gmt":"2024-11-25T18:17:53","guid":{"rendered":"https:\/\/oidaeditorial.com\/?post_type=product&#038;p=840"},"modified":"2026-04-18T17:49:28","modified_gmt":"2026-04-18T17:49:28","slug":"audiollibre-teatral-judes-trait-gerard-bidegain","status":"publish","type":"product","link":"https:\/\/oidaeditorial.com\/index.php\/producto\/audiollibre-teatral-judes-trait-gerard-bidegain\/","title":{"rendered":"&#8216;Judes tra\u00eft&#8217;, de Gerard Bidegain i Figuerola"},"content":{"rendered":"<h3 class=\"wp-block-heading has-text-align-center\" style=\"text-align: center;\">El Judes de <a href=\"https:\/\/oidaeditorial.com\/index.php\/gerard-bidegain-i-figuerola\/\">Gerard Bidegain i Figuerola <\/a>canvia de paradigmes i de motors: desapareixen els remordiments i la culpa, i ocupen el seu lloc el dubte i les preguntes sobre la fidelitat i la veritat.<\/h3>\n<h5 class=\"wp-block-heading has-text-align-center\" style=\"text-align: center;\">Audiollibre interpretat per l&#8217;autor.<\/h5>\n<p class=\"has-text-align-center\" style=\"text-align: center;\">PARAULES CLAU Tra\u00efci\u00f3, Tradici\u00f3, Veritat<\/p>\n<h3 class=\"wp-block-heading has-text-align-center\" style=\"text-align: center;\">OID\u00c0 EDITORIAL \u00b7 Audiollibre teatral<\/h3>\n","protected":false},"excerpt":{"rendered":"<h6 style=\"text-align: right;\">Audiollibre teatral<br \/>\n<a href=\"https:\/\/oidaeditorial.com\/index.php\/publicaciones\/judes-trait-gerard-bidegain-audiollibre-teatral\/\">M\u00e9s informaci\u00f3<\/a><\/h6>\n","protected":false},"featured_media":985,"template":"","meta":[],"product_brand":[],"product_cat":[41,45,38],"product_tag":[],"class_list":{"0":"post-840","1":"product","2":"type-product","3":"status-publish","4":"has-post-thumbnail","6":"product_cat-audiollibre-teatral","7":"product_cat-gerard-bidegain-i-figuerola","8":"product_cat-literatura-dramatica-contemporanea","10":"first","11":"instock","12":"sale","13":"downloadable","14":"taxable","15":"shipping-taxable","16":"purchasable","17":"product-type-simple"},"_links":{"self":[{"href":"https:\/\/oidaeditorial.com\/index.php\/wp-json\/wp\/v2\/product\/840","targetHints":{"allow":["GET"]}}],"collection":[{"href":"https:\/\/oidaeditorial.com\/index.php\/wp-json\/wp\/v2\/product"}],"about":[{"href":"https:\/\/oidaeditorial.com\/index.php\/wp-json\/wp\/v2\/types\/product"}],"wp:featuredmedia":[{"embeddable":true,"href":"https:\/\/oidaeditorial.com\/index.php\/wp-json\/wp\/v2\/media\/985"}],"wp:attachment":[{"href":"https:\/\/oidaeditorial.com\/index.php\/wp-json\/wp\/v2\/media?parent=840"}],"wp:term":[{"taxonomy":"product_brand","embeddable":true,"href":"https:\/\/oidaeditorial.com\/index.php\/wp-json\/wp\/v2\/product_brand?post=840"},{"taxonomy":"product_cat","embeddable":true,"href":"https:\/\/oidaeditorial.com\/index.php\/wp-json\/wp\/v2\/product_cat?post=840"},{"taxonomy":"product_tag","embeddable":true,"href":"https:\/\/oidaeditorial.com\/index.php\/wp-json\/wp\/v2\/product_tag?post=840"}],"curies":[{"name":"wp","href":"https:\/\/api.w.org\/{rel}","templated":true}]}}