{"id":98,"date":"2023-03-31T10:36:35","date_gmt":"2023-03-31T10:36:35","guid":{"rendered":"http:\/\/oidaeditorial.com\/?page_id=98"},"modified":"2026-04-19T15:13:09","modified_gmt":"2026-04-19T15:13:09","slug":"noticias","status":"publish","type":"page","link":"https:\/\/oidaeditorial.com\/index.php\/noticias\/","title":{"rendered":"Actualidad"},"content":{"rendered":"\n<figure class=\"wp-block-gallery has-nested-images columns-default is-cropped wp-block-gallery-1 is-layout-flex wp-block-gallery-is-layout-flex\">\n<figure data-wp-context=\"{&quot;imageId&quot;:&quot;6a05afa34b8af&quot;}\" data-wp-interactive=\"core\/image\" data-wp-key=\"6a05afa34b8af\" class=\"wp-block-image size-large wp-lightbox-container\"><img data-opt-id=1255470548  fetchpriority=\"high\" decoding=\"async\" width=\"1024\" height=\"1024\" data-wp-class--hide=\"state.isContentHidden\" data-wp-class--show=\"state.isContentVisible\" data-wp-init=\"callbacks.setButtonStyles\" data-wp-on--click=\"actions.showLightbox\" data-wp-on--load=\"callbacks.setButtonStyles\" data-wp-on-window--resize=\"callbacks.setButtonStyles\" data-id=\"1020\" src=\"https:\/\/mlfuar0h46fq.i.optimole.com\/w:600\/h:600\/q:mauto\/ig:avif\/https:\/\/oidaeditorial.com\/wp-content\/uploads\/2026\/04\/Feliz-Dia-del-Libro.jpg\" alt=\"\" class=\"wp-image-1020\" srcset=\"https:\/\/mlfuar0h46fq.i.optimole.com\/w:600\/h:600\/q:mauto\/ig:avif\/https:\/\/oidaeditorial.com\/wp-content\/uploads\/2026\/04\/Feliz-Dia-del-Libro.jpg 1024w, https:\/\/mlfuar0h46fq.i.optimole.com\/w:300\/h:300\/q:mauto\/ig:avif\/https:\/\/oidaeditorial.com\/wp-content\/uploads\/2026\/04\/Feliz-Dia-del-Libro.jpg 300w, https:\/\/mlfuar0h46fq.i.optimole.com\/w:150\/h:150\/q:mauto\/ig:avif\/https:\/\/oidaeditorial.com\/wp-content\/uploads\/2026\/04\/Feliz-Dia-del-Libro.jpg 150w, https:\/\/mlfuar0h46fq.i.optimole.com\/w:600\/h:600\/q:mauto\/ig:avif\/https:\/\/oidaeditorial.com\/wp-content\/uploads\/2026\/04\/Feliz-Dia-del-Libro.jpg 768w, https:\/\/mlfuar0h46fq.i.optimole.com\/w:600\/h:600\/q:mauto\/ig:avif\/https:\/\/oidaeditorial.com\/wp-content\/uploads\/2026\/04\/Feliz-Dia-del-Libro.jpg 1536w, https:\/\/mlfuar0h46fq.i.optimole.com\/w:600\/h:600\/q:mauto\/ig:avif\/https:\/\/oidaeditorial.com\/wp-content\/uploads\/2026\/04\/Feliz-Dia-del-Libro.jpg 2048w, https:\/\/mlfuar0h46fq.i.optimole.com\/w:600\/h:600\/q:mauto\/ig:avif\/https:\/\/oidaeditorial.com\/wp-content\/uploads\/2026\/04\/Feliz-Dia-del-Libro.jpg 1320w, https:\/\/mlfuar0h46fq.i.optimole.com\/w:600\/h:600\/q:mauto\/ig:avif\/https:\/\/oidaeditorial.com\/wp-content\/uploads\/2026\/04\/Feliz-Dia-del-Libro.jpg 600w, https:\/\/mlfuar0h46fq.i.optimole.com\/w:100\/h:100\/q:mauto\/ig:avif\/dpr:2\/https:\/\/oidaeditorial.com\/wp-content\/uploads\/2026\/04\/Feliz-Dia-del-Libro.jpg 100w\" sizes=\"(max-width: 1000px) 100vw, 1000px\" \/><button\n\t\t\tclass=\"lightbox-trigger\"\n\t\t\ttype=\"button\"\n\t\t\taria-haspopup=\"dialog\"\n\t\t\taria-label=\"Agrandar\"\n\t\t\tdata-wp-init=\"callbacks.initTriggerButton\"\n\t\t\tdata-wp-on--click=\"actions.showLightbox\"\n\t\t\tdata-wp-style--right=\"state.imageButtonRight\"\n\t\t\tdata-wp-style--top=\"state.imageButtonTop\"\n\t\t>\n\t\t\t<svg xmlns=\"http:\/\/www.w3.org\/2000\/svg\" width=\"12\" height=\"12\" fill=\"none\" viewBox=\"0 0 12 12\">\n\t\t\t\t<path fill=\"#fff\" d=\"M2 0a2 2 0 0 0-2 2v2h1.5V2a.5.5 0 0 1 .5-.5h2V0H2Zm2 10.5H2a.5.5 0 0 1-.5-.5V8H0v2a2 2 0 0 0 2 2h2v-1.5ZM8 12v-1.5h2a.5.5 0 0 0 .5-.5V8H12v2a2 2 0 0 1-2 2H8Zm2-12a2 2 0 0 1 2 2v2h-1.5V2a.5.5 0 0 0-.5-.5H8V0h2Z\" \/>\n\t\t\t<\/svg>\n\t\t<\/button><\/figure>\n\n\n\n<figure data-wp-context=\"{&quot;imageId&quot;:&quot;6a05afa34c2fb&quot;}\" data-wp-interactive=\"core\/image\" data-wp-key=\"6a05afa34c2fb\" class=\"wp-block-image size-full wp-lightbox-container\"><img data-opt-id=1479886239  fetchpriority=\"high\" decoding=\"async\" width=\"799\" height=\"799\" data-wp-class--hide=\"state.isContentHidden\" data-wp-class--show=\"state.isContentVisible\" data-wp-init=\"callbacks.setButtonStyles\" data-wp-on--click=\"actions.showLightbox\" data-wp-on--load=\"callbacks.setButtonStyles\" data-wp-on-window--resize=\"callbacks.setButtonStyles\" data-id=\"1025\" src=\"https:\/\/mlfuar0h46fq.i.optimole.com\/w:auto\/h:auto\/q:mauto\/ig:avif\/https:\/\/oidaeditorial.com\/wp-content\/uploads\/2026\/04\/La-audiolibreria-teatral.jpg\" alt=\"\" class=\"wp-image-1025\" srcset=\"https:\/\/mlfuar0h46fq.i.optimole.com\/w:600\/h:600\/q:mauto\/ig:avif\/https:\/\/oidaeditorial.com\/wp-content\/uploads\/2026\/04\/La-audiolibreria-teatral.jpg 799w, https:\/\/mlfuar0h46fq.i.optimole.com\/w:300\/h:300\/q:mauto\/ig:avif\/https:\/\/oidaeditorial.com\/wp-content\/uploads\/2026\/04\/La-audiolibreria-teatral.jpg 300w, https:\/\/mlfuar0h46fq.i.optimole.com\/w:150\/h:150\/q:mauto\/ig:avif\/https:\/\/oidaeditorial.com\/wp-content\/uploads\/2026\/04\/La-audiolibreria-teatral.jpg 150w, https:\/\/mlfuar0h46fq.i.optimole.com\/w:600\/h:600\/q:mauto\/ig:avif\/https:\/\/oidaeditorial.com\/wp-content\/uploads\/2026\/04\/La-audiolibreria-teatral.jpg 768w, https:\/\/mlfuar0h46fq.i.optimole.com\/w:600\/h:600\/q:mauto\/ig:avif\/https:\/\/oidaeditorial.com\/wp-content\/uploads\/2026\/04\/La-audiolibreria-teatral.jpg 600w, https:\/\/mlfuar0h46fq.i.optimole.com\/w:100\/h:100\/q:mauto\/ig:avif\/dpr:2\/https:\/\/oidaeditorial.com\/wp-content\/uploads\/2026\/04\/La-audiolibreria-teatral.jpg 100w\" sizes=\"(max-width: 799px) 100vw, 799px\" \/><button\n\t\t\tclass=\"lightbox-trigger\"\n\t\t\ttype=\"button\"\n\t\t\taria-haspopup=\"dialog\"\n\t\t\taria-label=\"Agrandar\"\n\t\t\tdata-wp-init=\"callbacks.initTriggerButton\"\n\t\t\tdata-wp-on--click=\"actions.showLightbox\"\n\t\t\tdata-wp-style--right=\"state.imageButtonRight\"\n\t\t\tdata-wp-style--top=\"state.imageButtonTop\"\n\t\t>\n\t\t\t<svg xmlns=\"http:\/\/www.w3.org\/2000\/svg\" width=\"12\" height=\"12\" fill=\"none\" viewBox=\"0 0 12 12\">\n\t\t\t\t<path fill=\"#fff\" d=\"M2 0a2 2 0 0 0-2 2v2h1.5V2a.5.5 0 0 1 .5-.5h2V0H2Zm2 10.5H2a.5.5 0 0 1-.5-.5V8H0v2a2 2 0 0 0 2 2h2v-1.5ZM8 12v-1.5h2a.5.5 0 0 0 .5-.5V8H12v2a2 2 0 0 1-2 2H8Zm2-12a2 2 0 0 1 2 2v2h-1.5V2a.5.5 0 0 0-.5-.5H8V0h2Z\" \/>\n\t\t\t<\/svg>\n\t\t<\/button><\/figure>\n<\/figure>\n\n\n\n<div class=\"wp-block-query is-layout-flow wp-block-query-is-layout-flow\"><ul class=\"wp-block-post-template is-layout-flow wp-block-post-template-is-layout-flow\"><li class=\"wp-block-post post-1008 post type-post status-publish format-standard hentry category-libro-teatral category-literatura-dramatica-contemporanea category-uncategorized\">\n<h2 class=\"wp-block-post-title\"><a href=\"https:\/\/oidaeditorial.com\/index.php\/2026\/04\/19\/feliz-dia-del-libro\/\" target=\"_blank\" >Feliz D\u00eda del Libro (est\u00e9s donde est\u00e9s)<\/a><\/h2>\n\n<div class=\"wp-block-post-excerpt\"><p class=\"wp-block-post-excerpt__excerpt\">Nos encantar\u00eda abrir las puertas de un teatro librer\u00eda. Imag\u00ednate que pudieses acercarte cuando quisieras y sentarte a escuchar una de nuestras obras, interpretada para ti en cualquier momento con toda la emoci\u00f3n y la fuerza de una funci\u00f3n. Oid\u00e0 es eso. Un teatro concentrado dentro de una botella. Preparamos artesanalmente cada obra y luego&hellip; <\/p><\/div>\n\n\n<hr class=\"wp-block-separator has-css-opacity\"\/>\n\n\n\n<div style=\"height:25px\" aria-hidden=\"true\" class=\"wp-block-spacer\"><\/div>\n\n<\/li><li class=\"wp-block-post post-764 post type-post status-publish format-standard hentry category-libro-teatral category-literatura-dramatica-contemporanea category-uncategorized tag-la-audiolibreria-teatral tag-oida-editorial\">\n<h2 class=\"wp-block-post-title\"><a href=\"https:\/\/oidaeditorial.com\/index.php\/2025\/08\/22\/inauguramos-la-audiolibreria-teatral\/\" target=\"_blank\" >Inauguramos la Audiolibrer\u00eda Teatral<\/a><\/h2>\n\n<div class=\"wp-block-post-excerpt\"><p class=\"wp-block-post-excerpt__excerpt\">Estas son las dos preguntas que m\u00e1s nos han hecho desde que lanzamos nuestro primer t\u00edtulo: \u00bfD\u00f3nde compro vuestros audiolibros de teatro? \u00bfC\u00f3mo los escucho? Y estas sol\u00edan ser nuestras respuestas: \u00abLos audiolibros teatrales de Oid\u00e0 Editorial est\u00e1n disponibles en las principales plataformas y librer\u00edas virtuales.\u00bb \u00abPuedes disfrutar de la escucha desde la p\u00e1gina web&hellip; <\/p><\/div>\n\n\n<hr class=\"wp-block-separator has-css-opacity\"\/>\n\n\n\n<div style=\"height:25px\" aria-hidden=\"true\" class=\"wp-block-spacer\"><\/div>\n\n<\/li><li class=\"wp-block-post post-618 post type-post status-publish format-standard hentry category-libro-teatral category-literatura-dramatica-contemporanea category-uncategorized\">\n<h2 class=\"wp-block-post-title\"><a href=\"https:\/\/oidaeditorial.com\/index.php\/2025\/05\/27\/oida-en-paso-de-gato\/\" target=\"_blank\" >Oid\u00e0 en Paso de Gato<\/a><\/h2>\n\n<div class=\"wp-block-post-excerpt\"><p class=\"wp-block-post-excerpt__excerpt\">La revista Paso de Gato se hace eco de nuestra labor. Oid\u00e0 Editorial&nbsp;es pionera en la publicaci\u00f3n de audiolibro teatral contempor\u00e1neo. Apuesta desde el principio por un&nbsp;audiolibro teatral&nbsp;que lo sea en todos los sentidos; en el que actores y actrices profesionales&nbsp;interpretan&nbsp;una obra de&nbsp;literatura dram\u00e1tica contempor\u00e1nea. Una funci\u00f3n para un espectador solo o en un peque\u00f1o&hellip; <\/p><\/div>\n\n\n<hr class=\"wp-block-separator has-css-opacity\"\/>\n\n\n\n<div style=\"height:25px\" aria-hidden=\"true\" class=\"wp-block-spacer\"><\/div>\n\n<\/li><\/ul><\/div>\n\n\n\n<figure class=\"wp-block-gallery has-nested-images columns-default is-cropped wp-block-gallery-2 is-layout-flex wp-block-gallery-is-layout-flex\">\n<figure data-wp-context=\"{&quot;imageId&quot;:&quot;6a05afa354a5d&quot;}\" data-wp-interactive=\"core\/image\" data-wp-key=\"6a05afa354a5d\" class=\"wp-block-image size-large wp-lightbox-container\"><img data-opt-id=3224646  data-opt-src=\"https:\/\/mlfuar0h46fq.i.optimole.com\/w:auto\/h:auto\/q:mauto\/ig:avif\/https:\/\/oidaeditorial.com\/wp-content\/uploads\/2024\/05\/WhatsApp-Image-2024-05-13-at-13.39.11-3.jpeg\"  decoding=\"async\" width=\"720\" height=\"720\" data-wp-class--hide=\"state.isContentHidden\" data-wp-class--show=\"state.isContentVisible\" data-wp-init=\"callbacks.setButtonStyles\" data-wp-on--click=\"actions.showLightbox\" data-wp-on--load=\"callbacks.setButtonStyles\" data-wp-on-window--resize=\"callbacks.setButtonStyles\" data-id=\"627\" src=\"data:image/svg+xml,%3Csvg%20viewBox%3D%220%200%20100%%20100%%22%20width%3D%22100%%22%20height%3D%22100%%22%20xmlns%3D%22http%3A%2F%2Fwww.w3.org%2F2000%2Fsvg%22%3E%3Crect%20width%3D%22100%%22%20height%3D%22100%%22%20fill%3D%22transparent%22%2F%3E%3C%2Fsvg%3E\" alt=\"\" class=\"wp-image-627\" old-srcset=\"https:\/\/mlfuar0h46fq.i.optimole.com\/w:600\/h:600\/q:mauto\/ig:avif\/https:\/\/oidaeditorial.com\/wp-content\/uploads\/2024\/05\/WhatsApp-Image-2024-05-13-at-13.39.11-3.jpeg 720w, https:\/\/mlfuar0h46fq.i.optimole.com\/w:300\/h:300\/q:mauto\/ig:avif\/https:\/\/oidaeditorial.com\/wp-content\/uploads\/2024\/05\/WhatsApp-Image-2024-05-13-at-13.39.11-3.jpeg 300w, https:\/\/mlfuar0h46fq.i.optimole.com\/w:150\/h:150\/q:mauto\/ig:avif\/https:\/\/oidaeditorial.com\/wp-content\/uploads\/2024\/05\/WhatsApp-Image-2024-05-13-at-13.39.11-3.jpeg 150w\" \/><button\n\t\t\tclass=\"lightbox-trigger\"\n\t\t\ttype=\"button\"\n\t\t\taria-haspopup=\"dialog\"\n\t\t\taria-label=\"Agrandar\"\n\t\t\tdata-wp-init=\"callbacks.initTriggerButton\"\n\t\t\tdata-wp-on--click=\"actions.showLightbox\"\n\t\t\tdata-wp-style--right=\"state.imageButtonRight\"\n\t\t\tdata-wp-style--top=\"state.imageButtonTop\"\n\t\t>\n\t\t\t<svg xmlns=\"http:\/\/www.w3.org\/2000\/svg\" width=\"12\" height=\"12\" fill=\"none\" viewBox=\"0 0 12 12\">\n\t\t\t\t<path fill=\"#fff\" d=\"M2 0a2 2 0 0 0-2 2v2h1.5V2a.5.5 0 0 1 .5-.5h2V0H2Zm2 10.5H2a.5.5 0 0 1-.5-.5V8H0v2a2 2 0 0 0 2 2h2v-1.5ZM8 12v-1.5h2a.5.5 0 0 0 .5-.5V8H12v2a2 2 0 0 1-2 2H8Zm2-12a2 2 0 0 1 2 2v2h-1.5V2a.5.5 0 0 0-.5-.5H8V0h2Z\" \/>\n\t\t\t<\/svg>\n\t\t<\/button><\/figure>\n\n\n\n<figure data-wp-context=\"{&quot;imageId&quot;:&quot;6a05afa3552b7&quot;}\" data-wp-interactive=\"core\/image\" data-wp-key=\"6a05afa3552b7\" class=\"wp-block-image size-full wp-lightbox-container\"><img data-opt-id=1783325995  data-opt-src=\"https:\/\/mlfuar0h46fq.i.optimole.com\/w:auto\/h:auto\/q:mauto\/ig:avif\/https:\/\/oidaeditorial.com\/wp-content\/uploads\/2026\/04\/Oida-Editorial-Almudena-Ramos-y-Ruth-Vilar-en-el-estudio-de-grabacion.jpg\"  decoding=\"async\" width=\"472\" height=\"359\" data-wp-class--hide=\"state.isContentHidden\" data-wp-class--show=\"state.isContentVisible\" data-wp-init=\"callbacks.setButtonStyles\" data-wp-on--click=\"actions.showLightbox\" data-wp-on--load=\"callbacks.setButtonStyles\" data-wp-on-window--resize=\"callbacks.setButtonStyles\" data-id=\"1024\" src=\"data:image/svg+xml,%3Csvg%20viewBox%3D%220%200%20100%%20100%%22%20width%3D%22100%%22%20height%3D%22100%%22%20xmlns%3D%22http%3A%2F%2Fwww.w3.org%2F2000%2Fsvg%22%3E%3Crect%20width%3D%22100%%22%20height%3D%22100%%22%20fill%3D%22transparent%22%2F%3E%3C%2Fsvg%3E\" alt=\"\" class=\"wp-image-1024\" old-srcset=\"https:\/\/mlfuar0h46fq.i.optimole.com\/w:472\/h:359\/q:mauto\/ig:avif\/https:\/\/oidaeditorial.com\/wp-content\/uploads\/2026\/04\/Oida-Editorial-Almudena-Ramos-y-Ruth-Vilar-en-el-estudio-de-grabacion.jpg 472w, https:\/\/mlfuar0h46fq.i.optimole.com\/w:300\/h:228\/q:mauto\/ig:avif\/https:\/\/oidaeditorial.com\/wp-content\/uploads\/2026\/04\/Oida-Editorial-Almudena-Ramos-y-Ruth-Vilar-en-el-estudio-de-grabacion.jpg 300w\" \/><button\n\t\t\tclass=\"lightbox-trigger\"\n\t\t\ttype=\"button\"\n\t\t\taria-haspopup=\"dialog\"\n\t\t\taria-label=\"Agrandar\"\n\t\t\tdata-wp-init=\"callbacks.initTriggerButton\"\n\t\t\tdata-wp-on--click=\"actions.showLightbox\"\n\t\t\tdata-wp-style--right=\"state.imageButtonRight\"\n\t\t\tdata-wp-style--top=\"state.imageButtonTop\"\n\t\t>\n\t\t\t<svg xmlns=\"http:\/\/www.w3.org\/2000\/svg\" width=\"12\" height=\"12\" fill=\"none\" viewBox=\"0 0 12 12\">\n\t\t\t\t<path fill=\"#fff\" d=\"M2 0a2 2 0 0 0-2 2v2h1.5V2a.5.5 0 0 1 .5-.5h2V0H2Zm2 10.5H2a.5.5 0 0 1-.5-.5V8H0v2a2 2 0 0 0 2 2h2v-1.5ZM8 12v-1.5h2a.5.5 0 0 0 .5-.5V8H12v2a2 2 0 0 1-2 2H8Zm2-12a2 2 0 0 1 2 2v2h-1.5V2a.5.5 0 0 0-.5-.5H8V0h2Z\" \/>\n\t\t\t<\/svg>\n\t\t<\/button><\/figure>\n<\/figure>\n\n\n\n<div style=\"height:25px\" aria-hidden=\"true\" class=\"wp-block-spacer\"><\/div>\n\n\n\n<h2 class=\"wp-block-heading has-text-align-center has-x-large-font-size\">Noticias, rese\u00f1as, opini\u00f3n y novedades<\/h2>\n\n\n<ul class=\"wp-block-latest-posts__list wp-block-latest-posts\"><li><a class=\"wp-block-latest-posts__post-title\" href=\"https:\/\/oidaeditorial.com\/index.php\/2026\/04\/19\/feliz-dia-del-libro\/\">Feliz D\u00eda del Libro (est\u00e9s donde est\u00e9s)<\/a><\/li>\n<li><a class=\"wp-block-latest-posts__post-title\" href=\"https:\/\/oidaeditorial.com\/index.php\/2025\/08\/22\/inauguramos-la-audiolibreria-teatral\/\">Inauguramos la Audiolibrer\u00eda Teatral<\/a><\/li>\n<li><a class=\"wp-block-latest-posts__post-title\" href=\"https:\/\/oidaeditorial.com\/index.php\/2025\/05\/27\/oida-en-paso-de-gato\/\">Oid\u00e0 en Paso de Gato<\/a><\/li>\n<li><a class=\"wp-block-latest-posts__post-title\" href=\"https:\/\/oidaeditorial.com\/index.php\/2025\/02\/04\/donde-esta-el-audiolibro-teatral\/\">\u00bfD\u00f3nde est\u00e1 el audiolibro teatral?<\/a><\/li>\n<li><a class=\"wp-block-latest-posts__post-title\" href=\"https:\/\/oidaeditorial.com\/index.php\/2024\/03\/11\/oida-editorial-en-libroescena-2024\/\">Oid\u00e0 Editorial en Libroescena 2024<\/a><\/li>\n<li><a class=\"wp-block-latest-posts__post-title\" href=\"https:\/\/oidaeditorial.com\/index.php\/2023\/11\/19\/resena-de-7-parells-de-peus-de-ruth-vilar\/\">Rese\u00f1a de &#8216;7 parells de peus&#8217;, de Ruth Vilar<\/a><\/li>\n<li><a class=\"wp-block-latest-posts__post-title\" href=\"https:\/\/oidaeditorial.com\/index.php\/2023\/09\/03\/7-parells-de-peus-a-laula\/\">&#8216;7 parells de peus&#8217; a l\u2019aula<\/a><\/li>\n<li><a class=\"wp-block-latest-posts__post-title\" href=\"https:\/\/oidaeditorial.com\/index.php\/2023\/09\/03\/i-si-llegim-plegats\/\">I si llegim plegats?<\/a><\/li>\n<li><a class=\"wp-block-latest-posts__post-title\" href=\"https:\/\/oidaeditorial.com\/index.php\/2023\/09\/02\/la-calidad-de-la-atencion\/\">La calidad de la atenci\u00f3n<\/a><\/li>\n<li><a class=\"wp-block-latest-posts__post-title\" href=\"https:\/\/oidaeditorial.com\/index.php\/2023\/06\/30\/la-escucha-que-nos-sana\/\">La escucha que nos sana<\/a><\/li>\n<li><a class=\"wp-block-latest-posts__post-title\" href=\"https:\/\/oidaeditorial.com\/index.php\/2023\/06\/10\/nuestros-dias-mas-felices\/\">Nuestros d\u00edas m\u00e1s felices<\/a><\/li>\n<li><a class=\"wp-block-latest-posts__post-title\" href=\"https:\/\/oidaeditorial.com\/index.php\/2023\/05\/25\/leemos-teatro\/\">Leemos teatro<\/a><\/li>\n<li><a class=\"wp-block-latest-posts__post-title\" href=\"https:\/\/oidaeditorial.com\/index.php\/2023\/03\/29\/artezblai-nace-oida\/\">Artezblai: Nace Oid\u00e0<\/a><\/li>\n<\/ul>\n\n\n<div style=\"height:40px\" aria-hidden=\"true\" class=\"wp-block-spacer\"><\/div>\n\n\n\n<h4 class=\"wp-block-heading has-text-align-center\">OID\u00c0 EDITORIAL \u00b7 Audiolibro teatral<\/h4>\n\n\n\n<p><\/p>\n","protected":false},"excerpt":{"rendered":"<p>Noticias, rese\u00f1as, opini\u00f3n y novedades OID\u00c0 EDITORIAL \u00b7 Audiolibro teatral<\/p>\n","protected":false},"author":1,"featured_media":0,"parent":0,"menu_order":0,"comment_status":"closed","ping_status":"closed","template":"","meta":{"footnotes":""},"class_list":["post-98","page","type-page","status-publish","hentry"],"_links":{"self":[{"href":"https:\/\/oidaeditorial.com\/index.php\/wp-json\/wp\/v2\/pages\/98","targetHints":{"allow":["GET"]}}],"collection":[{"href":"https:\/\/oidaeditorial.com\/index.php\/wp-json\/wp\/v2\/pages"}],"about":[{"href":"https:\/\/oidaeditorial.com\/index.php\/wp-json\/wp\/v2\/types\/page"}],"author":[{"embeddable":true,"href":"https:\/\/oidaeditorial.com\/index.php\/wp-json\/wp\/v2\/users\/1"}],"replies":[{"embeddable":true,"href":"https:\/\/oidaeditorial.com\/index.php\/wp-json\/wp\/v2\/comments?post=98"}],"version-history":[{"count":24,"href":"https:\/\/oidaeditorial.com\/index.php\/wp-json\/wp\/v2\/pages\/98\/revisions"}],"predecessor-version":[{"id":1027,"href":"https:\/\/oidaeditorial.com\/index.php\/wp-json\/wp\/v2\/pages\/98\/revisions\/1027"}],"wp:attachment":[{"href":"https:\/\/oidaeditorial.com\/index.php\/wp-json\/wp\/v2\/media?parent=98"}],"curies":[{"name":"wp","href":"https:\/\/api.w.org\/{rel}","templated":true}]}}