{"id":858,"date":"2024-11-30T16:13:52","date_gmt":"2024-11-30T16:13:52","guid":{"rendered":"https:\/\/oidaeditorial.com\/?page_id=858"},"modified":"2024-11-30T16:13:52","modified_gmt":"2024-11-30T16:13:52","slug":"lola-fernandez-de-sevilla","status":"publish","type":"page","link":"https:\/\/oidaeditorial.com\/index.php\/autores\/lola-fernandez-de-sevilla\/","title":{"rendered":"Lola Fern\u00e1ndez de Sevilla"},"content":{"rendered":"\n<div class=\"wp-block-media-text is-stacked-on-mobile\" style=\"grid-template-columns:43% auto\"><figure class=\"wp-block-media-text__media\"><img data-opt-id=1324389757  fetchpriority=\"high\" decoding=\"async\" width=\"1024\" height=\"1024\" src=\"https:\/\/mlfuar0h46fq.i.optimole.com\/w:600\/h:600\/q:mauto\/ig:avif\/https:\/\/oidaeditorial.com\/wp-content\/uploads\/2024\/11\/Lola-Fernandez-de-Sevilla_autora.jpg\" alt=\"\" class=\"wp-image-852 size-full\" srcset=\"https:\/\/mlfuar0h46fq.i.optimole.com\/w:600\/h:600\/q:mauto\/ig:avif\/https:\/\/oidaeditorial.com\/wp-content\/uploads\/2024\/11\/Lola-Fernandez-de-Sevilla_autora.jpg 1024w, https:\/\/mlfuar0h46fq.i.optimole.com\/w:300\/h:300\/q:mauto\/ig:avif\/https:\/\/oidaeditorial.com\/wp-content\/uploads\/2024\/11\/Lola-Fernandez-de-Sevilla_autora.jpg 300w, https:\/\/mlfuar0h46fq.i.optimole.com\/w:150\/h:150\/q:mauto\/ig:avif\/https:\/\/oidaeditorial.com\/wp-content\/uploads\/2024\/11\/Lola-Fernandez-de-Sevilla_autora.jpg 150w, https:\/\/mlfuar0h46fq.i.optimole.com\/w:600\/h:600\/q:mauto\/ig:avif\/https:\/\/oidaeditorial.com\/wp-content\/uploads\/2024\/11\/Lola-Fernandez-de-Sevilla_autora.jpg 768w, https:\/\/mlfuar0h46fq.i.optimole.com\/w:600\/h:600\/q:mauto\/ig:avif\/https:\/\/oidaeditorial.com\/wp-content\/uploads\/2024\/11\/Lola-Fernandez-de-Sevilla_autora.jpg 1536w, https:\/\/mlfuar0h46fq.i.optimole.com\/w:600\/h:600\/q:mauto\/ig:avif\/https:\/\/oidaeditorial.com\/wp-content\/uploads\/2024\/11\/Lola-Fernandez-de-Sevilla_autora.jpg 1320w, https:\/\/mlfuar0h46fq.i.optimole.com\/w:600\/h:600\/q:mauto\/ig:avif\/https:\/\/oidaeditorial.com\/wp-content\/uploads\/2024\/11\/Lola-Fernandez-de-Sevilla_autora.jpg 600w, https:\/\/mlfuar0h46fq.i.optimole.com\/w:100\/h:100\/q:mauto\/ig:avif\/dpr:2\/https:\/\/oidaeditorial.com\/wp-content\/uploads\/2024\/11\/Lola-Fernandez-de-Sevilla_autora.jpg 100w, https:\/\/mlfuar0h46fq.i.optimole.com\/w:600\/h:600\/q:mauto\/ig:avif\/https:\/\/oidaeditorial.com\/wp-content\/uploads\/2024\/11\/Lola-Fernandez-de-Sevilla_autora.jpg 1931w\" sizes=\"(max-width: 1000px) 100vw, 1000px\" \/><\/figure><div class=\"wp-block-media-text__content\">\n<p>Dramaturga y doctora en Filosof\u00eda. <\/p>\n\n\n\n<p>Escribe narrativa (<em>AMHERST. Una historia de madres e hijas<\/em>, 2021) y teatro (<em>Tub\u00e9rculos<\/em>, 2013; <em>La tormenta<\/em>, 2014; <em>\/Desayuno\/<\/em>, 2015; <em>un segundo, dos segundos, tres segundos<\/em>, 2021).<br><br>Desde 2008 escribe el blog <a href=\"http:\/\/lamujerque.blogspot.com\">lamujerque.blogspot.com<\/a><\/p>\n<\/div><\/div>\n\n\n\n<p>Tambi\u00e9n investiga, colabora con diversas publicaciones y ense\u00f1a a otras y otros a escribir; es coordinadora de la escuela Las Hedonistas (<a href=\"http:\/\/las-hedonistas.com\">las-hedonistas.com<\/a>).<\/p>\n\n\n\n<p>En 2018 gan\u00f3 el Premio Juan Cervera por su ensayo <em>Ogros, espinacas y dem\u00e1s\u2026 C\u00f3mo contar <\/em>lo terrible<em> a ni\u00f1as y ni\u00f1os en el teatro<\/em> (Assitej, 2018). <\/p>\n\n\n\n<p>Ha ganado el Premio de Teatro Infantil de la Escuela Navarra de Teatro en las dos ocasiones: en 2019, con la obra <em><strong><a href=\"https:\/\/oidaeditorial.com\/index.php\/publicaciones\/irse-de-casa-lola-f-de-sevilla-audiolibro-teatral-infantil\/\">Irse de casa \u2013Mapa-Poema para ni\u00f1as que se portan mal\u2013<\/a><\/strong> <\/em>(Primer Acto, 2020 | Oid\u00e0 Editorial, 2024); en 2023 con <em>M (Monstruo)<\/em> (Assitej, 2024).<\/p>\n\n\n\n<div style=\"height:40px\" aria-hidden=\"true\" class=\"wp-block-spacer\"><\/div>\n\n\n\n<figure class=\"wp-block-image aligncenter size-large is-resized\"><a href=\"https:\/\/oidaeditorial.com\/index.php\/publicaciones\/irse-de-casa-lola-f-de-sevilla-audiolibro-teatral-infantil\/\"><img data-opt-id=730483558  fetchpriority=\"high\" decoding=\"async\" width=\"500\" height=\"500\" src=\"https:\/\/mlfuar0h46fq.i.optimole.com\/w:auto\/h:auto\/q:mauto\/ig:avif\/https:\/\/oidaeditorial.com\/wp-content\/uploads\/2024\/11\/9788412694086-500x500-1.png\" alt=\"\" class=\"wp-image-851\" style=\"width:472px;height:auto\" srcset=\"https:\/\/mlfuar0h46fq.i.optimole.com\/w:500\/h:500\/q:mauto\/ig:avif\/https:\/\/oidaeditorial.com\/wp-content\/uploads\/2024\/11\/9788412694086-500x500-1.png 500w, https:\/\/mlfuar0h46fq.i.optimole.com\/w:300\/h:300\/q:mauto\/ig:avif\/https:\/\/oidaeditorial.com\/wp-content\/uploads\/2024\/11\/9788412694086-500x500-1.png 300w, https:\/\/mlfuar0h46fq.i.optimole.com\/w:150\/h:150\/q:mauto\/ig:avif\/https:\/\/oidaeditorial.com\/wp-content\/uploads\/2024\/11\/9788412694086-500x500-1.png 150w, https:\/\/mlfuar0h46fq.i.optimole.com\/w:100\/h:100\/q:mauto\/ig:avif\/dpr:2\/https:\/\/oidaeditorial.com\/wp-content\/uploads\/2024\/11\/9788412694086-500x500-1.png 100w\" sizes=\"(max-width: 500px) 100vw, 500px\" \/><\/a><\/figure>\n\n\n\n<div style=\"height:40px\" aria-hidden=\"true\" class=\"wp-block-spacer\"><\/div>\n\n\n\n<p>Ha trabajado como dramaturga con compa\u00f1\u00edas de teatro infantil como DATE Danza y La Maquin\u00e9. <\/p>\n\n\n\n<p>Y ha participado en foros y encuentros como JALEO 2021, el Seminario de Pedagog\u00edas Cr\u00edticas de la ESMUC de Barcelona o las Jornadas de Dramaturgia para la Infancia y la Juventud de ASSITEJ Espa\u00f1a.<\/p>\n\n\n\n<div style=\"height:40px\" aria-hidden=\"true\" class=\"wp-block-spacer\"><\/div>\n\n\n\n<h3 class=\"wp-block-heading has-text-align-center\">OID\u00c0 EDITORIAL \u00b7 Audiolibro teatral<\/h3>\n","protected":false},"excerpt":{"rendered":"<p>Dramaturga y doctora en Filosof\u00eda. Escribe narrativa (AMHERST. Una historia de madres e hijas, 2021) y teatro (Tub\u00e9rculos, 2013; La tormenta, 2014; \/Desayuno\/, 2015; un segundo, dos segundos, tres segundos, 2021). Desde 2008 escribe el blog lamujerque.blogspot.com Tambi\u00e9n investiga, colabora con diversas publicaciones y ense\u00f1a a otras y otros a escribir; es coordinadora de la [&hellip;]<\/p>\n","protected":false},"author":1,"featured_media":0,"parent":591,"menu_order":0,"comment_status":"closed","ping_status":"closed","template":"","meta":{"footnotes":""},"class_list":["post-858","page","type-page","status-publish","hentry"],"_links":{"self":[{"href":"https:\/\/oidaeditorial.com\/index.php\/wp-json\/wp\/v2\/pages\/858","targetHints":{"allow":["GET"]}}],"collection":[{"href":"https:\/\/oidaeditorial.com\/index.php\/wp-json\/wp\/v2\/pages"}],"about":[{"href":"https:\/\/oidaeditorial.com\/index.php\/wp-json\/wp\/v2\/types\/page"}],"author":[{"embeddable":true,"href":"https:\/\/oidaeditorial.com\/index.php\/wp-json\/wp\/v2\/users\/1"}],"replies":[{"embeddable":true,"href":"https:\/\/oidaeditorial.com\/index.php\/wp-json\/wp\/v2\/comments?post=858"}],"version-history":[{"count":1,"href":"https:\/\/oidaeditorial.com\/index.php\/wp-json\/wp\/v2\/pages\/858\/revisions"}],"predecessor-version":[{"id":859,"href":"https:\/\/oidaeditorial.com\/index.php\/wp-json\/wp\/v2\/pages\/858\/revisions\/859"}],"up":[{"embeddable":true,"href":"https:\/\/oidaeditorial.com\/index.php\/wp-json\/wp\/v2\/pages\/591"}],"wp:attachment":[{"href":"https:\/\/oidaeditorial.com\/index.php\/wp-json\/wp\/v2\/media?parent=858"}],"curies":[{"name":"wp","href":"https:\/\/api.w.org\/{rel}","templated":true}]}}