{"id":664,"date":"2024-08-12T11:36:51","date_gmt":"2024-08-12T11:36:51","guid":{"rendered":"https:\/\/oidaeditorial.com\/?page_id=664"},"modified":"2024-08-12T12:48:13","modified_gmt":"2024-08-12T12:48:13","slug":"tu-seleccion","status":"publish","type":"page","link":"https:\/\/oidaeditorial.com\/index.php\/tu-seleccion\/","title":{"rendered":"Tu selecci\u00f3n"},"content":{"rendered":"\n<div data-block-name=\"woocommerce\/cart\" class=\"wp-block-woocommerce-cart alignwide is-loading wc-block-cart\">\n<div data-block-name=\"woocommerce\/filled-cart-block\" class=\"wp-block-woocommerce-filled-cart-block\">\n<div data-block-name=\"woocommerce\/cart-items-block\" class=\"wp-block-woocommerce-cart-items-block\">\n<div data-block-name=\"woocommerce\/cart-line-items-block\" class=\"wp-block-woocommerce-cart-line-items-block\"><\/div>\n\n\n\n<div data-block-name=\"woocommerce\/cart-cross-sells-block\" class=\"wp-block-woocommerce-cart-cross-sells-block\">\n<h2 class=\"wp-block-heading has-large-font-size\">Puede que te interese\u2026<\/h2>\n\n\n\n<div data-block-name=\"woocommerce\/cart-cross-sells-products-block\" class=\"wp-block-woocommerce-cart-cross-sells-products-block\"><\/div>\n<\/div>\n<\/div>\n\n\n\n<div data-block-name=\"woocommerce\/cart-totals-block\" class=\"wp-block-woocommerce-cart-totals-block\">\n<div data-block-name=\"woocommerce\/cart-order-summary-block\" class=\"wp-block-woocommerce-cart-order-summary-block\">\n<div data-block-name=\"woocommerce\/cart-order-summary-heading-block\" data-content=\"Total\" class=\"wp-block-woocommerce-cart-order-summary-heading-block\"><\/div>\n\n\n\n<div data-block-name=\"woocommerce\/cart-order-summary-coupon-form-block\" class=\"wp-block-woocommerce-cart-order-summary-coupon-form-block\"><\/div>\n\n\n\n<div data-block-name=\"woocommerce\/cart-order-summary-totals-block\" class=\"wp-block-woocommerce-cart-order-summary-totals-block\">\n<div data-block-name=\"woocommerce\/cart-order-summary-subtotal-block\" class=\"wp-block-woocommerce-cart-order-summary-subtotal-block\"><\/div>\n\n\n\n<div data-block-name=\"woocommerce\/cart-order-summary-fee-block\" class=\"wp-block-woocommerce-cart-order-summary-fee-block\"><\/div>\n\n\n\n<div data-block-name=\"woocommerce\/cart-order-summary-discount-block\" class=\"wp-block-woocommerce-cart-order-summary-discount-block\"><\/div>\n\n\n\n<div data-block-name=\"woocommerce\/cart-order-summary-shipping-block\" class=\"wp-block-woocommerce-cart-order-summary-shipping-block\"><\/div>\n\n\n\n<div data-block-name=\"woocommerce\/cart-order-summary-taxes-block\" class=\"wp-block-woocommerce-cart-order-summary-taxes-block\"><\/div>\n<\/div>\n<\/div>\n\n\n\n\n\n<div data-block-name=\"woocommerce\/cart-express-payment-block\" class=\"wp-block-woocommerce-cart-express-payment-block\"><\/div>\n\n\n\n<div data-block-name=\"woocommerce\/proceed-to-checkout-block\" class=\"wp-block-woocommerce-proceed-to-checkout-block\"><\/div>\n\n\n\n<div data-block-name=\"woocommerce\/cart-accepted-payment-methods-block\" class=\"wp-block-woocommerce-cart-accepted-payment-methods-block\"><\/div>\n<\/div>\n<\/div>\n\n\n\n<div data-block-name=\"woocommerce\/empty-cart-block\" class=\"wp-block-woocommerce-empty-cart-block\">\n<h2 class=\"wp-block-heading has-text-align-center with-empty-cart-icon wc-block-cart__empty-cart__title\">\u00a1Tu carrito est\u00e1 actualmente vac\u00edo!<\/h2>\n\n\n\n<hr class=\"wp-block-separator has-alpha-channel-opacity is-style-dots\"\/>\n\n\n\n<h2 class=\"wp-block-heading has-text-align-center\">Nuevo en la tienda<\/h2>\n\n\n<div data-block-name=\"woocommerce\/product-new\" data-columns=\"4\" data-rows=\"1\" class=\"wc-block-grid wp-block-product-new wp-block-woocommerce-product-new wc-block-product-new has-4-columns\"><ul class=\"wc-block-grid__products\"><li class=\"wc-block-grid__product\">\n\t\t\t\t<a href=\"https:\/\/oidaeditorial.com\/index.php\/producto\/close-to-the-sea-ruth-vilar\/\" class=\"wc-block-grid__product-link\">\n\t\t\t\t\t<div class=\"wc-block-grid__product-onsale\">\n\t\t\t<span aria-hidden=\"true\">Oferta<\/span>\n\t\t\t<span class=\"screen-reader-text\">Producto en oferta<\/span>\n\t\t<\/div>\n\t\t\t\t\t<div class=\"wc-block-grid__product-image\"><img data-opt-id=1702939979  fetchpriority=\"high\" decoding=\"async\" width=\"300\" height=\"300\" src=\"https:\/\/mlfuar0h46fq.i.optimole.com\/w:300\/h:300\/q:mauto\/rt:fill\/g:ce\/ig:avif\/https:\/\/oidaeditorial.com\/wp-content\/uploads\/2025\/09\/9788412694093.png\" class=\"attachment-woocommerce_thumbnail size-woocommerce_thumbnail\" alt=\"&#039;Close to the Sea&#039;, by Ruth Vilar\" srcset=\"https:\/\/mlfuar0h46fq.i.optimole.com\/w:300\/h:300\/q:mauto\/rt:fill\/g:ce\/ig:avif\/https:\/\/oidaeditorial.com\/wp-content\/uploads\/2025\/09\/9788412694093-scaled-e1758465149642.png 300w, https:\/\/mlfuar0h46fq.i.optimole.com\/w:600\/h:600\/q:mauto\/rt:fill\/g:ce\/ig:avif\/https:\/\/oidaeditorial.com\/wp-content\/uploads\/2025\/09\/9788412694093-scaled-e1758465149642.png 1024w, https:\/\/mlfuar0h46fq.i.optimole.com\/w:150\/h:150\/q:mauto\/rt:fill\/g:ce\/ig:avif\/https:\/\/oidaeditorial.com\/wp-content\/uploads\/2025\/09\/9788412694093-scaled-e1758465149642.png 150w, https:\/\/mlfuar0h46fq.i.optimole.com\/w:600\/h:600\/q:mauto\/rt:fill\/g:ce\/ig:avif\/https:\/\/oidaeditorial.com\/wp-content\/uploads\/2025\/09\/9788412694093-scaled-e1758465149642.png 768w, https:\/\/mlfuar0h46fq.i.optimole.com\/w:600\/h:600\/q:mauto\/rt:fill\/g:ce\/ig:avif\/https:\/\/oidaeditorial.com\/wp-content\/uploads\/2025\/09\/9788412694093-scaled-e1758465149642.png 1536w, https:\/\/mlfuar0h46fq.i.optimole.com\/w:600\/h:600\/q:mauto\/rt:fill\/g:ce\/ig:avif\/https:\/\/oidaeditorial.com\/wp-content\/uploads\/2025\/09\/9788412694093-scaled-e1758465149642.png 2048w, https:\/\/mlfuar0h46fq.i.optimole.com\/w:600\/h:600\/q:mauto\/rt:fill\/g:ce\/ig:avif\/https:\/\/oidaeditorial.com\/wp-content\/uploads\/2025\/09\/9788412694093-scaled-e1758465149642.png 1320w, https:\/\/mlfuar0h46fq.i.optimole.com\/w:600\/h:600\/q:mauto\/rt:fill\/g:ce\/ig:avif\/https:\/\/oidaeditorial.com\/wp-content\/uploads\/2025\/09\/9788412694093-scaled-e1758465149642.png 600w, https:\/\/mlfuar0h46fq.i.optimole.com\/w:100\/h:100\/q:mauto\/rt:fill\/g:ce\/ig:avif\/dpr:2\/https:\/\/oidaeditorial.com\/wp-content\/uploads\/2025\/09\/9788412694093-scaled-e1758465149642.png 100w, https:\/\/mlfuar0h46fq.i.optimole.com\/w:500\/h:500\/q:mauto\/rt:fill\/g:ce\/ig:avif\/https:\/\/oidaeditorial.com\/wp-content\/uploads\/2025\/09\/9788412694093-scaled-e1758465149642.png 500w\" sizes=\"(max-width: 300px) 100vw, 300px\" \/><\/div>\n\t\t\t\t\t<div class=\"wc-block-grid__product-title\">&#8216;Close to the Sea&#8217;, by Ruth Vilar<\/div>\n\t\t\t\t<\/a>\n\t\t\t\t<div class=\"wc-block-grid__product-price price\"><del aria-hidden=\"true\"><span class=\"woocommerce-Price-amount amount\">12,99&nbsp;<span class=\"woocommerce-Price-currencySymbol\">&euro;<\/span><\/span><\/del> <span class=\"screen-reader-text\">El precio original era: 12,99&nbsp;&euro;.<\/span><ins aria-hidden=\"true\"><span class=\"woocommerce-Price-amount amount\">11,69&nbsp;<span class=\"woocommerce-Price-currencySymbol\">&euro;<\/span><\/span><\/ins><span class=\"screen-reader-text\">El precio actual es: 11,69&nbsp;&euro;.<\/span> <small class=\"woocommerce-price-suffix\">(4% IVA incluido)<\/small><\/div>\n\t\t\t\t\n\t\t\t\t<div class=\"wp-block-button wc-block-grid__product-add-to-cart\"><a href=\"\/index.php\/wp-json\/wp\/v2\/pages\/664?add-to-cart=962\" aria-label=\"A\u00f1adir al carrito: &ldquo;&#039;Close to the Sea&#039;, by Ruth Vilar&rdquo;\" data-quantity=\"1\" data-product_id=\"962\" data-product_sku=\"\" data-price=\"11.69\" rel=\"nofollow\" class=\"wp-block-button__link wp-element-button add_to_cart_button ajax_add_to_cart\">A\u00f1adir al carrito<\/a><\/div>\n\t\t\t<\/li><li class=\"wc-block-grid__product\">\n\t\t\t\t<a href=\"https:\/\/oidaeditorial.com\/index.php\/producto\/audiolibro-teatral-infantil-irse-de-casa-lola-f-de-sevilla\/\" class=\"wc-block-grid__product-link\">\n\t\t\t\t\t<div class=\"wc-block-grid__product-onsale\">\n\t\t\t<span aria-hidden=\"true\">Oferta<\/span>\n\t\t\t<span class=\"screen-reader-text\">Producto en oferta<\/span>\n\t\t<\/div>\n\t\t\t\t\t<div class=\"wc-block-grid__product-image\"><img data-opt-id=1483130955  fetchpriority=\"high\" decoding=\"async\" width=\"300\" height=\"300\" src=\"https:\/\/mlfuar0h46fq.i.optimole.com\/w:300\/h:300\/q:mauto\/rt:fill\/g:ce\/ig:avif\/https:\/\/oidaeditorial.com\/wp-content\/uploads\/2024\/11\/9788412694086.png\" class=\"attachment-woocommerce_thumbnail size-woocommerce_thumbnail\" alt=\"&#039;Irse de casa (mapa-poema para ni\u00f1as que se portan mal)&#039;, de Lola Fern\u00e1ndez de Sevilla\" srcset=\"https:\/\/mlfuar0h46fq.i.optimole.com\/w:300\/h:300\/q:mauto\/rt:fill\/g:ce\/ig:avif\/https:\/\/oidaeditorial.com\/wp-content\/uploads\/2024\/11\/9788412694086-scaled.png 300w, https:\/\/mlfuar0h46fq.i.optimole.com\/w:600\/h:600\/q:mauto\/rt:fill\/g:ce\/ig:avif\/https:\/\/oidaeditorial.com\/wp-content\/uploads\/2024\/11\/9788412694086-scaled.png 1024w, https:\/\/mlfuar0h46fq.i.optimole.com\/w:150\/h:150\/q:mauto\/rt:fill\/g:ce\/ig:avif\/https:\/\/oidaeditorial.com\/wp-content\/uploads\/2024\/11\/9788412694086-scaled.png 150w, https:\/\/mlfuar0h46fq.i.optimole.com\/w:600\/h:600\/q:mauto\/rt:fill\/g:ce\/ig:avif\/https:\/\/oidaeditorial.com\/wp-content\/uploads\/2024\/11\/9788412694086-scaled.png 768w, https:\/\/mlfuar0h46fq.i.optimole.com\/w:600\/h:600\/q:mauto\/rt:fill\/g:ce\/ig:avif\/https:\/\/oidaeditorial.com\/wp-content\/uploads\/2024\/11\/9788412694086-scaled.png 1536w, https:\/\/mlfuar0h46fq.i.optimole.com\/w:600\/h:600\/q:mauto\/rt:fill\/g:ce\/ig:avif\/https:\/\/oidaeditorial.com\/wp-content\/uploads\/2024\/11\/9788412694086-scaled.png 2048w, https:\/\/mlfuar0h46fq.i.optimole.com\/w:600\/h:600\/q:mauto\/rt:fill\/g:ce\/ig:avif\/https:\/\/oidaeditorial.com\/wp-content\/uploads\/2024\/11\/9788412694086-scaled.png 1320w, https:\/\/mlfuar0h46fq.i.optimole.com\/w:600\/h:600\/q:mauto\/rt:fill\/g:ce\/ig:avif\/https:\/\/oidaeditorial.com\/wp-content\/uploads\/2024\/11\/9788412694086-scaled.png 600w, https:\/\/mlfuar0h46fq.i.optimole.com\/w:100\/h:100\/q:mauto\/rt:fill\/g:ce\/ig:avif\/dpr:2\/https:\/\/oidaeditorial.com\/wp-content\/uploads\/2024\/11\/9788412694086-scaled.png 100w\" sizes=\"(max-width: 300px) 100vw, 300px\" \/><\/div>\n\t\t\t\t\t<div class=\"wc-block-grid__product-title\">&#8216;Irse de casa (mapa-poema para ni\u00f1as que se portan mal)&#8217;, de Lola Fern\u00e1ndez de Sevilla<\/div>\n\t\t\t\t<\/a>\n\t\t\t\t<div class=\"wc-block-grid__product-price price\"><del aria-hidden=\"true\"><span class=\"woocommerce-Price-amount amount\">12,99&nbsp;<span class=\"woocommerce-Price-currencySymbol\">&euro;<\/span><\/span><\/del> <span class=\"screen-reader-text\">El precio original era: 12,99&nbsp;&euro;.<\/span><ins aria-hidden=\"true\"><span class=\"woocommerce-Price-amount amount\">11,69&nbsp;<span class=\"woocommerce-Price-currencySymbol\">&euro;<\/span><\/span><\/ins><span class=\"screen-reader-text\">El precio actual es: 11,69&nbsp;&euro;.<\/span> <small class=\"woocommerce-price-suffix\">(4% IVA incluido)<\/small><\/div>\n\t\t\t\t\n\t\t\t\t<div class=\"wp-block-button wc-block-grid__product-add-to-cart\"><a href=\"\/index.php\/wp-json\/wp\/v2\/pages\/664?add-to-cart=875\" aria-label=\"A\u00f1adir al carrito: &ldquo;&#039;Irse de casa (mapa-poema para ni\u00f1as que se portan mal)&#039;, de Lola Fern\u00e1ndez de Sevilla&rdquo;\" data-quantity=\"1\" data-product_id=\"875\" data-product_sku=\"\" data-price=\"11.69\" rel=\"nofollow\" class=\"wp-block-button__link wp-element-button add_to_cart_button ajax_add_to_cart\">A\u00f1adir al carrito<\/a><\/div>\n\t\t\t<\/li><li class=\"wc-block-grid__product\">\n\t\t\t\t<a href=\"https:\/\/oidaeditorial.com\/index.php\/producto\/audiollibre-teatral-judes-trait-gerard-bidegain\/\" class=\"wc-block-grid__product-link\">\n\t\t\t\t\t\n\t\t\t\t\t<div class=\"wc-block-grid__product-image\"><img data-opt-id=337626598  data-opt-src=\"https:\/\/mlfuar0h46fq.i.optimole.com\/w:300\/h:300\/q:mauto\/rt:fill\/g:ce\/ig:avif\/https:\/\/oidaeditorial.com\/wp-content\/uploads\/2024\/11\/9788412694079-1.png\"  decoding=\"async\" width=\"300\" height=\"300\" src=\"data:image/svg+xml,%3Csvg%20viewBox%3D%220%200%20300%20300%22%20width%3D%22300%22%20height%3D%22300%22%20xmlns%3D%22http%3A%2F%2Fwww.w3.org%2F2000%2Fsvg%22%3E%3Crect%20width%3D%22300%22%20height%3D%22300%22%20fill%3D%22transparent%22%2F%3E%3C%2Fsvg%3E\" class=\"attachment-woocommerce_thumbnail size-woocommerce_thumbnail\" alt=\"&#039;Judes tra\u00eft&#039;, de Gerard Bidegain i Figuerola\" old-srcset=\"https:\/\/mlfuar0h46fq.i.optimole.com\/w:300\/h:300\/q:mauto\/rt:fill\/g:ce\/ig:avif\/https:\/\/oidaeditorial.com\/wp-content\/uploads\/2024\/11\/9788412694079-1-scaled.png 300w, https:\/\/mlfuar0h46fq.i.optimole.com\/w:600\/h:600\/q:mauto\/rt:fill\/g:ce\/ig:avif\/https:\/\/oidaeditorial.com\/wp-content\/uploads\/2024\/11\/9788412694079-1-scaled.png 1024w, https:\/\/mlfuar0h46fq.i.optimole.com\/w:150\/h:150\/q:mauto\/rt:fill\/g:ce\/ig:avif\/https:\/\/oidaeditorial.com\/wp-content\/uploads\/2024\/11\/9788412694079-1-scaled.png 150w, https:\/\/mlfuar0h46fq.i.optimole.com\/w:600\/h:600\/q:mauto\/rt:fill\/g:ce\/ig:avif\/https:\/\/oidaeditorial.com\/wp-content\/uploads\/2024\/11\/9788412694079-1-scaled.png 768w, https:\/\/mlfuar0h46fq.i.optimole.com\/w:600\/h:600\/q:mauto\/rt:fill\/g:ce\/ig:avif\/https:\/\/oidaeditorial.com\/wp-content\/uploads\/2024\/11\/9788412694079-1-scaled.png 1536w, https:\/\/mlfuar0h46fq.i.optimole.com\/w:600\/h:600\/q:mauto\/rt:fill\/g:ce\/ig:avif\/https:\/\/oidaeditorial.com\/wp-content\/uploads\/2024\/11\/9788412694079-1-scaled.png 2048w, https:\/\/mlfuar0h46fq.i.optimole.com\/w:600\/h:600\/q:mauto\/rt:fill\/g:ce\/ig:avif\/https:\/\/oidaeditorial.com\/wp-content\/uploads\/2024\/11\/9788412694079-1-scaled.png 1320w, https:\/\/mlfuar0h46fq.i.optimole.com\/w:600\/h:600\/q:mauto\/rt:fill\/g:ce\/ig:avif\/https:\/\/oidaeditorial.com\/wp-content\/uploads\/2024\/11\/9788412694079-1-scaled.png 600w, https:\/\/mlfuar0h46fq.i.optimole.com\/w:100\/h:100\/q:mauto\/rt:fill\/g:ce\/ig:avif\/dpr:2\/https:\/\/oidaeditorial.com\/wp-content\/uploads\/2024\/11\/9788412694079-1-scaled.png 100w\" \/><\/div>\n\t\t\t\t\t<div class=\"wc-block-grid__product-title\">&#8216;Judes tra\u00eft&#8217;, de Gerard Bidegain i Figuerola<\/div>\n\t\t\t\t<\/a>\n\t\t\t\t<div class=\"wc-block-grid__product-price price\"><span class=\"woocommerce-Price-amount amount\">9,99&nbsp;<span class=\"woocommerce-Price-currencySymbol\">&euro;<\/span><\/span> <small class=\"woocommerce-price-suffix\">(4% IVA incluido)<\/small><\/div>\n\t\t\t\t\n\t\t\t\t<div class=\"wp-block-button wc-block-grid__product-add-to-cart\"><a href=\"\/index.php\/wp-json\/wp\/v2\/pages\/664?add-to-cart=840\" aria-label=\"A\u00f1adir al carrito: &ldquo;&#039;Judes tra\u00eft&#039;, de Gerard Bidegain i Figuerola&rdquo;\" data-quantity=\"1\" data-product_id=\"840\" data-product_sku=\"\" data-price=\"9.99\" rel=\"nofollow\" class=\"wp-block-button__link wp-element-button add_to_cart_button ajax_add_to_cart\">A\u00f1adir al carrito<\/a><\/div>\n\t\t\t<\/li><li class=\"wc-block-grid__product\">\n\t\t\t\t<a href=\"https:\/\/oidaeditorial.com\/index.php\/producto\/audiollibre-teatre-infantil-7-parells-de-peus-de-ruth-vilar\/\" class=\"wc-block-grid__product-link\">\n\t\t\t\t\t\n\t\t\t\t\t<div class=\"wc-block-grid__product-image\"><img data-opt-id=811582047  data-opt-src=\"https:\/\/mlfuar0h46fq.i.optimole.com\/w:300\/h:300\/q:mauto\/rt:fill\/g:ce\/ig:avif\/https:\/\/oidaeditorial.com\/wp-content\/uploads\/2024\/08\/9788412694024-500.png\"  decoding=\"async\" width=\"300\" height=\"300\" src=\"data:image/svg+xml,%3Csvg%20viewBox%3D%220%200%20300%20300%22%20width%3D%22300%22%20height%3D%22300%22%20xmlns%3D%22http%3A%2F%2Fwww.w3.org%2F2000%2Fsvg%22%3E%3Crect%20width%3D%22300%22%20height%3D%22300%22%20fill%3D%22transparent%22%2F%3E%3C%2Fsvg%3E\" class=\"attachment-woocommerce_thumbnail size-woocommerce_thumbnail\" alt=\"&#039;7 parells de peus&#039;, de Ruth Vilar\" old-srcset=\"https:\/\/mlfuar0h46fq.i.optimole.com\/w:300\/h:300\/q:mauto\/rt:fill\/g:ce\/ig:avif\/https:\/\/oidaeditorial.com\/wp-content\/uploads\/2024\/08\/9788412694024-500.png 300w, https:\/\/mlfuar0h46fq.i.optimole.com\/w:150\/h:150\/q:mauto\/rt:fill\/g:ce\/ig:avif\/https:\/\/oidaeditorial.com\/wp-content\/uploads\/2024\/08\/9788412694024-500.png 150w, https:\/\/mlfuar0h46fq.i.optimole.com\/w:100\/h:100\/q:mauto\/rt:fill\/g:ce\/ig:avif\/dpr:2\/https:\/\/oidaeditorial.com\/wp-content\/uploads\/2024\/08\/9788412694024-500.png 100w, https:\/\/mlfuar0h46fq.i.optimole.com\/w:500\/h:500\/q:mauto\/rt:fill\/g:ce\/ig:avif\/https:\/\/oidaeditorial.com\/wp-content\/uploads\/2024\/08\/9788412694024-500.png 500w\" \/><\/div>\n\t\t\t\t\t<div class=\"wc-block-grid__product-title\">&#8216;7 parells de peus&#8217;, de Ruth Vilar<\/div>\n\t\t\t\t<\/a>\n\t\t\t\t<div class=\"wc-block-grid__product-price price\"><span class=\"woocommerce-Price-amount amount\">12,99&nbsp;<span class=\"woocommerce-Price-currencySymbol\">&euro;<\/span><\/span> <small class=\"woocommerce-price-suffix\">(4% IVA incluido)<\/small><\/div>\n\t\t\t\t\n\t\t\t\t<div class=\"wp-block-button wc-block-grid__product-add-to-cart\"><a href=\"\/index.php\/wp-json\/wp\/v2\/pages\/664?add-to-cart=674\" aria-label=\"A\u00f1adir al carrito: &ldquo;&#039;7 parells de peus&#039;, de Ruth Vilar&rdquo;\" data-quantity=\"1\" data-product_id=\"674\" data-product_sku=\"\" data-price=\"12.99\" rel=\"nofollow\" class=\"wp-block-button__link wp-element-button add_to_cart_button ajax_add_to_cart\">A\u00f1adir al carrito<\/a><\/div>\n\t\t\t<\/li><\/ul><\/div><\/div>\n<\/div>\n","protected":false},"excerpt":{"rendered":"","protected":false},"author":1,"featured_media":0,"parent":0,"menu_order":0,"comment_status":"closed","ping_status":"closed","template":"","meta":{"footnotes":""},"class_list":["post-664","page","type-page","status-publish","hentry"],"_links":{"self":[{"href":"https:\/\/oidaeditorial.com\/index.php\/wp-json\/wp\/v2\/pages\/664","targetHints":{"allow":["GET"]}}],"collection":[{"href":"https:\/\/oidaeditorial.com\/index.php\/wp-json\/wp\/v2\/pages"}],"about":[{"href":"https:\/\/oidaeditorial.com\/index.php\/wp-json\/wp\/v2\/types\/page"}],"author":[{"embeddable":true,"href":"https:\/\/oidaeditorial.com\/index.php\/wp-json\/wp\/v2\/users\/1"}],"replies":[{"embeddable":true,"href":"https:\/\/oidaeditorial.com\/index.php\/wp-json\/wp\/v2\/comments?post=664"}],"version-history":[{"count":2,"href":"https:\/\/oidaeditorial.com\/index.php\/wp-json\/wp\/v2\/pages\/664\/revisions"}],"predecessor-version":[{"id":684,"href":"https:\/\/oidaeditorial.com\/index.php\/wp-json\/wp\/v2\/pages\/664\/revisions\/684"}],"wp:attachment":[{"href":"https:\/\/oidaeditorial.com\/index.php\/wp-json\/wp\/v2\/media?parent=664"}],"curies":[{"name":"wp","href":"https:\/\/api.w.org\/{rel}","templated":true}]}}