{"id":609,"date":"2024-05-23T12:25:03","date_gmt":"2024-05-23T12:25:03","guid":{"rendered":"https:\/\/oidaeditorial.com\/?page_id=609"},"modified":"2024-11-22T17:23:57","modified_gmt":"2024-11-22T17:23:57","slug":"julio-fernandez-pelaez","status":"publish","type":"page","link":"https:\/\/oidaeditorial.com\/index.php\/autores\/julio-fernandez-pelaez\/","title":{"rendered":"Julio Fern\u00e1ndez Pel\u00e1ez"},"content":{"rendered":"\n<div class=\"wp-block-media-text is-stacked-on-mobile\" style=\"grid-template-columns:45% auto\"><figure class=\"wp-block-media-text__media\"><img data-opt-id=591629515  fetchpriority=\"high\" decoding=\"async\" width=\"1024\" height=\"1024\" src=\"https:\/\/mlfuar0h46fq.i.optimole.com\/w:600\/h:600\/q:mauto\/ig:avif\/https:\/\/oidaeditorial.com\/wp-content\/uploads\/2024\/05\/Julio-Fernandez-Pelaez_autor.jpg\" alt=\"\" class=\"wp-image-596 size-full\" srcset=\"https:\/\/mlfuar0h46fq.i.optimole.com\/w:600\/h:600\/q:mauto\/ig:avif\/https:\/\/oidaeditorial.com\/wp-content\/uploads\/2024\/05\/Julio-Fernandez-Pelaez_autor.jpg 1024w, https:\/\/mlfuar0h46fq.i.optimole.com\/w:300\/h:300\/q:mauto\/ig:avif\/https:\/\/oidaeditorial.com\/wp-content\/uploads\/2024\/05\/Julio-Fernandez-Pelaez_autor.jpg 300w, https:\/\/mlfuar0h46fq.i.optimole.com\/w:150\/h:150\/q:mauto\/ig:avif\/https:\/\/oidaeditorial.com\/wp-content\/uploads\/2024\/05\/Julio-Fernandez-Pelaez_autor.jpg 150w, https:\/\/mlfuar0h46fq.i.optimole.com\/w:600\/h:600\/q:mauto\/ig:avif\/https:\/\/oidaeditorial.com\/wp-content\/uploads\/2024\/05\/Julio-Fernandez-Pelaez_autor.jpg 768w, https:\/\/mlfuar0h46fq.i.optimole.com\/w:600\/h:600\/q:mauto\/ig:avif\/https:\/\/oidaeditorial.com\/wp-content\/uploads\/2024\/05\/Julio-Fernandez-Pelaez_autor.jpg 1536w, https:\/\/mlfuar0h46fq.i.optimole.com\/w:600\/h:600\/q:mauto\/ig:avif\/https:\/\/oidaeditorial.com\/wp-content\/uploads\/2024\/05\/Julio-Fernandez-Pelaez_autor.jpg 1956w\" sizes=\"(max-width: 1000px) 100vw, 1000px\" \/><\/figure><div class=\"wp-block-media-text__content\">\n<p>Si le preguntas a Julio sobre lo que hace te dir\u00e1 que pensar en qu\u00e9 hacer: y as\u00ed transcurren los d\u00edas para \u00e9l, inventando, es decir: tratando de dar vida a lo que pasa por su cabeza, o dicho de otro modo, probando a hacer, que es como pensar pero con el cuerpo, y sobre todo con las manos.<\/p>\n<\/div><\/div>\n\n\n\n<p>De este amor por el arte, donde el teatro ocupa gran parte del tiempo, nace el af\u00e1n por la escritura, pero tambi\u00e9n de la libertad que busca, esa que solo es posible cambiando el medio y aceptando que la palabra es un veh\u00edculo libre de cargas pero tambi\u00e9n una puerta a lo invisible.<\/p>\n\n\n\n<p>Escribo teatro, te dir\u00e1 Julio, porque es un acto compartido en el que quien recibe participa en la donaci\u00f3n, y en ese encuentro se produce la magia del alumbramiento: lo que ah\u00ed nace, muere para dar calor, un poco de calor.<\/p>\n\n\n\n<p>El universo que Julio construye se parece a un armario sin fondo, lleno de cosas in\u00fatiles que nos invitan a mirar otras cosas, un universo un tanto inveros\u00edmil, herido por los accidentes, con orificios que nos permiten adivinar paisajes, con \u00e1rboles, muchos \u00e1rboles, porque en sus ramas hacen los nidos de qui\u00e9n sabe cu\u00e1ntos p\u00e1jaros, con nubes que circulan y se transforman, con gotas de agua que caen para producir silencio, con palabras de entusiasmo, y tambi\u00e9n con fracasos sin importancia, como son todos los fracasos mientras el coraz\u00f3n late.<\/p>\n\n\n\n<p>Julio, todav\u00eda ni\u00f1o, juega a no perderse para seguir aprendiendo.<\/p>\n\n\n\n<div style=\"height:30px\" aria-hidden=\"true\" class=\"wp-block-spacer\"><\/div>\n\n\n\n<figure class=\"wp-block-image aligncenter size-full is-resized\"><a href=\"https:\/\/oidaeditorial.com\/index.php\/publicaciones\/heredaras-el-cosmos-el-estremecimiento-de-julio-fernandez-pelaez-audiolibro-teatral\/\"><img data-opt-id=18290855  fetchpriority=\"high\" decoding=\"async\" width=\"500\" height=\"500\" src=\"https:\/\/mlfuar0h46fq.i.optimole.com\/w:auto\/h:auto\/q:mauto\/ig:avif\/https:\/\/oidaeditorial.com\/wp-content\/uploads\/2023\/12\/Heredaras-el-cosmos_proximamente-pedidos.png\" alt=\"Heredar\u00e1s el cosmos (el estremecimiento) de Julio Fern\u00e1ndez Pel\u00e1ez\" class=\"wp-image-507\" style=\"object-fit:cover;width:400px;height:400px\" srcset=\"https:\/\/mlfuar0h46fq.i.optimole.com\/w:500\/h:500\/q:mauto\/ig:avif\/https:\/\/oidaeditorial.com\/wp-content\/uploads\/2023\/12\/Heredaras-el-cosmos_proximamente-pedidos.png 500w, https:\/\/mlfuar0h46fq.i.optimole.com\/w:300\/h:300\/q:mauto\/ig:avif\/https:\/\/oidaeditorial.com\/wp-content\/uploads\/2023\/12\/Heredaras-el-cosmos_proximamente-pedidos.png 300w, https:\/\/mlfuar0h46fq.i.optimole.com\/w:150\/h:150\/q:mauto\/ig:avif\/https:\/\/oidaeditorial.com\/wp-content\/uploads\/2023\/12\/Heredaras-el-cosmos_proximamente-pedidos.png 150w\" sizes=\"(max-width: 500px) 100vw, 500px\" \/><\/a><\/figure>\n\n\n\n<p><br>Entre muchas otras obras llenas de belleza, emoci\u00f3n y verdad, Julio ha escrito <em><a href=\"https:\/\/oidaeditorial.com\/index.php\/publicaciones\/heredaras-el-cosmos-el-estremecimiento-de-julio-fernandez-pelaez-audiolibro-teatral\/\">Heredar\u00e1s el cosmos (el estremecimiento)<\/a><\/em>.<\/p>\n\n\n\n<div style=\"height:50px\" aria-hidden=\"true\" class=\"wp-block-spacer\"><\/div>\n\n\n\n<h3 class=\"wp-block-heading has-text-align-center\">OID\u00c0 EDITORIAL \u00b7 Audiolibro teatral<\/h3>\n","protected":false},"excerpt":{"rendered":"<p>Si le preguntas a Julio sobre lo que hace te dir\u00e1 que pensar en qu\u00e9 hacer: y as\u00ed transcurren los d\u00edas para \u00e9l, inventando, es decir: tratando de dar vida a lo que pasa por su cabeza, o dicho de otro modo, probando a hacer, que es como pensar pero con el cuerpo, y sobre [&hellip;]<\/p>\n","protected":false},"author":1,"featured_media":0,"parent":591,"menu_order":0,"comment_status":"closed","ping_status":"closed","template":"","meta":{"footnotes":""},"class_list":["post-609","page","type-page","status-publish","hentry"],"_links":{"self":[{"href":"https:\/\/oidaeditorial.com\/index.php\/wp-json\/wp\/v2\/pages\/609","targetHints":{"allow":["GET"]}}],"collection":[{"href":"https:\/\/oidaeditorial.com\/index.php\/wp-json\/wp\/v2\/pages"}],"about":[{"href":"https:\/\/oidaeditorial.com\/index.php\/wp-json\/wp\/v2\/types\/page"}],"author":[{"embeddable":true,"href":"https:\/\/oidaeditorial.com\/index.php\/wp-json\/wp\/v2\/users\/1"}],"replies":[{"embeddable":true,"href":"https:\/\/oidaeditorial.com\/index.php\/wp-json\/wp\/v2\/comments?post=609"}],"version-history":[{"count":2,"href":"https:\/\/oidaeditorial.com\/index.php\/wp-json\/wp\/v2\/pages\/609\/revisions"}],"predecessor-version":[{"id":813,"href":"https:\/\/oidaeditorial.com\/index.php\/wp-json\/wp\/v2\/pages\/609\/revisions\/813"}],"up":[{"embeddable":true,"href":"https:\/\/oidaeditorial.com\/index.php\/wp-json\/wp\/v2\/pages\/591"}],"wp:attachment":[{"href":"https:\/\/oidaeditorial.com\/index.php\/wp-json\/wp\/v2\/media?parent=609"}],"curies":[{"name":"wp","href":"https:\/\/api.w.org\/{rel}","templated":true}]}}