{"id":602,"date":"2024-05-23T12:18:04","date_gmt":"2024-05-23T12:18:04","guid":{"rendered":"https:\/\/oidaeditorial.com\/?page_id=602"},"modified":"2024-11-30T16:05:59","modified_gmt":"2024-11-30T16:05:59","slug":"nieves-rodriguez-rodriguez","status":"publish","type":"page","link":"https:\/\/oidaeditorial.com\/index.php\/autores\/nieves-rodriguez-rodriguez\/","title":{"rendered":"Nieves Rodr\u00edguez Rodr\u00edguez"},"content":{"rendered":"\n<div class=\"wp-block-media-text is-stacked-on-mobile\" style=\"grid-template-columns:45% auto\"><figure class=\"wp-block-media-text__media\"><img data-opt-id=393141761  fetchpriority=\"high\" decoding=\"async\" width=\"1024\" height=\"1024\" src=\"https:\/\/mlfuar0h46fq.i.optimole.com\/w:600\/h:600\/q:mauto\/ig:avif\/https:\/\/oidaeditorial.com\/wp-content\/uploads\/2024\/05\/Nieves-Rodriguez-Rodriguez_autora.jpg\" alt=\"\" class=\"wp-image-595 size-full\" srcset=\"https:\/\/mlfuar0h46fq.i.optimole.com\/w:600\/h:600\/q:mauto\/ig:avif\/https:\/\/oidaeditorial.com\/wp-content\/uploads\/2024\/05\/Nieves-Rodriguez-Rodriguez_autora.jpg 1024w, https:\/\/mlfuar0h46fq.i.optimole.com\/w:300\/h:300\/q:mauto\/ig:avif\/https:\/\/oidaeditorial.com\/wp-content\/uploads\/2024\/05\/Nieves-Rodriguez-Rodriguez_autora.jpg 300w, https:\/\/mlfuar0h46fq.i.optimole.com\/w:150\/h:150\/q:mauto\/ig:avif\/https:\/\/oidaeditorial.com\/wp-content\/uploads\/2024\/05\/Nieves-Rodriguez-Rodriguez_autora.jpg 150w, https:\/\/mlfuar0h46fq.i.optimole.com\/w:600\/h:600\/q:mauto\/ig:avif\/https:\/\/oidaeditorial.com\/wp-content\/uploads\/2024\/05\/Nieves-Rodriguez-Rodriguez_autora.jpg 768w, https:\/\/mlfuar0h46fq.i.optimole.com\/w:600\/h:600\/q:mauto\/ig:avif\/https:\/\/oidaeditorial.com\/wp-content\/uploads\/2024\/05\/Nieves-Rodriguez-Rodriguez_autora.jpg 1536w, https:\/\/mlfuar0h46fq.i.optimole.com\/w:600\/h:600\/q:mauto\/ig:avif\/https:\/\/oidaeditorial.com\/wp-content\/uploads\/2024\/05\/Nieves-Rodriguez-Rodriguez_autora.jpg 2048w\" sizes=\"(max-width: 1000px) 100vw, 1000px\" \/><\/figure><div class=\"wp-block-media-text__content\">\n<p>Doctora en Periodismo por la UCM, Licenciada en Dramaturgia por la RESAD y M\u00e1ster en Escritura Creativa por la UCM. <br><br>Ha escrito<strong> <em><a href=\"https:\/\/oidaeditorial.com\/index.php\/publicaciones\/lo-que-vuelve-a-casa-y-otros-arboles-de-nieves-rodriguez-rodriguez\/\">Lo que vuelve a casa (y otros \u00e1rboles)<\/a><\/em><\/strong>, obra galardonada con el Premio SGAE de Teatro Infantil 2017, publicada por ANAYA Sopa de Libros y Oid\u00e0 Editorial.<\/p>\n<\/div><\/div>\n\n\n\n<p>Tambi\u00e9n ha escrito y publicado, entre otros textos, <em>Eres ni\u00f1a y eres cuervo y tienes cien a\u00f1os<\/em> (Ediciones Ant\u00edgona, 2023), <em>Mi sue\u00f1o de invierno<\/em> (XXII Premio ASSITEJ de Teatro para la Infancia y la Juventud, 2022), <em>Aqu\u00ed duermen ciervos<\/em> (II Premio Ana Diosdado de la Fundaci\u00f3n SGAE, 2020), <em>La siembra de los n\u00fameros<\/em> (Premio XXIX de Textos Teatrales para P\u00fablico Infantil de la Escuela Navarra de Teatro. Publicado por ASSITEJ Espa\u00f1a, 2020), <em>A veces veo voces<\/em> (palabra quemada) junto a Mar G\u00f3mez Glez (Ayuda Carlota Soldevila de Textos Dram\u00e1ticos del Teatre Lliure de Barcelona, 2020), <em>Tambi\u00e9n est\u00e1s aqu\u00ed <\/em>(Beca \u201cArt for Change\u201d de la Fundaci\u00f3n La Caixa, 2019), <em>Cr\u00e1neo rojo sobre fondo sue\u00f1o<\/em> (Beca VII Laboratorio de Escritura Teatral Fundaci\u00f3n SGAE, 2019), <em>Libro de la utop\u00eda<\/em> (<em>Teatro contra el olvido<\/em>, NTF y <em>Primer Acto<\/em>, 2019), <em>La tumba de Mar\u00eda Zambrano<\/em> \u2013pieza po\u00e9tica en un sue\u00f1o\u2013 (Estrenada en el CDN y publicada por el INAEM en su colecci\u00f3n Autores en el Centro, 2018), <em>Una cerilla mi cabeza<\/em> (Finalista II Premio Internacional de Dramaturgia Invasora, 2018. Publicada en Ediciones Invasoras, Vigo y Becada en Residencia Creador.es, Valencia, 2015), <em>Por toda la hermosura (cartograf\u00eda textual para un jueves)<\/em> (Beca Escritos en la Escena del Laboratorio Rivas Cherif del CDN, 2017); <em>Semillas bajo las u\u00f1as<\/em> (Becada en IV Programa de Desarrollo de Dramaturgias Actuales del INAEM, 2015) o <em>La ara\u00f1a del cerebro<\/em> (V Premio de Textos Teatrales Jes\u00fas Dom\u00ednguez, 2014). <\/p>\n\n\n\n<div style=\"height:30px\" aria-hidden=\"true\" class=\"wp-block-spacer\"><\/div>\n\n\n\n<figure class=\"wp-block-image aligncenter size-large is-resized\"><a href=\"https:\/\/oidaeditorial.com\/index.php\/publicaciones\/lo-que-vuelve-a-casa-y-otros-arboles-de-nieves-rodriguez-rodriguez\/\"><img data-opt-id=1566898535  fetchpriority=\"high\" decoding=\"async\" src=\"https:\/\/mlfuar0h46fq.i.optimole.com\/w:600\/h:600\/q:mauto\/ig:avif\/https:\/\/oidaeditorial.com\/wp-content\/uploads\/2024\/09\/9788412694062-cubierta-audiolibro.jpg\" alt=\"\" class=\"wp-image-784\" style=\"object-fit:cover;width:400px;height:400px\"\/><\/a><\/figure>\n\n\n\n<p><br>Algunas de sus obras se han estrenado en Venezuela, Colombia, Buenos Aires o M\u00e9xico, en diferentes Festivales Internacionales.<br><br>Asimismo, es Investigadora Margarita Salas en la Universidad de Alcal\u00e1 dentro de GILCO (Grupo de Investigaci\u00f3n en Literatura Contempor\u00e1nea). Ha escrito la versi\u00f3n literaria de <em>La tumba de Ant\u00edgona<\/em> de Mar\u00eda Zambrano, de cuyo pensamiento es especialista, para el 68\u00ba Festival Internacional de Teatro Cl\u00e1sico de M\u00e9rida y la Compa\u00f1\u00eda Karlik Danza Teatro (2022) y publicada en <em>Libro de Ant\u00edgona<\/em> (2023) por la Editorial Primer Acto. Y forma parte de los Consejos de Redacci\u00f3n de <em>Primer Acto<\/em> (cuadernos de investigaci\u00f3n teatral), <em>Las puertas del drama<\/em> (AAT) y <em>Don Gal\u00e1n<\/em> (CDAEM).<\/p>\n\n\n\n<div style=\"height:50px\" aria-hidden=\"true\" class=\"wp-block-spacer\"><\/div>\n\n\n\n<h3 class=\"wp-block-heading has-text-align-center\">OID\u00c0 EDITORIAL \u00b7 Audiolibro teatral<\/h3>\n","protected":false},"excerpt":{"rendered":"<p>Doctora en Periodismo por la UCM, Licenciada en Dramaturgia por la RESAD y M\u00e1ster en Escritura Creativa por la UCM. Ha escrito Lo que vuelve a casa (y otros \u00e1rboles), obra galardonada con el Premio SGAE de Teatro Infantil 2017, publicada por ANAYA Sopa de Libros y Oid\u00e0 Editorial. Tambi\u00e9n ha escrito y publicado, entre [&hellip;]<\/p>\n","protected":false},"author":1,"featured_media":0,"parent":591,"menu_order":0,"comment_status":"closed","ping_status":"closed","template":"","meta":{"footnotes":""},"class_list":["post-602","page","type-page","status-publish","hentry"],"_links":{"self":[{"href":"https:\/\/oidaeditorial.com\/index.php\/wp-json\/wp\/v2\/pages\/602","targetHints":{"allow":["GET"]}}],"collection":[{"href":"https:\/\/oidaeditorial.com\/index.php\/wp-json\/wp\/v2\/pages"}],"about":[{"href":"https:\/\/oidaeditorial.com\/index.php\/wp-json\/wp\/v2\/types\/page"}],"author":[{"embeddable":true,"href":"https:\/\/oidaeditorial.com\/index.php\/wp-json\/wp\/v2\/users\/1"}],"replies":[{"embeddable":true,"href":"https:\/\/oidaeditorial.com\/index.php\/wp-json\/wp\/v2\/comments?post=602"}],"version-history":[{"count":9,"href":"https:\/\/oidaeditorial.com\/index.php\/wp-json\/wp\/v2\/pages\/602\/revisions"}],"predecessor-version":[{"id":855,"href":"https:\/\/oidaeditorial.com\/index.php\/wp-json\/wp\/v2\/pages\/602\/revisions\/855"}],"up":[{"embeddable":true,"href":"https:\/\/oidaeditorial.com\/index.php\/wp-json\/wp\/v2\/pages\/591"}],"wp:attachment":[{"href":"https:\/\/oidaeditorial.com\/index.php\/wp-json\/wp\/v2\/media?parent=602"}],"curies":[{"name":"wp","href":"https:\/\/api.w.org\/{rel}","templated":true}]}}