{"id":591,"date":"2024-05-23T10:11:13","date_gmt":"2024-05-23T10:11:13","guid":{"rendered":"https:\/\/oidaeditorial.com\/?page_id=591"},"modified":"2024-11-30T17:44:44","modified_gmt":"2024-11-30T17:44:44","slug":"autores","status":"publish","type":"page","link":"https:\/\/oidaeditorial.com\/index.php\/autores\/","title":{"rendered":"Autores"},"content":{"rendered":"\n<div class=\"wp-block-media-text has-media-on-the-right is-stacked-on-mobile\" style=\"grid-template-columns:auto 43%\"><div class=\"wp-block-media-text__content\">\n<p class=\"has-text-align-center\"><strong>LOLA FERN\u00c1NDEZ DE SEVILLA<\/strong><\/p>\n\n\n\n<p class=\"has-text-align-center\"><em><a href=\"https:\/\/oidaeditorial.com\/index.php\/publicaciones\/irse-de-casa-lola-f-de-sevilla-audiolibro-teatral-infantil\/\" target=\"_blank\" rel=\"noreferrer noopener\">Irse de casa (mapa-poema para ni\u00f1as que se portan mal)<\/a><\/em><\/p>\n<\/div><figure class=\"wp-block-media-text__media\"><a href=\"https:\/\/oidaeditorial.com\/index.php\/autores\/lola-fernandez-de-sevilla\/\" target=\"_blank\" rel=\" noreferrer noopener\"><img data-opt-id=1324389757  fetchpriority=\"high\" decoding=\"async\" width=\"1024\" height=\"1024\" src=\"https:\/\/mlfuar0h46fq.i.optimole.com\/w:600\/h:600\/q:mauto\/ig:avif\/https:\/\/oidaeditorial.com\/wp-content\/uploads\/2024\/11\/Lola-Fernandez-de-Sevilla_autora.jpg\" alt=\"\" class=\"wp-image-852 size-full\" srcset=\"https:\/\/mlfuar0h46fq.i.optimole.com\/w:600\/h:600\/q:mauto\/ig:avif\/https:\/\/oidaeditorial.com\/wp-content\/uploads\/2024\/11\/Lola-Fernandez-de-Sevilla_autora.jpg 1024w, https:\/\/mlfuar0h46fq.i.optimole.com\/w:300\/h:300\/q:mauto\/ig:avif\/https:\/\/oidaeditorial.com\/wp-content\/uploads\/2024\/11\/Lola-Fernandez-de-Sevilla_autora.jpg 300w, https:\/\/mlfuar0h46fq.i.optimole.com\/w:150\/h:150\/q:mauto\/ig:avif\/https:\/\/oidaeditorial.com\/wp-content\/uploads\/2024\/11\/Lola-Fernandez-de-Sevilla_autora.jpg 150w, https:\/\/mlfuar0h46fq.i.optimole.com\/w:600\/h:600\/q:mauto\/ig:avif\/https:\/\/oidaeditorial.com\/wp-content\/uploads\/2024\/11\/Lola-Fernandez-de-Sevilla_autora.jpg 768w, https:\/\/mlfuar0h46fq.i.optimole.com\/w:600\/h:600\/q:mauto\/ig:avif\/https:\/\/oidaeditorial.com\/wp-content\/uploads\/2024\/11\/Lola-Fernandez-de-Sevilla_autora.jpg 1536w, https:\/\/mlfuar0h46fq.i.optimole.com\/w:600\/h:600\/q:mauto\/ig:avif\/https:\/\/oidaeditorial.com\/wp-content\/uploads\/2024\/11\/Lola-Fernandez-de-Sevilla_autora.jpg 1320w, https:\/\/mlfuar0h46fq.i.optimole.com\/w:600\/h:600\/q:mauto\/ig:avif\/https:\/\/oidaeditorial.com\/wp-content\/uploads\/2024\/11\/Lola-Fernandez-de-Sevilla_autora.jpg 600w, https:\/\/mlfuar0h46fq.i.optimole.com\/w:100\/h:100\/q:mauto\/ig:avif\/dpr:2\/https:\/\/oidaeditorial.com\/wp-content\/uploads\/2024\/11\/Lola-Fernandez-de-Sevilla_autora.jpg 100w, https:\/\/mlfuar0h46fq.i.optimole.com\/w:600\/h:600\/q:mauto\/ig:avif\/https:\/\/oidaeditorial.com\/wp-content\/uploads\/2024\/11\/Lola-Fernandez-de-Sevilla_autora.jpg 1931w\" sizes=\"(max-width: 1000px) 100vw, 1000px\" \/><\/a><\/figure><\/div>\n\n\n\n<div style=\"height:41px\" aria-hidden=\"true\" class=\"wp-block-spacer\"><\/div>\n\n\n\n<div class=\"wp-block-media-text is-stacked-on-mobile\" style=\"grid-template-columns:45% auto\"><figure class=\"wp-block-media-text__media\"><a href=\"https:\/\/oidaeditorial.com\/index.php\/autores\/gerard-bidegain-i-figuerola\/\"><img data-opt-id=1838871194  fetchpriority=\"high\" decoding=\"async\" width=\"1024\" height=\"1024\" src=\"https:\/\/mlfuar0h46fq.i.optimole.com\/w:600\/h:600\/q:mauto\/ig:avif\/https:\/\/oidaeditorial.com\/wp-content\/uploads\/2024\/11\/Gerard-Bidegain-i-Figuerola-1_1.jpg\" alt=\"\" class=\"wp-image-810 size-full\" srcset=\"https:\/\/mlfuar0h46fq.i.optimole.com\/w:600\/h:600\/q:mauto\/ig:avif\/https:\/\/oidaeditorial.com\/wp-content\/uploads\/2024\/11\/Gerard-Bidegain-i-Figuerola-1_1-scaled.jpg 1024w, https:\/\/mlfuar0h46fq.i.optimole.com\/w:300\/h:300\/q:mauto\/ig:avif\/https:\/\/oidaeditorial.com\/wp-content\/uploads\/2024\/11\/Gerard-Bidegain-i-Figuerola-1_1-scaled.jpg 300w, https:\/\/mlfuar0h46fq.i.optimole.com\/w:150\/h:150\/q:mauto\/ig:avif\/https:\/\/oidaeditorial.com\/wp-content\/uploads\/2024\/11\/Gerard-Bidegain-i-Figuerola-1_1-scaled.jpg 150w, https:\/\/mlfuar0h46fq.i.optimole.com\/w:600\/h:600\/q:mauto\/ig:avif\/https:\/\/oidaeditorial.com\/wp-content\/uploads\/2024\/11\/Gerard-Bidegain-i-Figuerola-1_1-scaled.jpg 768w, https:\/\/mlfuar0h46fq.i.optimole.com\/w:600\/h:600\/q:mauto\/ig:avif\/https:\/\/oidaeditorial.com\/wp-content\/uploads\/2024\/11\/Gerard-Bidegain-i-Figuerola-1_1-scaled.jpg 1536w, https:\/\/mlfuar0h46fq.i.optimole.com\/w:600\/h:600\/q:mauto\/ig:avif\/https:\/\/oidaeditorial.com\/wp-content\/uploads\/2024\/11\/Gerard-Bidegain-i-Figuerola-1_1-scaled.jpg 2048w, https:\/\/mlfuar0h46fq.i.optimole.com\/w:600\/h:600\/q:mauto\/ig:avif\/https:\/\/oidaeditorial.com\/wp-content\/uploads\/2024\/11\/Gerard-Bidegain-i-Figuerola-1_1-scaled.jpg 1320w, https:\/\/mlfuar0h46fq.i.optimole.com\/w:600\/h:600\/q:mauto\/ig:avif\/https:\/\/oidaeditorial.com\/wp-content\/uploads\/2024\/11\/Gerard-Bidegain-i-Figuerola-1_1-scaled.jpg 600w, https:\/\/mlfuar0h46fq.i.optimole.com\/w:100\/h:100\/q:mauto\/ig:avif\/dpr:2\/https:\/\/oidaeditorial.com\/wp-content\/uploads\/2024\/11\/Gerard-Bidegain-i-Figuerola-1_1-scaled.jpg 100w\" sizes=\"(max-width: 1000px) 100vw, 1000px\" \/><\/a><\/figure><div class=\"wp-block-media-text__content\">\n<p class=\"has-text-align-center\"><strong>GERARD BIDEGAIN I FIGUEROLA<\/strong><\/p>\n\n\n\n<p class=\"has-text-align-center\"><em><a href=\"https:\/\/oidaeditorial.com\/index.php\/publicaciones\/judes-trait-gerard-bidegain-audiollibre-teatral\/\" target=\"_blank\" rel=\"noreferrer noopener\">Judes tra\u00eft<\/a><\/em><\/p>\n<\/div><\/div>\n\n\n\n<div style=\"height:41px\" aria-hidden=\"true\" class=\"wp-block-spacer\"><\/div>\n\n\n\n<div class=\"wp-block-media-text has-media-on-the-right is-stacked-on-mobile\" style=\"grid-template-columns:auto 43%\"><div class=\"wp-block-media-text__content\">\n<p class=\"has-text-align-center\"><strong>NIEVES RODR\u00cdGUEZ RODR\u00cdGUEZ<\/strong> <\/p>\n\n\n\n<p class=\"has-text-align-center\"><em><a href=\"https:\/\/oidaeditorial.com\/index.php\/publicaciones\/lo-que-vuelve-a-casa-y-otros-arboles-de-nieves-rodriguez-rodriguez\/\">Lo que vuelve a casa (y otros \u00e1rboles)<\/a><\/em><\/p>\n<\/div><figure class=\"wp-block-media-text__media\"><a href=\"https:\/\/oidaeditorial.com\/index.php\/autores\/nieves-rodriguez-rodriguez\/\"><img data-opt-id=393141761  data-opt-src=\"https:\/\/mlfuar0h46fq.i.optimole.com\/w:600\/h:600\/q:mauto\/ig:avif\/https:\/\/oidaeditorial.com\/wp-content\/uploads\/2024\/05\/Nieves-Rodriguez-Rodriguez_autora.jpg\"  decoding=\"async\" width=\"1024\" height=\"1024\" src=\"data:image/svg+xml,%3Csvg%20viewBox%3D%220%200%201024%201024%22%20width%3D%221024%22%20height%3D%221024%22%20xmlns%3D%22http%3A%2F%2Fwww.w3.org%2F2000%2Fsvg%22%3E%3Crect%20width%3D%221024%22%20height%3D%221024%22%20fill%3D%22transparent%22%2F%3E%3C%2Fsvg%3E\" alt=\"\" class=\"wp-image-595 size-full\" old-srcset=\"https:\/\/mlfuar0h46fq.i.optimole.com\/w:600\/h:600\/q:mauto\/ig:avif\/https:\/\/oidaeditorial.com\/wp-content\/uploads\/2024\/05\/Nieves-Rodriguez-Rodriguez_autora.jpg 1024w, https:\/\/mlfuar0h46fq.i.optimole.com\/w:300\/h:300\/q:mauto\/ig:avif\/https:\/\/oidaeditorial.com\/wp-content\/uploads\/2024\/05\/Nieves-Rodriguez-Rodriguez_autora.jpg 300w, https:\/\/mlfuar0h46fq.i.optimole.com\/w:150\/h:150\/q:mauto\/ig:avif\/https:\/\/oidaeditorial.com\/wp-content\/uploads\/2024\/05\/Nieves-Rodriguez-Rodriguez_autora.jpg 150w, https:\/\/mlfuar0h46fq.i.optimole.com\/w:600\/h:600\/q:mauto\/ig:avif\/https:\/\/oidaeditorial.com\/wp-content\/uploads\/2024\/05\/Nieves-Rodriguez-Rodriguez_autora.jpg 768w, https:\/\/mlfuar0h46fq.i.optimole.com\/w:600\/h:600\/q:mauto\/ig:avif\/https:\/\/oidaeditorial.com\/wp-content\/uploads\/2024\/05\/Nieves-Rodriguez-Rodriguez_autora.jpg 1536w, https:\/\/mlfuar0h46fq.i.optimole.com\/w:600\/h:600\/q:mauto\/ig:avif\/https:\/\/oidaeditorial.com\/wp-content\/uploads\/2024\/05\/Nieves-Rodriguez-Rodriguez_autora.jpg 2048w\" \/><\/a><\/figure><\/div>\n\n\n\n<div style=\"height:41px\" aria-hidden=\"true\" class=\"wp-block-spacer\"><\/div>\n\n\n\n<div class=\"wp-block-media-text is-stacked-on-mobile\" style=\"grid-template-columns:45% auto\"><figure class=\"wp-block-media-text__media\"><a href=\"https:\/\/oidaeditorial.com\/index.php\/julio-fernandez-pelaez\/\"><img data-opt-id=591629515  data-opt-src=\"https:\/\/mlfuar0h46fq.i.optimole.com\/w:600\/h:600\/q:mauto\/ig:avif\/https:\/\/oidaeditorial.com\/wp-content\/uploads\/2024\/05\/Julio-Fernandez-Pelaez_autor.jpg\"  decoding=\"async\" width=\"1024\" height=\"1024\" src=\"data:image/svg+xml,%3Csvg%20viewBox%3D%220%200%201024%201024%22%20width%3D%221024%22%20height%3D%221024%22%20xmlns%3D%22http%3A%2F%2Fwww.w3.org%2F2000%2Fsvg%22%3E%3Crect%20width%3D%221024%22%20height%3D%221024%22%20fill%3D%22transparent%22%2F%3E%3C%2Fsvg%3E\" alt=\"\" class=\"wp-image-596 size-full\" old-srcset=\"https:\/\/mlfuar0h46fq.i.optimole.com\/w:600\/h:600\/q:mauto\/ig:avif\/https:\/\/oidaeditorial.com\/wp-content\/uploads\/2024\/05\/Julio-Fernandez-Pelaez_autor.jpg 1024w, https:\/\/mlfuar0h46fq.i.optimole.com\/w:300\/h:300\/q:mauto\/ig:avif\/https:\/\/oidaeditorial.com\/wp-content\/uploads\/2024\/05\/Julio-Fernandez-Pelaez_autor.jpg 300w, https:\/\/mlfuar0h46fq.i.optimole.com\/w:150\/h:150\/q:mauto\/ig:avif\/https:\/\/oidaeditorial.com\/wp-content\/uploads\/2024\/05\/Julio-Fernandez-Pelaez_autor.jpg 150w, https:\/\/mlfuar0h46fq.i.optimole.com\/w:600\/h:600\/q:mauto\/ig:avif\/https:\/\/oidaeditorial.com\/wp-content\/uploads\/2024\/05\/Julio-Fernandez-Pelaez_autor.jpg 768w, https:\/\/mlfuar0h46fq.i.optimole.com\/w:600\/h:600\/q:mauto\/ig:avif\/https:\/\/oidaeditorial.com\/wp-content\/uploads\/2024\/05\/Julio-Fernandez-Pelaez_autor.jpg 1536w, https:\/\/mlfuar0h46fq.i.optimole.com\/w:600\/h:600\/q:mauto\/ig:avif\/https:\/\/oidaeditorial.com\/wp-content\/uploads\/2024\/05\/Julio-Fernandez-Pelaez_autor.jpg 1956w\" \/><\/a><\/figure><div class=\"wp-block-media-text__content\">\n<p class=\"has-text-align-center\"><strong>JULIO FERN\u00c1NDEZ PEL\u00c1EZ<\/strong><\/p>\n\n\n\n<p class=\"has-text-align-center\"><a href=\"https:\/\/oidaeditorial.com\/index.php\/publicaciones\/heredaras-el-cosmos-el-estremecimiento-de-julio-fernandez-pelaez-audiolibro-teatral\/\" target=\"_blank\" rel=\"noreferrer noopener\"><em>Heredar\u00e1s el cosmos (el estremecimiento)<\/em><\/a><\/p>\n<\/div><\/div>\n\n\n\n<div style=\"height:41px\" aria-hidden=\"true\" class=\"wp-block-spacer\"><\/div>\n\n\n\n<div class=\"wp-block-media-text has-media-on-the-right is-stacked-on-mobile\" style=\"grid-template-columns:auto 42%\"><div class=\"wp-block-media-text__content\">\n<p class=\"has-text-align-center\"><strong>RUTH VILAR <\/strong><\/p>\n\n\n\n<p class=\"has-text-align-center\"><em><a href=\"https:\/\/oidaeditorial.com\/index.php\/publicaciones\/7-parells-de-peus-de-ruth-vilar-audiollibre\/\">7 parells de peus<\/a><\/em><\/p>\n\n\n\n<p class=\"has-text-align-center\"><em><a href=\"https:\/\/oidaeditorial.com\/index.php\/publicaciones\/cerca-del-mar-de-ruth-vilar-audiolibro\/\">Cerca del mar<\/a><\/em><\/p>\n<\/div><figure class=\"wp-block-media-text__media\"><a href=\"https:\/\/oidaeditorial.com\/index.php\/autores\/ruth-vilar\/\"><img data-opt-id=372181644  data-opt-src=\"https:\/\/mlfuar0h46fq.i.optimole.com\/w:auto\/h:auto\/q:mauto\/ig:avif\/https:\/\/oidaeditorial.com\/wp-content\/uploads\/2024\/05\/Ruth-Vilar.jpg\"  decoding=\"async\" width=\"370\" height=\"370\" src=\"data:image/svg+xml,%3Csvg%20viewBox%3D%220%200%20100%%20100%%22%20width%3D%22100%%22%20height%3D%22100%%22%20xmlns%3D%22http%3A%2F%2Fwww.w3.org%2F2000%2Fsvg%22%3E%3Crect%20width%3D%22100%%22%20height%3D%22100%%22%20fill%3D%22transparent%22%2F%3E%3C%2Fsvg%3E\" alt=\"\" class=\"wp-image-594 size-full\" old-srcset=\"https:\/\/mlfuar0h46fq.i.optimole.com\/w:370\/h:370\/q:mauto\/ig:avif\/https:\/\/oidaeditorial.com\/wp-content\/uploads\/2024\/05\/Ruth-Vilar.jpg 370w, https:\/\/mlfuar0h46fq.i.optimole.com\/w:300\/h:300\/q:mauto\/ig:avif\/https:\/\/oidaeditorial.com\/wp-content\/uploads\/2024\/05\/Ruth-Vilar.jpg 300w, https:\/\/mlfuar0h46fq.i.optimole.com\/w:150\/h:150\/q:mauto\/ig:avif\/https:\/\/oidaeditorial.com\/wp-content\/uploads\/2024\/05\/Ruth-Vilar.jpg 150w\" \/><\/a><\/figure><\/div>\n\n\n\n<h3 class=\"wp-block-heading has-text-align-center\"><br><br>OID\u00c0 EDITORIAL \u00b7 Audiolibro teatral<\/h3>\n","protected":false},"excerpt":{"rendered":"<p>LOLA FERN\u00c1NDEZ DE SEVILLA Irse de casa (mapa-poema para ni\u00f1as que se portan mal) GERARD BIDEGAIN I FIGUEROLA Judes tra\u00eft NIEVES RODR\u00cdGUEZ RODR\u00cdGUEZ Lo que vuelve a casa (y otros \u00e1rboles) JULIO FERN\u00c1NDEZ PEL\u00c1EZ Heredar\u00e1s el cosmos (el estremecimiento) RUTH VILAR 7 parells de peus Cerca del mar OID\u00c0 EDITORIAL \u00b7 Audiolibro teatral<\/p>\n","protected":false},"author":1,"featured_media":0,"parent":0,"menu_order":0,"comment_status":"closed","ping_status":"closed","template":"","meta":{"footnotes":""},"class_list":["post-591","page","type-page","status-publish","hentry"],"_links":{"self":[{"href":"https:\/\/oidaeditorial.com\/index.php\/wp-json\/wp\/v2\/pages\/591","targetHints":{"allow":["GET"]}}],"collection":[{"href":"https:\/\/oidaeditorial.com\/index.php\/wp-json\/wp\/v2\/pages"}],"about":[{"href":"https:\/\/oidaeditorial.com\/index.php\/wp-json\/wp\/v2\/types\/page"}],"author":[{"embeddable":true,"href":"https:\/\/oidaeditorial.com\/index.php\/wp-json\/wp\/v2\/users\/1"}],"replies":[{"embeddable":true,"href":"https:\/\/oidaeditorial.com\/index.php\/wp-json\/wp\/v2\/comments?post=591"}],"version-history":[{"count":5,"href":"https:\/\/oidaeditorial.com\/index.php\/wp-json\/wp\/v2\/pages\/591\/revisions"}],"predecessor-version":[{"id":881,"href":"https:\/\/oidaeditorial.com\/index.php\/wp-json\/wp\/v2\/pages\/591\/revisions\/881"}],"wp:attachment":[{"href":"https:\/\/oidaeditorial.com\/index.php\/wp-json\/wp\/v2\/media?parent=591"}],"curies":[{"name":"wp","href":"https:\/\/api.w.org\/{rel}","templated":true}]}}