{"id":560,"date":"2024-03-21T11:08:15","date_gmt":"2024-03-21T11:08:15","guid":{"rendered":"https:\/\/oidaeditorial.com\/?page_id=560"},"modified":"2025-07-21T10:12:03","modified_gmt":"2025-07-21T10:12:03","slug":"lo-que-vuelve-a-casa-y-otros-arboles-de-nieves-rodriguez-rodriguez","status":"publish","type":"page","link":"https:\/\/oidaeditorial.com\/index.php\/publicaciones-audiolibro-teatral\/lo-que-vuelve-a-casa-y-otros-arboles-de-nieves-rodriguez-rodriguez\/","title":{"rendered":"LO QUE VUELVE A CASA (y otros \u00e1rboles) de Nieves Rodr\u00edguez Rodr\u00edguez"},"content":{"rendered":"\n<p class=\"has-text-align-center\">Oid\u00e0 Editorial, 2024<br>Colecci\u00f3n Teatro para la Infancia y Juventud \u00b7 Audiolibro<\/p>\n\n\n\n<div style=\"height:15px\" aria-hidden=\"true\" class=\"wp-block-spacer\"><\/div>\n\n\n\n<figure class=\"wp-block-image aligncenter size-large is-resized\"><img data-opt-id=1566898535  fetchpriority=\"high\" decoding=\"async\" src=\"https:\/\/mlfuar0h46fq.i.optimole.com\/w:600\/h:600\/q:mauto\/ig:avif\/https:\/\/oidaeditorial.com\/wp-content\/uploads\/2024\/09\/9788412694062-cubierta-audiolibro.jpg\" alt=\"\" class=\"wp-image-784\" style=\"aspect-ratio:1;object-fit:contain;width:600px\"\/><\/figure>\n\n\n\n<div style=\"height:31px\" aria-hidden=\"true\" class=\"wp-block-spacer\"><\/div>\n\n\n\n<h5 class=\"wp-block-heading has-text-align-center\">DESCRIPCI\u00d3N<\/h5>\n\n\n\n<p class=\"has-text-align-center\">\u200b\u200bDos pa\u00edses: Nigeria y Espa\u00f1a. Dos ni\u00f1as: Alika y Vega. Dos aulas y dos redacciones. La huida de un secuestro y un incendio. El encuentro dentro de un \u00e1rbol y una amistad.<\/p>\n\n\n\n<h3 class=\"wp-block-heading has-text-align-center\">Premio SGAE de Teatro Infantil 2017<\/h3>\n\n\n\n<div style=\"height:27px\" aria-hidden=\"true\" class=\"wp-block-spacer\"><\/div>\n\n\n\n<div style=\"height:25px\" aria-hidden=\"true\" class=\"wp-block-spacer\"><\/div>\n\n\n\n<h5 class=\"wp-block-heading has-text-align-center\">DETALLES<\/h5>\n\n\n\n<h5 class=\"wp-block-heading has-text-align-center\">Audiolibro interpretado por Almudena Ramos y Ruth Vilar, con la participaci\u00f3n de Salva Artesero.<br>Contiene material adicional en voz de la autora.\u200b<\/h5>\n\n\n\n<h3 class=\"wp-block-heading has-text-align-center\"><strong>\u00ab<\/strong>Creo en la creaci\u00f3n como un gesto de amor. Creo en el teatro como un \u00e1rbol que hay que regar y cuidar<strong>\u00bb.<\/strong><\/h3>\n\n\n\n<p class=\"has-text-align-center\">Dirigido por Salva Artesero y Ruth Vilar<br>Dibujo de Lluna Verge Pineda<br>Grabado en GATE24 Audio<\/p>\n\n\n\n<p class=\"has-text-align-center\">DURACI\u00d3N 44 min<br><br>ISBN 978-84-126940-6-2<br><br><strong>TR\u00c0ILER<\/strong><\/p>\n\n\n\n<figure class=\"wp-block-audio\"><audio controls=\"\" src=\"https:\/\/oidaeditorial.com\/wp-content\/uploads\/2024\/03\/9788412694062_sample.mp3\" controlslist=\"nodownload\" style=\"width:100%;\"><\/audio><\/figure>\n\n\n\n<div style=\"height:29px\" aria-hidden=\"true\" class=\"wp-block-spacer\"><\/div>\n\n\n\n<h3 class=\"wp-block-heading has-text-align-center\"><strong>\u00ab<\/strong>Si el motor del cami\u00f3n se callara, se oir\u00edan los latidos de Alika atravesando su abrigo. Sobre su vientre, aferrada por los brazos, su cartera. Si los ni\u00f1os no gritaran, se oir\u00edan los p\u00e1jaros del coraz\u00f3n de Vega atravesando su chaqueta. En su mano, aferrado, el tirachinas<strong>\u00bb.<\/strong><\/h3>\n\n\n\n<div style=\"height:29px\" aria-hidden=\"true\" class=\"wp-block-spacer\"><\/div>\n\n\n\n<p class=\"has-text-align-center\">PVP 12,99\u20ac<\/p>\n\n\n\n<p class=\"has-text-align-center\">A la venta desde el 27 de marzo del 2024<\/p>\n\n\n\n<div class=\"wp-block-buttons is-content-justification-center is-layout-flex wp-container-core-buttons-is-layout-a89b3969 wp-block-buttons-is-layout-flex\">\n<div class=\"wp-block-button\"><a class=\"wp-block-button__link wp-element-button\" href=\"https:\/\/oidaeditorial.com\/index.php\/la-audiolibreria-teatral-oida-editorial\/?add-to-cart=658\">A\u00f1adir al carrito<\/a><\/div>\n<\/div>\n\n\n\n<p class=\"has-text-align-center\"><br>Tambi\u00e9n disponible en Kobo, Apple Audio, Bookbeat, Storytel, Wook y Bol.<\/p>\n\n\n\n<div style=\"height:29px\" aria-hidden=\"true\" class=\"wp-block-spacer\"><\/div>\n\n\n\n<h4 class=\"wp-block-heading has-text-align-center\"><strong>\u00ab<\/strong>Libro altamente recomendado para leer y compartir<strong>\u00bb<\/strong> <br>(Fundalectura, IBBY Colombia, 2020)<\/h4>\n\n\n\n<div style=\"height:29px\" aria-hidden=\"true\" class=\"wp-block-spacer\"><\/div>\n\n\n\n<p class=\"has-text-align-center\">PALABRAS CLAVE Teatro contempor\u00e1neo para la infancia y juventud, Terrorismo, Escuela, Amistad, Nigeria, Espa\u00f1a<\/p>\n\n\n\n<h4 class=\"wp-block-heading has-text-align-center\">OID\u00c0 EDITORIAL \u00b7 Audiolibro teatral<\/h4>\n","protected":false},"excerpt":{"rendered":"<p>Oid\u00e0 Editorial, 2024Colecci\u00f3n Teatro para la Infancia y Juventud \u00b7 Audiolibro DESCRIPCI\u00d3N \u200b\u200bDos pa\u00edses: Nigeria y Espa\u00f1a. Dos ni\u00f1as: Alika y Vega. Dos aulas y dos redacciones. La huida de un secuestro y un incendio. El encuentro dentro de un \u00e1rbol y una amistad. Premio SGAE de Teatro Infantil 2017 DETALLES Audiolibro interpretado por Almudena [&hellip;]<\/p>\n","protected":false},"author":1,"featured_media":0,"parent":157,"menu_order":0,"comment_status":"closed","ping_status":"closed","template":"","meta":{"footnotes":""},"class_list":["post-560","page","type-page","status-publish","hentry"],"_links":{"self":[{"href":"https:\/\/oidaeditorial.com\/index.php\/wp-json\/wp\/v2\/pages\/560","targetHints":{"allow":["GET"]}}],"collection":[{"href":"https:\/\/oidaeditorial.com\/index.php\/wp-json\/wp\/v2\/pages"}],"about":[{"href":"https:\/\/oidaeditorial.com\/index.php\/wp-json\/wp\/v2\/types\/page"}],"author":[{"embeddable":true,"href":"https:\/\/oidaeditorial.com\/index.php\/wp-json\/wp\/v2\/users\/1"}],"replies":[{"embeddable":true,"href":"https:\/\/oidaeditorial.com\/index.php\/wp-json\/wp\/v2\/comments?post=560"}],"version-history":[{"count":9,"href":"https:\/\/oidaeditorial.com\/index.php\/wp-json\/wp\/v2\/pages\/560\/revisions"}],"predecessor-version":[{"id":932,"href":"https:\/\/oidaeditorial.com\/index.php\/wp-json\/wp\/v2\/pages\/560\/revisions\/932"}],"up":[{"embeddable":true,"href":"https:\/\/oidaeditorial.com\/index.php\/wp-json\/wp\/v2\/pages\/157"}],"wp:attachment":[{"href":"https:\/\/oidaeditorial.com\/index.php\/wp-json\/wp\/v2\/media?parent=560"}],"curies":[{"name":"wp","href":"https:\/\/api.w.org\/{rel}","templated":true}]}}