{"id":56,"date":"2023-03-27T11:42:59","date_gmt":"2023-03-27T11:42:59","guid":{"rendered":"http:\/\/oidaeditorial.com\/?page_id=56"},"modified":"2024-08-22T09:26:33","modified_gmt":"2024-08-22T09:26:33","slug":"oida-editorial","status":"publish","type":"page","link":"https:\/\/oidaeditorial.com\/index.php\/oida-editorial\/","title":{"rendered":"OID\u00c0 EDITORIAL"},"content":{"rendered":"\n<h1 class=\"wp-block-heading\">Literatura dram\u00e1tica contempor\u00e1nea.<\/h1>\n\n\n\n<p>Audiolibro teatral. Distribuci\u00f3n mundial.<br><\/p>\n\n\n\n<h3 class=\"wp-block-heading\">OID\u00c0. <em>Interjecci\u00f3n<\/em>. Expresi\u00f3n de alegr\u00eda o sorpresa por un acontecimiento favorable.<\/h3>\n\n\n\n<p><a href=\"http:\/\/www.oidaeditorial.com\">Oid\u00e0 Editorial<\/a> es pionera en la publicaci\u00f3n de audiolibro teatral contempor\u00e1neo. Apuesta desde el principio por un <em>audiolibro teatral<\/em> que lo sea en todos los sentidos. Un audiolibro en el que actores y actrices profesionales <em>interpretan<\/em> una obra de <em>literatura dram\u00e1tica contempor\u00e1nea<\/em>. Una funci\u00f3n para un espectador solo o en un peque\u00f1o grupo, est\u00e9 donde est\u00e9.<\/p>\n\n\n\n<p>Somos <a href=\"https:\/\/cosdelletra.blogspot.com\/2011\/03\/salva-artesero.html\">Salva Artesero<\/a> y <a href=\"https:\/\/cosdelletra.com\/index.php\/ruth-vilar\/\">Ruth Vilar<\/a>, fundadores de Oid\u00e0 Editorial. Veinte a\u00f1os de experiencia profesional en el \u00e1mbito de la expresi\u00f3n creativa a trav\u00e9s de la palabra nos han tra\u00eddo hasta aqu\u00ed. En nuestro trabajo con <a href=\"http:\/\/www.cosdelletra.com\">Cos de Lletra<\/a>, compa\u00f1\u00eda de teatro que formamos en el a\u00f1o 2006, nos hemos especializado en la puesta en escena de espect\u00e1culos de una extrema sobriedad visual, que sit\u00faan al actor y la palabra en el centro esencial de la representaci\u00f3n. Adem\u00e1s, somos formadores de <a href=\"https:\/\/cosdelletra.blogspot.com\/2018\/02\/la-catarsis-sin-fanfarria.html\">Lectura Expresiva en Voz Alta<\/a>, disciplina de la que impartimos talleres dirigidos a toda clase de p\u00fablicos: desde ni\u00f1as y ni\u00f1os que empiezan a leer hasta profesionales de las artes esc\u00e9nicas, la literatura o la comunicaci\u00f3n. Esta pasi\u00f3n por la palabra viva que se transmite a trav\u00e9s de la voz nos ha llevado a indagar en las m\u00faltiples posibilidades de hacerla llegar a sus destinatarios. De ah\u00ed surgi\u00f3 la idea de explorar la <em>edici\u00f3n de teatro para escuchar<\/em>, esto es, el audiolibro teatral.<br><\/p>\n\n\n\n<figure data-wp-context=\"{&quot;imageId&quot;:&quot;6a05afb6edd4e&quot;}\" data-wp-interactive=\"core\/image\" data-wp-key=\"6a05afb6edd4e\" class=\"wp-block-image aligncenter size-full is-resized wp-lightbox-container\"><img data-opt-id=994160617  fetchpriority=\"high\" decoding=\"async\" width=\"622\" height=\"622\" data-wp-class--hide=\"state.isContentHidden\" data-wp-class--show=\"state.isContentVisible\" data-wp-init=\"callbacks.setButtonStyles\" data-wp-on--click=\"actions.showLightbox\" data-wp-on--load=\"callbacks.setButtonStyles\" data-wp-on-window--resize=\"callbacks.setButtonStyles\" src=\"https:\/\/mlfuar0h46fq.i.optimole.com\/w:auto\/h:auto\/q:mauto\/ig:avif\/https:\/\/oidaeditorial.com\/wp-content\/uploads\/2024\/06\/Oida-Editorial-2x2-3.png\" alt=\"\" class=\"wp-image-638\" style=\"width:432px;height:auto\" srcset=\"https:\/\/mlfuar0h46fq.i.optimole.com\/w:600\/h:600\/q:mauto\/ig:avif\/https:\/\/oidaeditorial.com\/wp-content\/uploads\/2024\/06\/Oida-Editorial-2x2-3.png 622w, https:\/\/mlfuar0h46fq.i.optimole.com\/w:300\/h:300\/q:mauto\/ig:avif\/https:\/\/oidaeditorial.com\/wp-content\/uploads\/2024\/06\/Oida-Editorial-2x2-3.png 300w, https:\/\/mlfuar0h46fq.i.optimole.com\/w:150\/h:150\/q:mauto\/ig:avif\/https:\/\/oidaeditorial.com\/wp-content\/uploads\/2024\/06\/Oida-Editorial-2x2-3.png 150w\" sizes=\"(max-width: 622px) 100vw, 622px\" \/><button\n\t\t\tclass=\"lightbox-trigger\"\n\t\t\ttype=\"button\"\n\t\t\taria-haspopup=\"dialog\"\n\t\t\taria-label=\"Agrandar\"\n\t\t\tdata-wp-init=\"callbacks.initTriggerButton\"\n\t\t\tdata-wp-on--click=\"actions.showLightbox\"\n\t\t\tdata-wp-style--right=\"state.imageButtonRight\"\n\t\t\tdata-wp-style--top=\"state.imageButtonTop\"\n\t\t>\n\t\t\t<svg xmlns=\"http:\/\/www.w3.org\/2000\/svg\" width=\"12\" height=\"12\" fill=\"none\" viewBox=\"0 0 12 12\">\n\t\t\t\t<path fill=\"#fff\" d=\"M2 0a2 2 0 0 0-2 2v2h1.5V2a.5.5 0 0 1 .5-.5h2V0H2Zm2 10.5H2a.5.5 0 0 1-.5-.5V8H0v2a2 2 0 0 0 2 2h2v-1.5ZM8 12v-1.5h2a.5.5 0 0 0 .5-.5V8H12v2a2 2 0 0 1-2 2H8Zm2-12a2 2 0 0 1 2 2v2h-1.5V2a.5.5 0 0 0-.5-.5H8V0h2Z\" \/>\n\t\t\t<\/svg>\n\t\t<\/button><\/figure>\n\n\n\n<p>Oid\u00e0 Editorial publica audiolibro teatral en dos colecciones: <a href=\"https:\/\/oidaeditorial.com\/index.php\/publicaciones\/\">Literatura Dram\u00e1tica Contempor\u00e1nea y Teatro para la Infancia y Juventud<\/a>. Las inauguramos en 2023 con sendas obras de Ruth Vilar. Para la primera colecci\u00f3n escogimos <a href=\"https:\/\/oidaeditorial.com\/index.php\/publicaciones\/cerca-del-mar-de-ruth-vilar-audiolibro\/\"><em>Cerca del mar<\/em><\/a>. Para la segunda, <a href=\"https:\/\/oidaeditorial.com\/index.php\/publicaciones\/7-parells-de-peus-de-ruth-vilar-audiollibre\/\"><em>7 parells de peus<\/em><\/a>. Ambos audiolibros aparecieron en su idioma original, interpretados por los mismos actores que hab\u00edan estrenado los correspondientes espect\u00e1culos teatrales con la compa\u00f1\u00eda Cos de Lletra. Siguen distribuy\u00e9ndose en todo el mundo.<\/p>\n\n\n\n<p>En 2024 hemos incorporado a nuestro cat\u00e1logo nuevas obras de autores cuyo trabajo admiramos. Ya est\u00e1 disponible <a href=\"https:\/\/oidaeditorial.com\/index.php\/publicaciones\/heredaras-el-cosmos-el-estremecimiento-de-julio-fernandez-pelaez-audiolibro-teatral\/\"><em>Heredar\u00e1s el cosmos (el estremecimiento)<\/em> de Julio Fern\u00e1ndez Pel\u00e1ez<\/a>: un llamamiento ecologista, una eleg\u00eda de la Naturaleza y una l\u00facida declaraci\u00f3n de amor a la Tierra, interpretado por Salva Artesero. Tambi\u00e9n <a href=\"https:\/\/oidaeditorial.com\/index.php\/publicaciones\/lo-que-vuelve-a-casa-y-otros-arboles-de-nieves-rodriguez-rodriguez\/\"><em>Lo que vuelve a casa<\/em> <em>(y otros \u00e1rboles)<\/em> de Nieves Rodr\u00edguez Rodr\u00edguez<\/a>, obra ganadora del Premio SGAE de Teatro Infantil en 2017: la historia de una amistad que desaf\u00eda las distancias y vence los peligros, interpretada por Ruth Vilar y Almudena Ramos.<\/p>\n\n\n\n<p>Los audiolibros teatrales de Oid\u00e0 Editorial est\u00e1n a la venta en las principales plataformas y en nuestra <a href=\"https:\/\/oidaeditorial.com\/index.php\/la-audiolibreria-teatral-oida-editorial\/\"><em>Audiolibrer\u00eda<\/em> Teatral<\/a>. Algunas bibliotecas digitales ya los est\u00e1n incorporando a su fondo. Y empezamos a encontrar <em>audiolectores teatrales<\/em> entusiastas en distintos pa\u00edses, sin importar fronteras ni oc\u00e9anos.<\/p>\n\n\n\n<p>Mientras, seguimos construyendo un cat\u00e1logo s\u00f3lido a partir de textos dram\u00e1ticos que no reh\u00fayen la voz literaria ni la hibridaci\u00f3n, y cuya belleza es accesible a oyentes de cualquier procedencia. Queremos que el teatro se cuele por todas las rendijas.<br><\/p>\n\n\n\n<h3 class=\"wp-block-heading has-text-align-center\">OID\u00c0 EDITORIAL Audiolibro teatral<br><\/h3>\n","protected":false},"excerpt":{"rendered":"<p>Literatura dram\u00e1tica contempor\u00e1nea. Audiolibro teatral. Distribuci\u00f3n mundial. OID\u00c0. Interjecci\u00f3n. Expresi\u00f3n de alegr\u00eda o sorpresa por un acontecimiento favorable. Oid\u00e0 Editorial es pionera en la publicaci\u00f3n de audiolibro teatral contempor\u00e1neo. Apuesta desde el principio por un audiolibro teatral que lo sea en todos los sentidos. Un audiolibro en el que actores y actrices profesionales interpretan una [&hellip;]<\/p>\n","protected":false},"author":1,"featured_media":0,"parent":0,"menu_order":0,"comment_status":"closed","ping_status":"closed","template":"","meta":{"footnotes":""},"class_list":["post-56","page","type-page","status-publish","hentry"],"_links":{"self":[{"href":"https:\/\/oidaeditorial.com\/index.php\/wp-json\/wp\/v2\/pages\/56","targetHints":{"allow":["GET"]}}],"collection":[{"href":"https:\/\/oidaeditorial.com\/index.php\/wp-json\/wp\/v2\/pages"}],"about":[{"href":"https:\/\/oidaeditorial.com\/index.php\/wp-json\/wp\/v2\/types\/page"}],"author":[{"embeddable":true,"href":"https:\/\/oidaeditorial.com\/index.php\/wp-json\/wp\/v2\/users\/1"}],"replies":[{"embeddable":true,"href":"https:\/\/oidaeditorial.com\/index.php\/wp-json\/wp\/v2\/comments?post=56"}],"version-history":[{"count":9,"href":"https:\/\/oidaeditorial.com\/index.php\/wp-json\/wp\/v2\/pages\/56\/revisions"}],"predecessor-version":[{"id":759,"href":"https:\/\/oidaeditorial.com\/index.php\/wp-json\/wp\/v2\/pages\/56\/revisions\/759"}],"wp:attachment":[{"href":"https:\/\/oidaeditorial.com\/index.php\/wp-json\/wp\/v2\/media?parent=56"}],"curies":[{"name":"wp","href":"https:\/\/api.w.org\/{rel}","templated":true}]}}