{"id":52,"date":"2023-03-27T11:48:49","date_gmt":"2023-03-27T11:48:49","guid":{"rendered":"http:\/\/oidaeditorial.com\/?page_id=52"},"modified":"2025-09-21T11:10:32","modified_gmt":"2025-09-21T11:10:32","slug":"cerca-del-mar-de-ruth-vilar-epub","status":"publish","type":"page","link":"https:\/\/oidaeditorial.com\/index.php\/publicaciones-audiolibro-teatral\/cerca-del-mar-de-ruth-vilar-epub\/","title":{"rendered":"CERCA DEL MAR de Ruth Vilar \u00b7 Libro electr\u00f3nico teatral"},"content":{"rendered":"\n<p class=\"has-text-align-center\">Oid\u00e0 Editorial, 2023<br>Colecci\u00f3n Literatura dram\u00e1tica contempor\u00e1nea \u00b7 Libro electr\u00f3nico<br><br><\/p>\n\n\n\n<figure data-wp-context=\"{&quot;imageId&quot;:&quot;6a07135516507&quot;}\" data-wp-interactive=\"core\/image\" data-wp-key=\"6a07135516507\" class=\"wp-block-image aligncenter size-large is-resized wp-lightbox-container\"><img data-opt-id=724092317  fetchpriority=\"high\" decoding=\"async\" width=\"768\" height=\"1024\" data-wp-class--hide=\"state.isContentHidden\" data-wp-class--show=\"state.isContentVisible\" data-wp-init=\"callbacks.setButtonStyles\" data-wp-on--click=\"actions.showLightbox\" data-wp-on--load=\"callbacks.setButtonStyles\" data-wp-on-window--resize=\"callbacks.setButtonStyles\" src=\"https:\/\/mlfuar0h46fq.i.optimole.com\/w:450\/h:600\/q:mauto\/ig:avif\/https:\/\/oidaeditorial.com\/wp-content\/uploads\/2023\/03\/9788412694000.jpg\" alt=\"\" class=\"wp-image-53\" style=\"width:401px;height:532px\" srcset=\"https:\/\/mlfuar0h46fq.i.optimole.com\/w:450\/h:600\/q:mauto\/ig:avif\/https:\/\/oidaeditorial.com\/wp-content\/uploads\/2023\/03\/9788412694000.jpg 768w, https:\/\/mlfuar0h46fq.i.optimole.com\/w:225\/h:300\/q:mauto\/ig:avif\/https:\/\/oidaeditorial.com\/wp-content\/uploads\/2023\/03\/9788412694000.jpg 225w, https:\/\/mlfuar0h46fq.i.optimole.com\/w:450\/h:600\/q:mauto\/ig:avif\/https:\/\/oidaeditorial.com\/wp-content\/uploads\/2023\/03\/9788412694000.jpg 1152w, https:\/\/mlfuar0h46fq.i.optimole.com\/w:450\/h:600\/q:mauto\/ig:avif\/https:\/\/oidaeditorial.com\/wp-content\/uploads\/2023\/03\/9788412694000.jpg 1536w, https:\/\/mlfuar0h46fq.i.optimole.com\/w:449\/h:600\/q:mauto\/ig:avif\/https:\/\/oidaeditorial.com\/wp-content\/uploads\/2023\/03\/9788412694000.jpg 1320w, https:\/\/mlfuar0h46fq.i.optimole.com\/w:450\/h:600\/q:mauto\/ig:avif\/https:\/\/oidaeditorial.com\/wp-content\/uploads\/2023\/03\/9788412694000.jpg 600w, https:\/\/mlfuar0h46fq.i.optimole.com\/w:450\/h:600\/q:mauto\/ig:avif\/https:\/\/oidaeditorial.com\/wp-content\/uploads\/2023\/03\/9788412694000.jpg 1920w\" sizes=\"(max-width: 768px) 100vw, 768px\" \/><button\n\t\t\tclass=\"lightbox-trigger\"\n\t\t\ttype=\"button\"\n\t\t\taria-haspopup=\"dialog\"\n\t\t\taria-label=\"Agrandar\"\n\t\t\tdata-wp-init=\"callbacks.initTriggerButton\"\n\t\t\tdata-wp-on--click=\"actions.showLightbox\"\n\t\t\tdata-wp-style--right=\"state.imageButtonRight\"\n\t\t\tdata-wp-style--top=\"state.imageButtonTop\"\n\t\t>\n\t\t\t<svg xmlns=\"http:\/\/www.w3.org\/2000\/svg\" width=\"12\" height=\"12\" fill=\"none\" viewBox=\"0 0 12 12\">\n\t\t\t\t<path fill=\"#fff\" d=\"M2 0a2 2 0 0 0-2 2v2h1.5V2a.5.5 0 0 1 .5-.5h2V0H2Zm2 10.5H2a.5.5 0 0 1-.5-.5V8H0v2a2 2 0 0 0 2 2h2v-1.5ZM8 12v-1.5h2a.5.5 0 0 0 .5-.5V8H12v2a2 2 0 0 1-2 2H8Zm2-12a2 2 0 0 1 2 2v2h-1.5V2a.5.5 0 0 0-.5-.5H8V0h2Z\" \/>\n\t\t\t<\/svg>\n\t\t<\/button><\/figure>\n\n\n\n<p class=\"has-text-align-center has-small-font-size\"><br>DESCRIPCI\u00d3N<\/p>\n\n\n\n<p class=\"has-text-align-center\">La joven Irene habla. Se dirige a distintas personas. De ellas depende el curso de su vida. Con cada uno de esos breves intercambios de palabras, apenas nos ofrece una porci\u00f3n min\u00fascula de su dolor. A trav\u00e9s de todos ellos, uno tras otro, adivinamos la tragedia inminente y asistimos a sus consecuencias. <em>Cerca del mar<\/em> es una obra dram\u00e1tica de <a href=\"https:\/\/oidaeditorial.com\/index.php\/ruth-vilar\/\" target=\"_blank\" rel=\"noreferrer noopener\">Ruth Vilar<\/a> inspirada en un caso real. Una sucesi\u00f3n de mon\u00f3logos sobrios, valientes y sensibles. <br><br><\/p>\n\n\n\n<h1 class=\"wp-block-heading has-text-align-center has-medium-font-size\"><strong>\u00ab<\/strong>Con el lenguaje accedemos a los rincones m\u00e1s \u00edntimos de Irene, a su situaci\u00f3n en cada momento, a sus contradicciones, a sus esperanzas, al resto de personajes, al coraz\u00f3n de lo injusto. El lenguaje, que dice lo que somos sin escapatoria. [&#8230;] Una obra maestra<strong>.\u00bb<\/strong> <br>Nieves Rodr\u00edguez Rodr\u00edguez<br><br><\/h1>\n\n\n\n<p class=\"has-text-align-center has-small-font-size\">DETALLES<\/p>\n\n\n\n<p class=\"has-text-align-center has-medium-font-size\">Ep\u00edlogo de Elvira Lindo<br>y nota de la autora<\/p>\n\n\n\n<p class=\"has-text-align-center\">Edici\u00f3n en epub 3.0<\/p>\n\n\n\n<p class=\"has-text-align-center\">ISBN 978-84-126940-0-0<\/p>\n\n\n\n<p class=\"has-text-align-center\">Disponible tambi\u00e9n en <a href=\"https:\/\/oidaeditorial.com\/index.php\/cerca-del-mar-de-ruth-vilar-audiolibro\" target=\"_blank\" rel=\"noreferrer noopener\">audiolibro<\/a> y en <a rel=\"noreferrer noopener\" href=\"https:\/\/cosdelletra.blogspot.com\/2023\/02\/libros-de-ruth-vilar.html\" target=\"_blank\">edici\u00f3n impresa<\/a>.<\/p>\n\n\n\n<h1 class=\"wp-block-heading has-text-align-center has-medium-font-size\"><br>\u00abIrene se representa a ella y solo a ella, pero como ocurre con las palabras arrancadas del coraz\u00f3n, cargadas de verdad, se convierte en la voz de otras muchas que, viviendo algo parecido, no tuvieron la valent\u00eda o la oportunidad necesarias para saber contarlo.\u00bb <br>Elvira Lindo<br><\/h1>\n\n\n\n<p class=\"has-text-align-center has-small-font-size\"><br>OPCIONES DE COMPRA<\/p>\n\n\n\n<p class=\"has-text-align-center\">PVP 6,99\u20ac<br><br>A la venta desde el 27 de marzo del 2023<br>Disponible en <a rel=\"noreferrer noopener\" href=\"https:\/\/www.amazon.es\/dp\/B0BZDQ4PN6?ref_=cm_sw_r_cp_ud_dp_RMEETNW8RDCQMYPK0J1W\" target=\"_blank\">Amazon<\/a>, <a rel=\"noreferrer noopener\" href=\"https:\/\/www.kobo.com\/es\/es\/ebook\/cerca-del-mar\" target=\"_blank\">Kobo<\/a>, FNAC, Scribd y en <a rel=\"noreferrer noopener\" href=\"https:\/\/oidaeditorial.com\/index.php\/haznos-tu-pedido\/\" target=\"_blank\">Oid\u00e0 Editorial<\/a>.<br><\/p>\n\n\n\n<p class=\"has-text-align-center\">PALABRAS CLAVE Teatro contempor\u00e1neo, Literatura dram\u00e1tica, True crime<br><\/p>\n\n\n\n<h2 class=\"wp-block-heading has-text-align-center has-large-font-size\">OID\u00c0 EDITORIAL \u00b7 Libro teatral sin fronteras<\/h2>\n","protected":false},"excerpt":{"rendered":"<p>Oid\u00e0 Editorial, 2023Colecci\u00f3n Literatura dram\u00e1tica contempor\u00e1nea \u00b7 Libro electr\u00f3nico DESCRIPCI\u00d3N La joven Irene habla. Se dirige a distintas personas. De ellas depende el curso de su vida. Con cada uno de esos breves intercambios de palabras, apenas nos ofrece una porci\u00f3n min\u00fascula de su dolor. A trav\u00e9s de todos ellos, uno tras otro, adivinamos la [&hellip;]<\/p>\n","protected":false},"author":1,"featured_media":0,"parent":157,"menu_order":0,"comment_status":"closed","ping_status":"closed","template":"","meta":{"footnotes":""},"class_list":["post-52","page","type-page","status-publish","hentry"],"_links":{"self":[{"href":"https:\/\/oidaeditorial.com\/index.php\/wp-json\/wp\/v2\/pages\/52","targetHints":{"allow":["GET"]}}],"collection":[{"href":"https:\/\/oidaeditorial.com\/index.php\/wp-json\/wp\/v2\/pages"}],"about":[{"href":"https:\/\/oidaeditorial.com\/index.php\/wp-json\/wp\/v2\/types\/page"}],"author":[{"embeddable":true,"href":"https:\/\/oidaeditorial.com\/index.php\/wp-json\/wp\/v2\/users\/1"}],"replies":[{"embeddable":true,"href":"https:\/\/oidaeditorial.com\/index.php\/wp-json\/wp\/v2\/comments?post=52"}],"version-history":[{"count":17,"href":"https:\/\/oidaeditorial.com\/index.php\/wp-json\/wp\/v2\/pages\/52\/revisions"}],"predecessor-version":[{"id":953,"href":"https:\/\/oidaeditorial.com\/index.php\/wp-json\/wp\/v2\/pages\/52\/revisions\/953"}],"up":[{"embeddable":true,"href":"https:\/\/oidaeditorial.com\/index.php\/wp-json\/wp\/v2\/pages\/157"}],"wp:attachment":[{"href":"https:\/\/oidaeditorial.com\/index.php\/wp-json\/wp\/v2\/media?parent=52"}],"curies":[{"name":"wp","href":"https:\/\/api.w.org\/{rel}","templated":true}]}}