{"id":514,"date":"2024-02-01T16:14:36","date_gmt":"2024-02-01T16:14:36","guid":{"rendered":"https:\/\/oidaeditorial.com\/?page_id=514"},"modified":"2026-04-18T18:07:08","modified_gmt":"2026-04-18T18:07:08","slug":"heredaras-el-cosmos-el-estremecimiento-de-julio-fernandez-pelaez-audiolibro-teatral","status":"publish","type":"page","link":"https:\/\/oidaeditorial.com\/index.php\/publicaciones-audiolibro-teatral\/heredaras-el-cosmos-el-estremecimiento-de-julio-fernandez-pelaez-audiolibro-teatral\/","title":{"rendered":"HEREDAR\u00c1S EL COSMOS (el estremecimiento) de Julio Fern\u00e1ndez Pel\u00e1ez \u00b7 Audiolibro teatral"},"content":{"rendered":"\n<p class=\"has-text-align-center\">Oid\u00e0 Editorial, 2024<br>Colecci\u00f3n Literatura dram\u00e1tica contempor\u00e1nea \u00b7 Audiolibro<\/p>\n\n\n\n<div style=\"height:34px\" aria-hidden=\"true\" class=\"wp-block-spacer\"><\/div>\n\n\n\n<figure data-wp-context=\"{&quot;imageId&quot;:&quot;6a0714655591c&quot;}\" data-wp-interactive=\"core\/image\" data-wp-key=\"6a0714655591c\" class=\"wp-block-image aligncenter size-full is-resized wp-lightbox-container\"><img data-opt-id=114203810  fetchpriority=\"high\" decoding=\"async\" width=\"1024\" height=\"1024\" data-wp-class--hide=\"state.isContentHidden\" data-wp-class--show=\"state.isContentVisible\" data-wp-init=\"callbacks.setButtonStyles\" data-wp-on--click=\"actions.showLightbox\" data-wp-on--load=\"callbacks.setButtonStyles\" data-wp-on-window--resize=\"callbacks.setButtonStyles\" src=\"https:\/\/mlfuar0h46fq.i.optimole.com\/w:auto\/h:auto\/q:mauto\/ig:avif\/https:\/\/oidaeditorial.com\/wp-content\/uploads\/2024\/08\/9788412694055.jpg\" alt=\"\" class=\"wp-image-987\" style=\"width:548px;height:auto\" srcset=\"https:\/\/mlfuar0h46fq.i.optimole.com\/w:600\/h:600\/q:mauto\/ig:avif\/https:\/\/oidaeditorial.com\/wp-content\/uploads\/2024\/08\/9788412694055.jpg 1024w, https:\/\/mlfuar0h46fq.i.optimole.com\/w:300\/h:300\/q:mauto\/ig:avif\/https:\/\/oidaeditorial.com\/wp-content\/uploads\/2024\/08\/9788412694055.jpg 300w, https:\/\/mlfuar0h46fq.i.optimole.com\/w:150\/h:150\/q:mauto\/ig:avif\/https:\/\/oidaeditorial.com\/wp-content\/uploads\/2024\/08\/9788412694055.jpg 150w, https:\/\/mlfuar0h46fq.i.optimole.com\/w:600\/h:600\/q:mauto\/ig:avif\/https:\/\/oidaeditorial.com\/wp-content\/uploads\/2024\/08\/9788412694055.jpg 768w, https:\/\/mlfuar0h46fq.i.optimole.com\/w:600\/h:600\/q:mauto\/ig:avif\/https:\/\/oidaeditorial.com\/wp-content\/uploads\/2024\/08\/9788412694055.jpg 600w, https:\/\/mlfuar0h46fq.i.optimole.com\/w:100\/h:100\/q:mauto\/ig:avif\/dpr:2\/https:\/\/oidaeditorial.com\/wp-content\/uploads\/2024\/08\/9788412694055.jpg 100w\" sizes=\"(max-width: 1000px) 100vw, 1000px\" \/><button\n\t\t\tclass=\"lightbox-trigger\"\n\t\t\ttype=\"button\"\n\t\t\taria-haspopup=\"dialog\"\n\t\t\taria-label=\"Agrandar\"\n\t\t\tdata-wp-init=\"callbacks.initTriggerButton\"\n\t\t\tdata-wp-on--click=\"actions.showLightbox\"\n\t\t\tdata-wp-style--right=\"state.imageButtonRight\"\n\t\t\tdata-wp-style--top=\"state.imageButtonTop\"\n\t\t>\n\t\t\t<svg xmlns=\"http:\/\/www.w3.org\/2000\/svg\" width=\"12\" height=\"12\" fill=\"none\" viewBox=\"0 0 12 12\">\n\t\t\t\t<path fill=\"#fff\" d=\"M2 0a2 2 0 0 0-2 2v2h1.5V2a.5.5 0 0 1 .5-.5h2V0H2Zm2 10.5H2a.5.5 0 0 1-.5-.5V8H0v2a2 2 0 0 0 2 2h2v-1.5ZM8 12v-1.5h2a.5.5 0 0 0 .5-.5V8H12v2a2 2 0 0 1-2 2H8Zm2-12a2 2 0 0 1 2 2v2h-1.5V2a.5.5 0 0 0-.5-.5H8V0h2Z\" \/>\n\t\t\t<\/svg>\n\t\t<\/button><\/figure>\n\n\n\n<p class=\"has-text-align-center has-small-font-size\"><br>DESCRIPCI\u00d3N<\/p>\n\n\n\n<p class=\"has-text-align-center\">\u00bfUn llamamiento ecologista o una eleg\u00eda de la Naturaleza? Una l\u00facida declaraci\u00f3n de amor a la misma Tierra que consumiremos con voracidad hasta el agotamiento.<\/p>\n\n\n\n<div style=\"height:34px\" aria-hidden=\"true\" class=\"wp-block-spacer\"><\/div>\n\n\n\n<h1 class=\"wp-block-heading has-text-align-center has-medium-font-size\"><strong>\u00ab<\/strong>Un d\u00eda me plant\u00e9 en mitad de la calle y dije: \u00bfpodr\u00edamos parar, por favor? Lo dije en voz alta, como si al alzar la voz pudiera compartir mis palabras con el grupo. \u00bfPero qu\u00e9 grupo? No hab\u00eda grupo, solo personas luchando por abrirse camino.<strong>\u00bb<\/strong><\/h1>\n\n\n\n<div style=\"height:34px\" aria-hidden=\"true\" class=\"wp-block-spacer\"><\/div>\n\n\n\n<p class=\"has-text-align-center has-small-font-size\">DETALLES<\/p>\n\n\n\n<p class=\"has-text-align-center has-medium-font-size\">Audiolibro interpretado por Salva Artesero, con la participaci\u00f3n de Ruth Vilar. <\/p>\n\n\n\n<p class=\"has-text-align-center\">Grabado en GATE24 Audio.<\/p>\n\n\n\n<p class=\"has-text-align-center\">DURACI\u00d3N 69 min<br><br>ISBN 978-84-126940-5-5<br><br>Escuchar la muestra:<audio src=\"https:\/\/oidaeditorial.com\/wp-content\/uploads\/2023\/04\/9788412694017_sample.mp3\"><\/audio><\/p>\n\n\n\n<figure class=\"wp-block-audio\"><audio controls=\"\" src=\"https:\/\/oidaeditorial.com\/wp-content\/uploads\/2024\/02\/004.mp3\" controlslist=\"nodownload\" style=\"width:100%;\"><\/audio><\/figure>\n\n\n\n<div style=\"height:34px\" aria-hidden=\"true\" class=\"wp-block-spacer\"><\/div>\n\n\n\n<h1 class=\"wp-block-heading has-text-align-center has-medium-font-size\"><strong>\u00ab<\/strong>A veces pienso que llamamos capitalismo a lo que simplemente es odio. Quiz\u00e1 me equivoque.<strong>\u00bb<\/strong><\/h1>\n\n\n\n<p class=\"has-text-align-center has-small-font-size\"><br>OPCIONES DE COMPRA<\/p>\n\n\n\n<p class=\"has-text-align-center\">PVP 9,99\u20ac<br><br>A la venta desde el 5 de febrero del 2024<\/p>\n\n\n\n<div class=\"wp-block-buttons is-content-justification-center is-layout-flex wp-container-core-buttons-is-layout-a89b3969 wp-block-buttons-is-layout-flex\">\n<div class=\"wp-block-button\"><a class=\"wp-block-button__link wp-element-button\" href=\"https:\/\/oidaeditorial.com\/index.php\/la-audiolibreria-teatral-oida-editorial\/?add-to-cart=663\">A\u00f1adir al carrito<\/a><\/div>\n<\/div>\n\n\n\n<p class=\"has-text-align-center\"><br>Tambi\u00e9n disponible en&nbsp;Kobo,&nbsp;Apple Books,&nbsp;BookBeat,&nbsp;Mondadori Store,&nbsp;Storytel,&nbsp;Ibs,&nbsp;Wook y&nbsp;Bertrand Livreiros.<\/p>\n\n\n\n<p class=\"has-text-align-center\">PALABRAS CLAVE Teatro contempor\u00e1neo, Literatura dram\u00e1tica, Ecolog\u00eda<\/p>\n\n\n\n<h2 class=\"wp-block-heading has-text-align-center\">OID\u00c0 EDITORIAL \u00b7 Audiolibro teatral<\/h2>\n","protected":false},"excerpt":{"rendered":"<p>Oid\u00e0 Editorial, 2024Colecci\u00f3n Literatura dram\u00e1tica contempor\u00e1nea \u00b7 Audiolibro DESCRIPCI\u00d3N \u00bfUn llamamiento ecologista o una eleg\u00eda de la Naturaleza? Una l\u00facida declaraci\u00f3n de amor a la misma Tierra que consumiremos con voracidad hasta el agotamiento. \u00abUn d\u00eda me plant\u00e9 en mitad de la calle y dije: \u00bfpodr\u00edamos parar, por favor? Lo dije en voz alta, como [&hellip;]<\/p>\n","protected":false},"author":1,"featured_media":0,"parent":157,"menu_order":0,"comment_status":"closed","ping_status":"closed","template":"","meta":{"footnotes":""},"class_list":["post-514","page","type-page","status-publish","hentry"],"_links":{"self":[{"href":"https:\/\/oidaeditorial.com\/index.php\/wp-json\/wp\/v2\/pages\/514","targetHints":{"allow":["GET"]}}],"collection":[{"href":"https:\/\/oidaeditorial.com\/index.php\/wp-json\/wp\/v2\/pages"}],"about":[{"href":"https:\/\/oidaeditorial.com\/index.php\/wp-json\/wp\/v2\/types\/page"}],"author":[{"embeddable":true,"href":"https:\/\/oidaeditorial.com\/index.php\/wp-json\/wp\/v2\/users\/1"}],"replies":[{"embeddable":true,"href":"https:\/\/oidaeditorial.com\/index.php\/wp-json\/wp\/v2\/comments?post=514"}],"version-history":[{"count":15,"href":"https:\/\/oidaeditorial.com\/index.php\/wp-json\/wp\/v2\/pages\/514\/revisions"}],"predecessor-version":[{"id":993,"href":"https:\/\/oidaeditorial.com\/index.php\/wp-json\/wp\/v2\/pages\/514\/revisions\/993"}],"up":[{"embeddable":true,"href":"https:\/\/oidaeditorial.com\/index.php\/wp-json\/wp\/v2\/pages\/157"}],"wp:attachment":[{"href":"https:\/\/oidaeditorial.com\/index.php\/wp-json\/wp\/v2\/media?parent=514"}],"curies":[{"name":"wp","href":"https:\/\/api.w.org\/{rel}","templated":true}]}}