{"id":370,"date":"2023-08-28T16:02:26","date_gmt":"2023-08-28T16:02:26","guid":{"rendered":"https:\/\/oidaeditorial.com\/?page_id=370"},"modified":"2023-09-02T08:57:35","modified_gmt":"2023-09-02T08:57:35","slug":"7-pares-de-pies-de-ruth-vilar-libro-electronico-teatral-infantil","status":"publish","type":"page","link":"https:\/\/oidaeditorial.com\/index.php\/publicaciones-audiolibro-teatral\/7-pares-de-pies-de-ruth-vilar-libro-electronico-teatral-infantil\/","title":{"rendered":"7 PARES DE PIES de Ruth Vilar \u00b7 Libro electr\u00f3nico teatral"},"content":{"rendered":"\n<p class=\"has-text-align-center\">Oid\u00e0 Editorial, 2023<br>Colecci\u00f3n Teatro para la Infancia y Juventud \u00b7 Libro electr\u00f3nico<\/p>\n\n\n\n<div style=\"height:45px\" aria-hidden=\"true\" class=\"wp-block-spacer\"><\/div>\n\n\n\n<figure data-wp-context=\"{&quot;imageId&quot;:&quot;6a07213e3acf0&quot;}\" data-wp-interactive=\"core\/image\" data-wp-key=\"6a07213e3acf0\" class=\"wp-block-image aligncenter size-large is-resized wp-lightbox-container\"><img data-opt-id=455859917  fetchpriority=\"high\" decoding=\"async\" data-wp-class--hide=\"state.isContentHidden\" data-wp-class--show=\"state.isContentVisible\" data-wp-init=\"callbacks.setButtonStyles\" data-wp-on--click=\"actions.showLightbox\" data-wp-on--load=\"callbacks.setButtonStyles\" data-wp-on-window--resize=\"callbacks.setButtonStyles\" src=\"https:\/\/mlfuar0h46fq.i.optimole.com\/w:450\/h:600\/q:mauto\/ig:avif\/https:\/\/oidaeditorial.com\/wp-content\/uploads\/2023\/08\/9788412694048.jpg\" alt=\"\" class=\"wp-image-371\" style=\"width:376px;height:501px\" width=\"376\" height=\"501\" srcset=\"https:\/\/mlfuar0h46fq.i.optimole.com\/w:450\/h:600\/q:mauto\/ig:avif\/https:\/\/oidaeditorial.com\/wp-content\/uploads\/2023\/08\/9788412694048-scaled.jpg 768w, https:\/\/mlfuar0h46fq.i.optimole.com\/w:225\/h:300\/q:mauto\/ig:avif\/https:\/\/oidaeditorial.com\/wp-content\/uploads\/2023\/08\/9788412694048-scaled.jpg 225w, https:\/\/mlfuar0h46fq.i.optimole.com\/w:450\/h:600\/q:mauto\/ig:avif\/https:\/\/oidaeditorial.com\/wp-content\/uploads\/2023\/08\/9788412694048-scaled.jpg 1152w, https:\/\/mlfuar0h46fq.i.optimole.com\/w:450\/h:600\/q:mauto\/ig:avif\/https:\/\/oidaeditorial.com\/wp-content\/uploads\/2023\/08\/9788412694048-scaled.jpg 1536w, https:\/\/mlfuar0h46fq.i.optimole.com\/w:450\/h:600\/q:mauto\/ig:avif\/https:\/\/oidaeditorial.com\/wp-content\/uploads\/2023\/08\/9788412694048-scaled.jpg 1920w\" sizes=\"(max-width: 376px) 100vw, 376px\" \/><button\n\t\t\tclass=\"lightbox-trigger\"\n\t\t\ttype=\"button\"\n\t\t\taria-haspopup=\"dialog\"\n\t\t\taria-label=\"Agrandar\"\n\t\t\tdata-wp-init=\"callbacks.initTriggerButton\"\n\t\t\tdata-wp-on--click=\"actions.showLightbox\"\n\t\t\tdata-wp-style--right=\"state.imageButtonRight\"\n\t\t\tdata-wp-style--top=\"state.imageButtonTop\"\n\t\t>\n\t\t\t<svg xmlns=\"http:\/\/www.w3.org\/2000\/svg\" width=\"12\" height=\"12\" fill=\"none\" viewBox=\"0 0 12 12\">\n\t\t\t\t<path fill=\"#fff\" d=\"M2 0a2 2 0 0 0-2 2v2h1.5V2a.5.5 0 0 1 .5-.5h2V0H2Zm2 10.5H2a.5.5 0 0 1-.5-.5V8H0v2a2 2 0 0 0 2 2h2v-1.5ZM8 12v-1.5h2a.5.5 0 0 0 .5-.5V8H12v2a2 2 0 0 1-2 2H8Zm2-12a2 2 0 0 1 2 2v2h-1.5V2a.5.5 0 0 0-.5-.5H8V0h2Z\" \/>\n\t\t\t<\/svg>\n\t\t<\/button><\/figure>\n\n\n\n<div style=\"height:30px\" aria-hidden=\"true\" class=\"wp-block-spacer\"><\/div>\n\n\n\n<h5 class=\"wp-block-heading has-text-align-center\">DESCRIPCI\u00d3N<\/h5>\n\n\n\n<p class=\"has-text-align-center\">Una ni\u00f1a est\u00e1 en el centro de la plaza. Se manifiesta por los derechos de todos los ni\u00f1os y ni\u00f1as. Est\u00e1 sola, pero eso no empeque\u00f1ece su convicci\u00f3n.&nbsp;Un adulto devorado por la prisa, indiferente a los derechos de cualquiera, quiere cruzar la plaza precisamente por el centro.&nbsp;Ni\u00f1a y adulto se encuentran.&nbsp;\u00bfSabr\u00e1n ponerse el uno en los zapatos del otro?&nbsp;\u00bfSabr\u00e1n reconocerse, aprender juntos y colaborar?<\/p>\n\n\n\n<div style=\"height:36px\" aria-hidden=\"true\" class=\"wp-block-spacer\"><\/div>\n\n\n\n<h3 class=\"wp-block-heading has-text-align-center\"><em>7 pares de pies<\/em>, de <a href=\"https:\/\/oidaeditorial.com\/index.php\/ruth-vilar\/\">Ruth Vilar<\/a>, invita a las personas de todas las edades a descubrir los derechos de ni\u00f1os y ni\u00f1as.&nbsp;Y a ejercerlos.&nbsp;<\/h3>\n\n\n\n<div style=\"height:44px\" aria-hidden=\"true\" class=\"wp-block-spacer\"><\/div>\n\n\n\n<h5 class=\"wp-block-heading has-text-align-center\">DETALLES<\/h5>\n\n\n\n<h5 class=\"wp-block-heading has-text-align-center\">Libro teatral infantil. Contiene material pedag\u00f3gico: preguntas filos\u00f3ficas para reflexionar juntos en asamblea.<br><\/h5>\n\n\n\n<p class=\"has-text-align-center\">ISBN 978-84-126940-4-8<br>Disponible en&nbsp;<a href=\"https:\/\/oidaeditorial.com\/index.php\/publicaciones\/7-parells-de-peus-de-ruth-vilar-audiollibre\/\">audiolibro<\/a> y <a href=\"https:\/\/oidaeditorial.com\/index.php\/publicaciones\/7-parells-de-peus-de-ruth-vilar-llibre-electronic-teatral-infantil\/\">libro electr\u00f3nico en catal\u00e1n<\/a>.<\/p>\n\n\n\n<div style=\"height:44px\" aria-hidden=\"true\" class=\"wp-block-spacer\"><\/div>\n\n\n\n<h2 class=\"wp-block-heading has-text-align-center\"><strong>\u00ab<\/strong>NI\u00d1A CON PIES BUSCA ADULTOS CON OREJAS<strong>.\u00bb<\/strong><\/h2>\n\n\n\n<p class=\"has-text-align-center\"><br>PVP 6,99\u20ac<\/p>\n\n\n\n<p class=\"has-text-align-center\">A la venta desde el 4 de septiembre de 2023<br>en <a href=\"https:\/\/www.kobo.com\/es\/es\/ebook\/7-pares-de-pies\">Kobo<\/a>, <a href=\"https:\/\/www.casadellibro.com\/ebook-7-pares-de-pies-ebook\/9788412694048\/14155379\">Casa del Libro<\/a>, <a href=\"https:\/\/amzn.eu\/d\/8mUZ6uz\">Amazon<\/a> y <a href=\"https:\/\/oidaeditorial.com\/index.php\/haznos-tu-pedido\/\">Oid\u00e0 Editorial<\/a><\/p>\n\n\n\n<p class=\"has-text-align-center\">PALABRAS CLAVE Participaci\u00f3n, Derechos de los Ni\u00f1os, Teatro<\/p>\n\n\n\n<h3 class=\"wp-block-heading has-text-align-center\">OID\u00c0 EDITORIAL \u00b7 Libro teatral sin fronteras<\/h3>\n","protected":false},"excerpt":{"rendered":"<p>Oid\u00e0 Editorial, 2023Colecci\u00f3n Teatro para la Infancia y Juventud \u00b7 Libro electr\u00f3nico DESCRIPCI\u00d3N Una ni\u00f1a est\u00e1 en el centro de la plaza. Se manifiesta por los derechos de todos los ni\u00f1os y ni\u00f1as. Est\u00e1 sola, pero eso no empeque\u00f1ece su convicci\u00f3n.&nbsp;Un adulto devorado por la prisa, indiferente a los derechos de cualquiera, quiere cruzar la [&hellip;]<\/p>\n","protected":false},"author":1,"featured_media":0,"parent":157,"menu_order":0,"comment_status":"closed","ping_status":"closed","template":"","meta":{"footnotes":""},"class_list":["post-370","page","type-page","status-publish","hentry"],"_links":{"self":[{"href":"https:\/\/oidaeditorial.com\/index.php\/wp-json\/wp\/v2\/pages\/370","targetHints":{"allow":["GET"]}}],"collection":[{"href":"https:\/\/oidaeditorial.com\/index.php\/wp-json\/wp\/v2\/pages"}],"about":[{"href":"https:\/\/oidaeditorial.com\/index.php\/wp-json\/wp\/v2\/types\/page"}],"author":[{"embeddable":true,"href":"https:\/\/oidaeditorial.com\/index.php\/wp-json\/wp\/v2\/users\/1"}],"replies":[{"embeddable":true,"href":"https:\/\/oidaeditorial.com\/index.php\/wp-json\/wp\/v2\/comments?post=370"}],"version-history":[{"count":4,"href":"https:\/\/oidaeditorial.com\/index.php\/wp-json\/wp\/v2\/pages\/370\/revisions"}],"predecessor-version":[{"id":423,"href":"https:\/\/oidaeditorial.com\/index.php\/wp-json\/wp\/v2\/pages\/370\/revisions\/423"}],"up":[{"embeddable":true,"href":"https:\/\/oidaeditorial.com\/index.php\/wp-json\/wp\/v2\/pages\/157"}],"wp:attachment":[{"href":"https:\/\/oidaeditorial.com\/index.php\/wp-json\/wp\/v2\/media?parent=370"}],"curies":[{"name":"wp","href":"https:\/\/api.w.org\/{rel}","templated":true}]}}