{"id":358,"date":"2023-08-28T15:36:06","date_gmt":"2023-08-28T15:36:06","guid":{"rendered":"https:\/\/oidaeditorial.com\/?page_id=358"},"modified":"2023-09-03T14:40:49","modified_gmt":"2023-09-03T14:40:49","slug":"7-parells-de-peus-de-ruth-vilar-llibre-electronic-teatral-infantil","status":"publish","type":"page","link":"https:\/\/oidaeditorial.com\/index.php\/publicaciones-audiolibro-teatral\/7-parells-de-peus-de-ruth-vilar-llibre-electronic-teatral-infantil\/","title":{"rendered":"7 PARELLS DE PEUS de Ruth Vilar \u00b7 Llibre electr\u00f2nic teatral"},"content":{"rendered":"\n<p class=\"has-text-align-center\">Oid\u00e0 Editorial, 2023<br>Col\u00b7lecci\u00f3 Teatre per a Infants i Joves \u00b7 Llibre electr\u00f2nic<\/p>\n\n\n\n<div style=\"height:44px\" aria-hidden=\"true\" class=\"wp-block-spacer\"><\/div>\n\n\n\n<figure class=\"wp-block-image aligncenter size-large is-resized\"><img data-opt-id=1678948526  fetchpriority=\"high\" decoding=\"async\" src=\"https:\/\/mlfuar0h46fq.i.optimole.com\/w:450\/h:600\/q:mauto\/ig:avif\/https:\/\/oidaeditorial.com\/wp-content\/uploads\/2023\/08\/9788412694031-1.jpg\" alt=\"\" class=\"wp-image-360\" style=\"width:376px;height:501px\" width=\"376\" height=\"501\" srcset=\"https:\/\/mlfuar0h46fq.i.optimole.com\/w:450\/h:600\/q:mauto\/ig:avif\/https:\/\/oidaeditorial.com\/wp-content\/uploads\/2023\/08\/9788412694031-1-scaled.jpg 768w, https:\/\/mlfuar0h46fq.i.optimole.com\/w:225\/h:300\/q:mauto\/ig:avif\/https:\/\/oidaeditorial.com\/wp-content\/uploads\/2023\/08\/9788412694031-1-scaled.jpg 225w, https:\/\/mlfuar0h46fq.i.optimole.com\/w:450\/h:600\/q:mauto\/ig:avif\/https:\/\/oidaeditorial.com\/wp-content\/uploads\/2023\/08\/9788412694031-1-scaled.jpg 1152w, https:\/\/mlfuar0h46fq.i.optimole.com\/w:450\/h:600\/q:mauto\/ig:avif\/https:\/\/oidaeditorial.com\/wp-content\/uploads\/2023\/08\/9788412694031-1-scaled.jpg 1536w, https:\/\/mlfuar0h46fq.i.optimole.com\/w:450\/h:600\/q:mauto\/ig:avif\/https:\/\/oidaeditorial.com\/wp-content\/uploads\/2023\/08\/9788412694031-1-scaled.jpg 1920w\" sizes=\"(max-width: 376px) 100vw, 376px\" \/><\/figure>\n\n\n\n<div style=\"height:30px\" aria-hidden=\"true\" class=\"wp-block-spacer\"><\/div>\n\n\n\n<h5 class=\"wp-block-heading has-text-align-center\">DESCRIPCI\u00d3<\/h5>\n\n\n\n<p class=\"has-text-align-center\">Una nena \u00e9s enmig de la pla\u00e7a. Es manifesta pels drets de tots els infants. Est\u00e0 sola, per\u00f2 aix\u00f2 no empetiteix la seva convicci\u00f3. Un adult engolit per la pressa, indiferent als drets de qualsevol, vol travessar la pla\u00e7a precisament pel centre. Infant i adult es troben. Sabran posar-se l\u2019un a les sabates de l\u2019altre? Sabran recon\u00e8ixer-se, aprendre junts i col\u00b7laborar?<\/p>\n\n\n\n<div style=\"height:44px\" aria-hidden=\"true\" class=\"wp-block-spacer\"><\/div>\n\n\n\n<h3 class=\"wp-block-heading has-text-align-center\"><em>7 parells de peus<\/em>, de&nbsp;<a rel=\"noreferrer noopener\" href=\"https:\/\/oidaeditorial.com\/index.php\/ruth-vilar\/\" target=\"_blank\">Ruth Vilar<\/a>, convida les persones de totes les edats a descobrir els drets dels nens i les nenes. I a exercir-los.<\/h3>\n\n\n\n<div style=\"height:44px\" aria-hidden=\"true\" class=\"wp-block-spacer\"><\/div>\n\n\n\n<h5 class=\"wp-block-heading has-text-align-center\">DETALLS<\/h5>\n\n\n\n<h5 class=\"wp-block-heading has-text-align-center\">Llibre teatral infantil. Cont\u00e9 material pedag\u00f2gic: preguntes filos\u00f2fiques per reflexionar plegats en assemblea.<br><br><audio src=\"https:\/\/oidaeditorial.com\/wp-content\/uploads\/2023\/07\/9788412694024_sample.mp3\"><\/audio><\/h5>\n\n\n\n<p class=\"has-text-align-center\">ISBN 978-84-126940-3-1<br>Disponible tamb\u00e9 en&nbsp;<a href=\"https:\/\/oidaeditorial.com\/index.php\/publicaciones\/7-parells-de-peus-de-ruth-vilar-audiollibre\/\">audiollibre<\/a> i en <a href=\"https:\/\/oidaeditorial.com\/index.php\/publicaciones\/7-pares-de-pies-de-ruth-vilar-libro-electronico-teatral-infantil\/\">llibre electr\u00f2nic en castell\u00e0<\/a>.<\/p>\n\n\n\n<div style=\"height:44px\" aria-hidden=\"true\" class=\"wp-block-spacer\"><\/div>\n\n\n\n<h2 class=\"wp-block-heading has-text-align-center\"><strong>\u00ab<\/strong>NENA AMB PEUS BUSCA GENT GRAN AMB ORELLES<strong>.\u00bb<\/strong><\/h2>\n\n\n\n<p class=\"has-text-align-center\"><br>PVP 6,99\u20ac<\/p>\n\n\n\n<p class=\"has-text-align-center\">A la venda des del 4 de setembre del 2023<br>a <a href=\"https:\/\/www.kobo.com\/es\/es\/ebook\/7-parells-de-peus-1\">Kobo<\/a>, <a href=\"https:\/\/www.casadellibro.com\/ebook-7-parells-de-peus-ebook\/9788412694031\/14155378\">Casa del Libro<\/a>, <a href=\"https:\/\/amzn.eu\/d\/8FtTHvW\">Amazon<\/a> i <a href=\"https:\/\/oidaeditorial.com\/index.php\/haznos-tu-pedido\/\" data-type=\"link\" data-id=\"https:\/\/oidaeditorial.com\/index.php\/haznos-tu-pedido\/\">Oid\u00e0 Editorial<\/a><\/p>\n\n\n\n<p class=\"has-text-align-center\">PARAULES CLAU Participaci\u00f3, Drets dels Infants, Teatre<\/p>\n\n\n\n<h4 class=\"wp-block-heading has-text-align-center\">OID\u00c0 EDITORIAL \u00b7 Llibre teatral sense fronteres<\/h4>\n","protected":false},"excerpt":{"rendered":"<p>Oid\u00e0 Editorial, 2023Col\u00b7lecci\u00f3 Teatre per a Infants i Joves \u00b7 Llibre electr\u00f2nic DESCRIPCI\u00d3 Una nena \u00e9s enmig de la pla\u00e7a. Es manifesta pels drets de tots els infants. Est\u00e0 sola, per\u00f2 aix\u00f2 no empetiteix la seva convicci\u00f3. Un adult engolit per la pressa, indiferent als drets de qualsevol, vol travessar la pla\u00e7a precisament pel centre. [&hellip;]<\/p>\n","protected":false},"author":1,"featured_media":0,"parent":157,"menu_order":0,"comment_status":"closed","ping_status":"closed","template":"","meta":{"footnotes":""},"class_list":["post-358","page","type-page","status-publish","hentry"],"_links":{"self":[{"href":"https:\/\/oidaeditorial.com\/index.php\/wp-json\/wp\/v2\/pages\/358","targetHints":{"allow":["GET"]}}],"collection":[{"href":"https:\/\/oidaeditorial.com\/index.php\/wp-json\/wp\/v2\/pages"}],"about":[{"href":"https:\/\/oidaeditorial.com\/index.php\/wp-json\/wp\/v2\/types\/page"}],"author":[{"embeddable":true,"href":"https:\/\/oidaeditorial.com\/index.php\/wp-json\/wp\/v2\/users\/1"}],"replies":[{"embeddable":true,"href":"https:\/\/oidaeditorial.com\/index.php\/wp-json\/wp\/v2\/comments?post=358"}],"version-history":[{"count":11,"href":"https:\/\/oidaeditorial.com\/index.php\/wp-json\/wp\/v2\/pages\/358\/revisions"}],"predecessor-version":[{"id":450,"href":"https:\/\/oidaeditorial.com\/index.php\/wp-json\/wp\/v2\/pages\/358\/revisions\/450"}],"up":[{"embeddable":true,"href":"https:\/\/oidaeditorial.com\/index.php\/wp-json\/wp\/v2\/pages\/157"}],"wp:attachment":[{"href":"https:\/\/oidaeditorial.com\/index.php\/wp-json\/wp\/v2\/media?parent=358"}],"curies":[{"name":"wp","href":"https:\/\/api.w.org\/{rel}","templated":true}]}}