{"id":326,"date":"2023-07-18T10:13:24","date_gmt":"2023-07-18T10:13:24","guid":{"rendered":"https:\/\/oidaeditorial.com\/?page_id=326"},"modified":"2024-05-23T10:16:14","modified_gmt":"2024-05-23T10:16:14","slug":"ruth-vilar","status":"publish","type":"page","link":"https:\/\/oidaeditorial.com\/index.php\/autores\/ruth-vilar\/","title":{"rendered":"Ruth Vilar"},"content":{"rendered":"\n<div class=\"wp-block-media-text is-stacked-on-mobile\" style=\"grid-template-columns:45% auto\"><figure class=\"wp-block-media-text__media\"><img data-opt-id=372181644  fetchpriority=\"high\" decoding=\"async\" width=\"370\" height=\"370\" src=\"https:\/\/mlfuar0h46fq.i.optimole.com\/w:auto\/h:auto\/q:mauto\/ig:avif\/https:\/\/oidaeditorial.com\/wp-content\/uploads\/2024\/05\/Ruth-Vilar.jpg\" alt=\"Ruth Vilar, autora\" class=\"wp-image-594 size-full\" srcset=\"https:\/\/mlfuar0h46fq.i.optimole.com\/w:370\/h:370\/q:mauto\/ig:avif\/https:\/\/oidaeditorial.com\/wp-content\/uploads\/2024\/05\/Ruth-Vilar.jpg 370w, https:\/\/mlfuar0h46fq.i.optimole.com\/w:300\/h:300\/q:mauto\/ig:avif\/https:\/\/oidaeditorial.com\/wp-content\/uploads\/2024\/05\/Ruth-Vilar.jpg 300w, https:\/\/mlfuar0h46fq.i.optimole.com\/w:150\/h:150\/q:mauto\/ig:avif\/https:\/\/oidaeditorial.com\/wp-content\/uploads\/2024\/05\/Ruth-Vilar.jpg 150w\" sizes=\"(max-width: 370px) 100vw, 370px\" \/><\/figure><div class=\"wp-block-media-text__content\">\n<p>Ruth Vilar es escritora, directora teatral y actriz. Cofundadora de <a href=\"http:\/\/www.cosdelletra.blogspot.com\" data-type=\"URL\" data-id=\"www.cosdelletra.blogspot.com\" target=\"_blank\" rel=\"noreferrer noopener\">Cos de Lletra<\/a>, compa\u00f1\u00eda que forma con el actor Salva Artesero y con la que ha estrenado buena parte de su obra. Estudi\u00f3 Arte Dram\u00e1tico en el Institut del Teatre de Barcelona y curs\u00f3 un m\u00e1ster de Creaci\u00f3n Literaria en la Universidad Pompeu Fabra.<\/p>\n<\/div><\/div>\n\n\n\n<p>Es autora de m\u00e1s de veinte textos dram\u00e1ticos, entre los que destacan <em><a href=\"https:\/\/oidaeditorial.com\/index.php\/publicaciones\/cerca-del-mar-de-ruth-vilar-audiolibro\/\" data-type=\"URL\" data-id=\"https:\/\/oidaeditorial.com\/index.php\/publicaciones\/cerca-del-mar-de-ruth-vilar-audiolibro\/\" target=\"_blank\" rel=\"noreferrer noopener\">Cerca del mar<\/a><\/em>, <em>Las \u00e1vidas ra\u00edces<\/em>, <em>La puerta blindada<\/em>, <em>Objetos punzantes<\/em>, <em>Esa manzana amarga<\/em> y <em>Potrero<\/em> \u2013en castellano\u2013, y <em>Les l\u00ednies imagin\u00e0ries<\/em>, <em>Cinc vares de terra<\/em>, <em>La tr\u00e0gica mort de la barbuda<\/em> y<em> L\u2019espeda\u00e7ament<\/em> \u2013en catal\u00e1n\u2013. Su producci\u00f3n infantil y juvenil comprende obras pol\u00edticas como <em><a href=\"https:\/\/oidaeditorial.com\/index.php\/publicaciones\/7-parells-de-peus-de-ruth-vilar-audiollibre\/\" data-type=\"URL\" data-id=\"https:\/\/oidaeditorial.com\/index.php\/publicaciones\/7-parells-de-peus-de-ruth-vilar-audiollibre\/\" target=\"_blank\" rel=\"noreferrer noopener\">7 parells de peus<\/a><\/em>, <em>La pedra a trossos<\/em>, <em>Don Quehar\u00e9 <\/em>y <em>Teatro sobre plano<\/em>. Ha participado en numerosos vol\u00famenes colectivos con piezas breves como <em>El arrollador Zikwala Pel\u00e9e<\/em>, <em>Una certera espada<\/em>, <em>D\u00edas son aviones<\/em>, <em>Edicto<\/em>, <em>Kiruna<\/em> y <em>Prohibido leer teatro<\/em>.<\/p>\n\n\n\n<p>Como divulgadora, es autora de <em>Explora tu creatividad<\/em>, coautora de <em>Joan Castells: El valor hum\u00e0 del teatre<\/em>, autora del pr\u00f3logo al <em>Teatro Unido<\/em> de Jos\u00e9 Sanchis Sinisterra, traductora de <em>Temps real<\/em> de Albert Mestres y colaboradora de revistas especializadas como <em>Primer Acto<\/em>. Firma la direcci\u00f3n y la dramaturgia de los espect\u00e1culos de la compa\u00f1\u00eda Cos de Lletra, tanto de sus propias obras como de montajes a partir de textos de otros autores: <em>Los ni\u00f1os tontos<\/em> de Ana Mar\u00eda Matute, <em>Ma\u00f1ana, ma\u00f1ana<\/em> de Federico Garc\u00eda Lorca, <em>Diari d\u2019un mestre adolescent<\/em> de Joan Triad\u00fa y <em>La cua del Parad\u00eds<\/em> de Pere Calders.<\/p>\n\n\n\n<p>Su trabajo ha recibido distinciones como el Premi Hospital Sant Joan de D\u00e9u, el Premio Internacional Domingo P\u00e9rez Minik de la Universidad de La Laguna, el Premi de Teatre de Calldetenes y el Premi RecVll de Blanes de Periodismo Literario; asimismo, fue finalista del Certamen de Directoras de Escena de Torrej\u00f3n de Ardoz y obtuvo una beca de creaci\u00f3n literaria de la Generalitat de Catalunya. <br><br>Escribe narrativa y ensayo, con especial atenci\u00f3n al art\u00edculo literario, que publica en <em><a href=\"http:\/\/www.prospeccionespertejo.blogspot.com\" data-type=\"URL\" data-id=\"www.prospeccionespertejo.blogspot.com\" target=\"_blank\" rel=\"noreferrer noopener\">Las u\u00f1as negras<\/a><\/em> bajo el seud\u00f3nimo de Pepa Pertejo.<\/p>\n\n\n\n<div style=\"height:50px\" aria-hidden=\"true\" class=\"wp-block-spacer\"><\/div>\n\n\n\n<figure class=\"wp-block-gallery has-nested-images columns-default is-cropped wp-block-gallery-1 is-layout-flex wp-block-gallery-is-layout-flex\">\n<figure class=\"wp-block-image size-large\"><a href=\"https:\/\/oidaeditorial.com\/index.php\/publicaciones\/cerca-del-mar-de-ruth-vilar-audiolibro\/\" target=\"_blank\" rel=\"noreferrer noopener\"><img data-opt-id=729543375  fetchpriority=\"high\" decoding=\"async\" width=\"1024\" height=\"1024\" data-id=\"140\" src=\"https:\/\/mlfuar0h46fq.i.optimole.com\/w:600\/h:600\/q:mauto\/ig:avif\/https:\/\/oidaeditorial.com\/wp-content\/uploads\/2023\/04\/9788412694017-scaled-1.jpg\" alt=\"Cerca del mar de Ruth Vilar Audiolibro de Oid\u00e0 Editorial\" class=\"wp-image-140\"\/><\/a><\/figure>\n\n\n\n<figure class=\"wp-block-image size-large\"><a href=\"https:\/\/oidaeditorial.com\/index.php\/publicaciones\/7-parells-de-peus-de-ruth-vilar-audiollibre\/\" target=\"_blank\" rel=\"noreferrer noopener\"><img data-opt-id=1383791933  data-opt-src=\"https:\/\/mlfuar0h46fq.i.optimole.com\/w:600\/h:600\/q:mauto\/ig:avif\/https:\/\/oidaeditorial.com\/wp-content\/uploads\/2023\/07\/9788412694024-net.jpg\"  decoding=\"async\" width=\"1024\" height=\"1024\" data-id=\"289\" src=\"data:image/svg+xml,%3Csvg%20viewBox%3D%220%200%201024%201024%22%20width%3D%221024%22%20height%3D%221024%22%20xmlns%3D%22http%3A%2F%2Fwww.w3.org%2F2000%2Fsvg%22%3E%3Crect%20width%3D%221024%22%20height%3D%221024%22%20fill%3D%22transparent%22%2F%3E%3C%2Fsvg%3E\" alt=\"7 parells de peus de Ruth Vilar Audiollibre d'Oid\u00e0 Editorial\" class=\"wp-image-289\" old-srcset=\"https:\/\/mlfuar0h46fq.i.optimole.com\/w:600\/h:600\/q:mauto\/ig:avif\/https:\/\/oidaeditorial.com\/wp-content\/uploads\/2023\/07\/9788412694024-net-scaled.jpg 1024w, https:\/\/mlfuar0h46fq.i.optimole.com\/w:300\/h:300\/q:mauto\/ig:avif\/https:\/\/oidaeditorial.com\/wp-content\/uploads\/2023\/07\/9788412694024-net-scaled.jpg 300w, https:\/\/mlfuar0h46fq.i.optimole.com\/w:150\/h:150\/q:mauto\/ig:avif\/https:\/\/oidaeditorial.com\/wp-content\/uploads\/2023\/07\/9788412694024-net-scaled.jpg 150w, https:\/\/mlfuar0h46fq.i.optimole.com\/w:600\/h:600\/q:mauto\/ig:avif\/https:\/\/oidaeditorial.com\/wp-content\/uploads\/2023\/07\/9788412694024-net-scaled.jpg 768w, https:\/\/mlfuar0h46fq.i.optimole.com\/w:600\/h:600\/q:mauto\/ig:avif\/https:\/\/oidaeditorial.com\/wp-content\/uploads\/2023\/07\/9788412694024-net-scaled.jpg 1536w, https:\/\/mlfuar0h46fq.i.optimole.com\/w:600\/h:600\/q:mauto\/ig:avif\/https:\/\/oidaeditorial.com\/wp-content\/uploads\/2023\/07\/9788412694024-net-scaled.jpg 2048w\" \/><\/a><\/figure>\n<\/figure>\n\n\n\n<div style=\"height:50px\" aria-hidden=\"true\" class=\"wp-block-spacer\"><\/div>\n\n\n\n<h3 class=\"wp-block-heading has-text-align-center\">OID\u00c0 EDITORIAL \u00b7 Libro teatral sin fronteras<\/h3>\n","protected":false},"excerpt":{"rendered":"<p>Ruth Vilar es escritora, directora teatral y actriz. Cofundadora de Cos de Lletra, compa\u00f1\u00eda que forma con el actor Salva Artesero y con la que ha estrenado buena parte de su obra. Estudi\u00f3 Arte Dram\u00e1tico en el Institut del Teatre de Barcelona y curs\u00f3 un m\u00e1ster de Creaci\u00f3n Literaria en la Universidad Pompeu Fabra. Es [&hellip;]<\/p>\n","protected":false},"author":1,"featured_media":0,"parent":591,"menu_order":0,"comment_status":"closed","ping_status":"closed","template":"","meta":{"footnotes":""},"class_list":["post-326","page","type-page","status-publish","hentry"],"_links":{"self":[{"href":"https:\/\/oidaeditorial.com\/index.php\/wp-json\/wp\/v2\/pages\/326","targetHints":{"allow":["GET"]}}],"collection":[{"href":"https:\/\/oidaeditorial.com\/index.php\/wp-json\/wp\/v2\/pages"}],"about":[{"href":"https:\/\/oidaeditorial.com\/index.php\/wp-json\/wp\/v2\/types\/page"}],"author":[{"embeddable":true,"href":"https:\/\/oidaeditorial.com\/index.php\/wp-json\/wp\/v2\/users\/1"}],"replies":[{"embeddable":true,"href":"https:\/\/oidaeditorial.com\/index.php\/wp-json\/wp\/v2\/comments?post=326"}],"version-history":[{"count":3,"href":"https:\/\/oidaeditorial.com\/index.php\/wp-json\/wp\/v2\/pages\/326\/revisions"}],"predecessor-version":[{"id":600,"href":"https:\/\/oidaeditorial.com\/index.php\/wp-json\/wp\/v2\/pages\/326\/revisions\/600"}],"up":[{"embeddable":true,"href":"https:\/\/oidaeditorial.com\/index.php\/wp-json\/wp\/v2\/pages\/591"}],"wp:attachment":[{"href":"https:\/\/oidaeditorial.com\/index.php\/wp-json\/wp\/v2\/media?parent=326"}],"curies":[{"name":"wp","href":"https:\/\/api.w.org\/{rel}","templated":true}]}}