{"id":3,"date":"2023-01-25T12:32:10","date_gmt":"2023-01-25T12:32:10","guid":{"rendered":"http:\/\/oidaeditorial.com\/?page_id=3"},"modified":"2024-08-21T14:44:58","modified_gmt":"2024-08-21T14:44:58","slug":"privacy-policy","status":"publish","type":"page","link":"https:\/\/oidaeditorial.com\/index.php\/privacy-policy\/","title":{"rendered":"Pol\u00edtica de privacidad"},"content":{"rendered":"\n<h2 class=\"wp-block-heading\">Qui\u00e9nes somos<\/h2>\n\n\n\n<p>La direcci\u00f3n de nuestra web es: https:\/\/oidaeditorial.com<\/p>\n\n\n\n<h2 class=\"wp-block-heading\">Cookies<\/h2>\n\n\n\n<p>Cuando accedas a nuestra p\u00e1gina instalaremos varias cookies para guardar tu informaci\u00f3n de acceso y tus opciones de visualizaci\u00f3n de pantalla. Las cookies de acceso duran dos d\u00edas, y las cookies de opciones de pantalla duran un a\u00f1o. <\/p>\n\n\n\n<h2 class=\"wp-block-heading\">Qu\u00e9 datos personales recogemos y por qu\u00e9 los recogemos<\/h2>\n\n\n\n<p>Cuando te <a href=\"https:\/\/mailchi.mp\/63db4285bc48\/boletin_oidaeditorial\">suscribes al bolet\u00edn<\/a>, te pedimos tu nombre y direcci\u00f3n de correo electr\u00f3nico, y solo los usamos para esa finalidad.<\/p>\n\n\n\n<p>Cuando haces una compra en la <a href=\"https:\/\/oidaeditorial.com\/index.php\/la-audiolibreria-teatral-oida-editorial\/\">audiolibrer\u00eda<\/a> te pedimos tu nombre, direcci\u00f3n postal, direcci\u00f3n de correo electr\u00f3nico, n\u00famero de tel\u00e9fono (opcional) e informaci\u00f3n de pago. Usamos estos datos para:<\/p>\n\n\n\n<ul class=\"wp-block-list\">\n<li>Enviarte informaci\u00f3n sobre tu cuenta y pedido<\/li>\n\n\n\n<li>Responder a tus solicitudes, incluidos reembolsos y reclamaciones<\/li>\n\n\n\n<li>Procesar pagos y evitar el fraude<\/li>\n\n\n\n<li>Configurar tu cuenta para nuestra tienda<\/li>\n\n\n\n<li>Cumplir con cualquier obligaci\u00f3n legal que tengamos, como c\u00e1lculos de impuestos<\/li>\n\n\n\n<li>Enviarte nuestro bolet\u00edn, si eliges recibirlo<\/li>\n<\/ul>\n\n\n\n<h2 class=\"wp-block-heading\">Qui\u00e9n tiene acceso a tus datos<\/h2>\n\n\n\n<p>Los miembros de nuestro equipo tienen acceso a la informaci\u00f3n que nos ofreces:<\/p>\n\n\n\n<ul class=\"wp-block-list\">\n<li>La informaci\u00f3n de pedidos, como qu\u00e9 se compr\u00f3, cu\u00e1ndo se compr\u00f3 y d\u00f3nde se deber\u00eda enviar, y<\/li>\n\n\n\n<li>La informaci\u00f3n de cliente, como tu nombre, direcci\u00f3n de correo electr\u00f3nico, y la informaci\u00f3n de facturaci\u00f3n y env\u00edo.<\/li>\n<\/ul>\n\n\n\n<p>Usamos MailChimp y Mailpoet para WooCommerce. Lee aqu\u00ed la pol\u00edtica de privacidad de <a href=\"https:\/\/mailchimp.com\/legal\/privacy\/\">Mailchimp<\/a> y de <a href=\"https:\/\/automattic.com\/privacy\/\">Mailpoet<\/a>.<\/p>\n\n\n\n<h2 class=\"wp-block-heading\">Pagos<\/h2>\n\n\n\n<p>Aceptamos pagos mediante PayPal y Stripe\/Link. <br>Al procesar tus pagos algunos datos pasar\u00e1n al servicio que hayas usado, incluida la informaci\u00f3n requerida para gestionar o dar soporte al pago, tales como el total de la compra y la informaci\u00f3n de facturaci\u00f3n. <br>Puedes consultar aqu\u00ed la\u00a0pol\u00edtica de privacidad de <a href=\"https:\/\/www.paypal.com\/es\/webapps\/mpp\/ua\/privacy-full\">PayPal<\/a> y de <a href=\"https:\/\/link.com\/en-es\/privacy\">Stripe\/Link<\/a>.<\/p>\n\n\n\n<h2 class=\"wp-block-heading\">Cu\u00e1nto tiempo conservamos tus datos<\/h2>\n\n\n\n<p>Normalmente almacenamos informaci\u00f3n sobre ti durante el tiempo que necesitemos la informaci\u00f3n para los prop\u00f3sitos para los que la recopilamos y usamos. <\/p>\n\n\n\n<p>Conservamos tu informaci\u00f3n de suscriptor mientras lo seas, y puedes darte de baja cuando quieras.<\/p>\n\n\n\n<p>Almacenamos informaci\u00f3n de los pedidos durante 5 a\u00f1os para cumplir con nuestras obligaciones legales sobre impuestos y contabilidad. Esto incluye tu nombre, direcci\u00f3n de correo electr\u00f3nico y direcciones de facturaci\u00f3n.<\/p>\n\n\n\n<h2 class=\"wp-block-heading\">Qu\u00e9 derechos tienes sobre tus datos<\/h2>\n\n\n\n<p>Puedes solicitarnos recibir un archivo con los datos personales que tenemos sobre ti. Tambi\u00e9n puedes solicitar que rectifiquemos o eliminemos cualquiera de tus datos personales. Esto no incluye aquellos datos que estemos obligados a conservar con fines administrativos, legales o de seguridad.<\/p>\n\n\n\n<h2 class=\"wp-block-heading\">Contacta con nosotros<\/h2>\n\n\n\n<p>Para cuestiones espec\u00edficas de privacidad, escr\u00edbenos a editor@oidaeditorial.com <\/p>\n\n\n\n<div style=\"height:100px\" aria-hidden=\"true\" class=\"wp-block-spacer\"><\/div>\n\n\n\n<h3 class=\"wp-block-heading has-text-align-center\">OID\u00c0 EDITORIAL \u00b7 Audiolibro teatral<\/h3>\n\n\n\n<p><\/p>\n","protected":false},"excerpt":{"rendered":"<p>Qui\u00e9nes somos La direcci\u00f3n de nuestra web es: https:\/\/oidaeditorial.com Cookies Cuando accedas a nuestra p\u00e1gina instalaremos varias cookies para guardar tu informaci\u00f3n de acceso y tus opciones de visualizaci\u00f3n de pantalla. Las cookies de acceso duran dos d\u00edas, y las cookies de opciones de pantalla duran un a\u00f1o. Qu\u00e9 datos personales recogemos y por qu\u00e9 [&hellip;]<\/p>\n","protected":false},"author":1,"featured_media":0,"parent":0,"menu_order":0,"comment_status":"closed","ping_status":"open","template":"","meta":{"footnotes":""},"class_list":["post-3","page","type-page","status-publish","hentry"],"_links":{"self":[{"href":"https:\/\/oidaeditorial.com\/index.php\/wp-json\/wp\/v2\/pages\/3","targetHints":{"allow":["GET"]}}],"collection":[{"href":"https:\/\/oidaeditorial.com\/index.php\/wp-json\/wp\/v2\/pages"}],"about":[{"href":"https:\/\/oidaeditorial.com\/index.php\/wp-json\/wp\/v2\/types\/page"}],"author":[{"embeddable":true,"href":"https:\/\/oidaeditorial.com\/index.php\/wp-json\/wp\/v2\/users\/1"}],"replies":[{"embeddable":true,"href":"https:\/\/oidaeditorial.com\/index.php\/wp-json\/wp\/v2\/comments?post=3"}],"version-history":[{"count":5,"href":"https:\/\/oidaeditorial.com\/index.php\/wp-json\/wp\/v2\/pages\/3\/revisions"}],"predecessor-version":[{"id":753,"href":"https:\/\/oidaeditorial.com\/index.php\/wp-json\/wp\/v2\/pages\/3\/revisions\/753"}],"wp:attachment":[{"href":"https:\/\/oidaeditorial.com\/index.php\/wp-json\/wp\/v2\/media?parent=3"}],"curies":[{"name":"wp","href":"https:\/\/api.w.org\/{rel}","templated":true}]}}