{"id":288,"date":"2023-07-04T15:29:39","date_gmt":"2023-07-04T15:29:39","guid":{"rendered":"https:\/\/oidaeditorial.com\/?page_id=288"},"modified":"2026-04-18T18:11:15","modified_gmt":"2026-04-18T18:11:15","slug":"7-parells-de-peus-de-ruth-vilar-audiollibre","status":"publish","type":"page","link":"https:\/\/oidaeditorial.com\/index.php\/publicaciones-audiolibro-teatral\/7-parells-de-peus-de-ruth-vilar-audiollibre\/","title":{"rendered":"7 PARELLS DE PEUS de Ruth Vilar | Audiollibre teatral infantil"},"content":{"rendered":"\n<p class=\"has-text-align-center\">Oid\u00e0 Editorial, 2023<br>Col\u00b7lecci\u00f3 Teatre per a Infants i Joves \u00b7 Audiollibre<\/p>\n\n\n\n<div style=\"height:15px\" aria-hidden=\"true\" class=\"wp-block-spacer\"><\/div>\n\n\n\n<figure class=\"wp-block-image aligncenter size-full is-resized\"><img data-opt-id=157527068  fetchpriority=\"high\" decoding=\"async\" width=\"500\" height=\"500\" src=\"https:\/\/mlfuar0h46fq.i.optimole.com\/w:auto\/h:auto\/q:mauto\/ig:avif\/https:\/\/oidaeditorial.com\/wp-content\/uploads\/2024\/08\/9788412694024-500.png\" alt=\"\" class=\"wp-image-986\" style=\"aspect-ratio:1;object-fit:contain;width:600px\" srcset=\"https:\/\/mlfuar0h46fq.i.optimole.com\/w:500\/h:500\/q:mauto\/ig:avif\/https:\/\/oidaeditorial.com\/wp-content\/uploads\/2024\/08\/9788412694024-500.png 500w, https:\/\/mlfuar0h46fq.i.optimole.com\/w:300\/h:300\/q:mauto\/ig:avif\/https:\/\/oidaeditorial.com\/wp-content\/uploads\/2024\/08\/9788412694024-500.png 300w, https:\/\/mlfuar0h46fq.i.optimole.com\/w:150\/h:150\/q:mauto\/ig:avif\/https:\/\/oidaeditorial.com\/wp-content\/uploads\/2024\/08\/9788412694024-500.png 150w, https:\/\/mlfuar0h46fq.i.optimole.com\/w:100\/h:100\/q:mauto\/ig:avif\/dpr:2\/https:\/\/oidaeditorial.com\/wp-content\/uploads\/2024\/08\/9788412694024-500.png 100w\" sizes=\"(max-width: 500px) 100vw, 500px\" \/><\/figure>\n\n\n\n<div style=\"height:31px\" aria-hidden=\"true\" class=\"wp-block-spacer\"><\/div>\n\n\n\n<h5 class=\"wp-block-heading has-text-align-center\">DESCRIPCI\u00d3<\/h5>\n\n\n\n<p class=\"has-text-align-center\">Una nena \u00e9s enmig de la pla\u00e7a. Es manifesta pels drets de tots els infants. Est\u00e0 sola, per\u00f2 aix\u00f2 no empetiteix la seva convicci\u00f3. Un adult engolit per la pressa, indiferent als drets de qualsevol, vol travessar la pla\u00e7a precisament pel centre. Infant i adult es troben. Sabran posar-se l&#8217;un a les sabates de l&#8217;altre? Sabran recon\u00e8ixer-se, aprendre junts i col\u00b7laborar?<\/p>\n\n\n\n<div style=\"height:27px\" aria-hidden=\"true\" class=\"wp-block-spacer\"><\/div>\n\n\n\n<h3 class=\"wp-block-heading has-text-align-center\"><em>7 parells de peus<\/em>, de <a href=\"https:\/\/oidaeditorial.com\/index.php\/ruth-vilar\/\" data-type=\"URL\" data-id=\"https:\/\/oidaeditorial.com\/index.php\/ruth-vilar\/\" target=\"_blank\" rel=\"noreferrer noopener\">Ruth Vilar<\/a>, convida les persones de totes les edats a descobrir els drets dels nens i les nenes. I a exercir-los.<\/h3>\n\n\n\n<div style=\"height:36px\" aria-hidden=\"true\" class=\"wp-block-spacer\"><\/div>\n\n\n\n<h5 class=\"wp-block-heading has-text-align-center\">DETALLS<\/h5>\n\n\n\n<h5 class=\"wp-block-heading has-text-align-center\">Audiollibre interpretat per Salva Artesero i Magal\u00ed Verge Pineda, actors de l&#8217;espectacle teatral de <a rel=\"noreferrer noopener\" href=\"http:\/\/www.cosdelletra.blogspot.com\/\" target=\"_blank\">Cos de Lletra<\/a>.<br>[Estrena: Festival LOLA, octubre 2023]<\/h5>\n\n\n\n<h5 class=\"wp-block-heading has-text-align-center\">Cont\u00e9 material pedag\u00f2gic: preguntes filos\u00f2fiques per reflexionar plegats, llegides per l&#8217;autora.<\/h5>\n\n\n\n<p class=\"has-text-align-center\">Dirigit per Salva Artesero i Ruth Vilar. <br>M\u00fasica original de Manel S\u00e1nchez Riera. <br>Enregistrat a GATE24 Audio.<\/p>\n\n\n\n<p class=\"has-text-align-center\">DURADA 55 min<br><br>ISBN 978-84-126940-2-4<br>Disponible tamb\u00e9 en&nbsp;<a href=\"https:\/\/oidaeditorial.com\/index.php\/publicaciones\/7-parells-de-peus-de-ruth-vilar-llibre-electronic-teatral-infantil\/\">llibre electr\u00f2nic en catal\u00e0<\/a> i <a href=\"https:\/\/oidaeditorial.com\/index.php\/publicaciones\/7-pares-de-pies-de-ruth-vilar-libro-electronico-teatral-infantil\/\">en castell\u00e0<\/a>.<br><br><strong>TR\u00c0ILER<\/strong><\/p>\n\n\n\n<figure class=\"wp-block-audio\"><audio controls=\"\" src=\"https:\/\/oidaeditorial.com\/wp-content\/uploads\/2023\/07\/9788412694024_sample.mp3\" controlslist=\"nodownload\" style=\"width:100%;\"><\/audio><\/figure>\n\n\n\n<h2 class=\"wp-block-heading has-text-align-center\"><strong>\u00ab<\/strong>NENA AMB PEUS BUSCA GENT GRAN AMB ORELLES<strong>.\u00bb<\/strong><\/h2>\n\n\n\n<div style=\"height:29px\" aria-hidden=\"true\" class=\"wp-block-spacer\"><\/div>\n\n\n\n<p class=\"has-text-align-center\">PVP 12,99\u20ac<\/p>\n\n\n\n<p class=\"has-text-align-center\">A la venda des del 4 de setembre del 2023<\/p>\n\n\n\n<div class=\"wp-block-buttons is-content-justification-center is-layout-flex wp-container-core-buttons-is-layout-a89b3969 wp-block-buttons-is-layout-flex\">\n<div class=\"wp-block-button\"><a class=\"wp-block-button__link wp-element-button\" href=\"https:\/\/oidaeditorial.com\/index.php\/la-audiolibreria-teatral-oida-editorial\/?add-to-cart=674\">Afegir al carro<\/a><\/div>\n<\/div>\n\n\n\n<p class=\"has-text-align-center\"><br>Tamb\u00e9 disponible a <a href=\"https:\/\/www.kobo.com\/es\/es\/audiobook\/7-parells-de-peus\">Kobo<\/a>, Apple Audio, Bookbeat, Storytel, Wook i Bol.<\/p>\n\n\n\n<p class=\"has-text-align-center\">PARAULES CLAU Participaci\u00f3, Drets dels Infants, Teatre<\/p>\n\n\n\n<h4 class=\"wp-block-heading has-text-align-center\">OID\u00c0 EDITORIAL \u00b7 Audiollibre teatral<\/h4>\n","protected":false},"excerpt":{"rendered":"<p>Oid\u00e0 Editorial, 2023Col\u00b7lecci\u00f3 Teatre per a Infants i Joves \u00b7 Audiollibre DESCRIPCI\u00d3 Una nena \u00e9s enmig de la pla\u00e7a. Es manifesta pels drets de tots els infants. Est\u00e0 sola, per\u00f2 aix\u00f2 no empetiteix la seva convicci\u00f3. Un adult engolit per la pressa, indiferent als drets de qualsevol, vol travessar la pla\u00e7a precisament pel centre. Infant [&hellip;]<\/p>\n","protected":false},"author":1,"featured_media":0,"parent":157,"menu_order":0,"comment_status":"closed","ping_status":"closed","template":"","meta":{"footnotes":""},"class_list":["post-288","page","type-page","status-publish","hentry"],"_links":{"self":[{"href":"https:\/\/oidaeditorial.com\/index.php\/wp-json\/wp\/v2\/pages\/288","targetHints":{"allow":["GET"]}}],"collection":[{"href":"https:\/\/oidaeditorial.com\/index.php\/wp-json\/wp\/v2\/pages"}],"about":[{"href":"https:\/\/oidaeditorial.com\/index.php\/wp-json\/wp\/v2\/types\/page"}],"author":[{"embeddable":true,"href":"https:\/\/oidaeditorial.com\/index.php\/wp-json\/wp\/v2\/users\/1"}],"replies":[{"embeddable":true,"href":"https:\/\/oidaeditorial.com\/index.php\/wp-json\/wp\/v2\/comments?post=288"}],"version-history":[{"count":28,"href":"https:\/\/oidaeditorial.com\/index.php\/wp-json\/wp\/v2\/pages\/288\/revisions"}],"predecessor-version":[{"id":996,"href":"https:\/\/oidaeditorial.com\/index.php\/wp-json\/wp\/v2\/pages\/288\/revisions\/996"}],"up":[{"embeddable":true,"href":"https:\/\/oidaeditorial.com\/index.php\/wp-json\/wp\/v2\/pages\/157"}],"wp:attachment":[{"href":"https:\/\/oidaeditorial.com\/index.php\/wp-json\/wp\/v2\/media?parent=288"}],"curies":[{"name":"wp","href":"https:\/\/api.w.org\/{rel}","templated":true}]}}