{"id":25,"date":"2023-03-27T11:54:03","date_gmt":"2023-03-27T11:54:03","guid":{"rendered":"http:\/\/oidaeditorial.com\/?page_id=25"},"modified":"2026-04-18T18:09:14","modified_gmt":"2026-04-18T18:09:14","slug":"cerca-del-mar-de-ruth-vilar-audiolibro","status":"publish","type":"page","link":"https:\/\/oidaeditorial.com\/index.php\/publicaciones-audiolibro-teatral\/cerca-del-mar-de-ruth-vilar-audiolibro\/","title":{"rendered":"CERCA DEL MAR de Ruth Vilar \u00b7 Audiolibro teatral"},"content":{"rendered":"\n<p class=\"has-text-align-center\">Oid\u00e0 Editorial, 2023<br>Colecci\u00f3n Literatura dram\u00e1tica contempor\u00e1nea \u00b7 Audiolibro<\/p>\n\n\n\n<figure data-wp-context=\"{&quot;imageId&quot;:&quot;69e5bfe9e8610&quot;}\" data-wp-interactive=\"core\/image\" data-wp-key=\"69e5bfe9e8610\" class=\"wp-block-image aligncenter size-full is-resized wp-lightbox-container\"><img data-opt-id=1416836860  fetchpriority=\"high\" decoding=\"async\" width=\"1024\" height=\"1024\" data-wp-class--hide=\"state.isContentHidden\" data-wp-class--show=\"state.isContentVisible\" data-wp-init=\"callbacks.setButtonStyles\" data-wp-on--click=\"actions.showLightbox\" data-wp-on--load=\"callbacks.setButtonStyles\" data-wp-on-window--resize=\"callbacks.setButtonStyles\" src=\"https:\/\/mlfuar0h46fq.i.optimole.com\/w:auto\/h:auto\/q:mauto\/ig:avif\/https:\/\/oidaeditorial.com\/wp-content\/uploads\/2024\/11\/9788412694017-1024x1024-2.jpg\" alt=\"\" class=\"wp-image-827\" style=\"aspect-ratio:1;object-fit:contain;width:600px\" srcset=\"https:\/\/mlfuar0h46fq.i.optimole.com\/w:600\/h:600\/q:mauto\/ig:avif\/https:\/\/oidaeditorial.com\/wp-content\/uploads\/2024\/11\/9788412694017-1024x1024-2.jpg 1024w, https:\/\/mlfuar0h46fq.i.optimole.com\/w:300\/h:300\/q:mauto\/ig:avif\/https:\/\/oidaeditorial.com\/wp-content\/uploads\/2024\/11\/9788412694017-1024x1024-2.jpg 300w, https:\/\/mlfuar0h46fq.i.optimole.com\/w:150\/h:150\/q:mauto\/ig:avif\/https:\/\/oidaeditorial.com\/wp-content\/uploads\/2024\/11\/9788412694017-1024x1024-2.jpg 150w, https:\/\/mlfuar0h46fq.i.optimole.com\/w:600\/h:600\/q:mauto\/ig:avif\/https:\/\/oidaeditorial.com\/wp-content\/uploads\/2024\/11\/9788412694017-1024x1024-2.jpg 768w, https:\/\/mlfuar0h46fq.i.optimole.com\/w:600\/h:600\/q:mauto\/ig:avif\/https:\/\/oidaeditorial.com\/wp-content\/uploads\/2024\/11\/9788412694017-1024x1024-2.jpg 600w, https:\/\/mlfuar0h46fq.i.optimole.com\/w:100\/h:100\/q:mauto\/ig:avif\/dpr:2\/https:\/\/oidaeditorial.com\/wp-content\/uploads\/2024\/11\/9788412694017-1024x1024-2.jpg 100w\" sizes=\"(max-width: 1000px) 100vw, 1000px\" \/><button\n\t\t\tclass=\"lightbox-trigger\"\n\t\t\ttype=\"button\"\n\t\t\taria-haspopup=\"dialog\"\n\t\t\taria-label=\"Agrandar\"\n\t\t\tdata-wp-init=\"callbacks.initTriggerButton\"\n\t\t\tdata-wp-on--click=\"actions.showLightbox\"\n\t\t\tdata-wp-style--right=\"state.imageButtonRight\"\n\t\t\tdata-wp-style--top=\"state.imageButtonTop\"\n\t\t>\n\t\t\t<svg xmlns=\"http:\/\/www.w3.org\/2000\/svg\" width=\"12\" height=\"12\" fill=\"none\" viewBox=\"0 0 12 12\">\n\t\t\t\t<path fill=\"#fff\" d=\"M2 0a2 2 0 0 0-2 2v2h1.5V2a.5.5 0 0 1 .5-.5h2V0H2Zm2 10.5H2a.5.5 0 0 1-.5-.5V8H0v2a2 2 0 0 0 2 2h2v-1.5ZM8 12v-1.5h2a.5.5 0 0 0 .5-.5V8H12v2a2 2 0 0 1-2 2H8Zm2-12a2 2 0 0 1 2 2v2h-1.5V2a.5.5 0 0 0-.5-.5H8V0h2Z\" \/>\n\t\t\t<\/svg>\n\t\t<\/button><\/figure>\n\n\n\n<p class=\"has-text-align-center has-small-font-size\"><br>DESCRIPCI\u00d3N<\/p>\n\n\n\n<p class=\"has-text-align-center\">La joven Irene habla. Se dirige a distintas personas. De ellas depende el curso de su vida. Con cada uno de esos breves intercambios de palabras, apenas nos ofrece una porci\u00f3n min\u00fascula de su dolor. A trav\u00e9s de todos ellos, uno tras otro, adivinamos la tragedia inminente y asistimos a sus consecuencias. <em>Cerca del mar<\/em> es una obra dram\u00e1tica de <a href=\"https:\/\/oidaeditorial.com\/index.php\/ruth-vilar\/\" target=\"_blank\" rel=\"noreferrer noopener\">Ruth Vilar<\/a> inspirada en un caso real. Una sucesi\u00f3n de mon\u00f3logos sobrios, valientes y sensibles. <br><br><\/p>\n\n\n\n<h1 class=\"wp-block-heading has-text-align-center has-medium-font-size\"><strong>\u00ab<\/strong>Con el lenguaje accedemos a los rincones m\u00e1s \u00edntimos de Irene, a su situaci\u00f3n en cada momento, a sus contradicciones, a sus esperanzas, al resto de personajes, al coraz\u00f3n de lo injusto. El lenguaje, que dice lo que somos sin escapatoria. [&#8230;] Una obra maestra<strong>.\u00bb<\/strong><br>Nieves Rodr\u00edguez Rodr\u00edguez<br><br><\/h1>\n\n\n\n<p class=\"has-text-align-center has-small-font-size\">DETALLES<\/p>\n\n\n\n<p class=\"has-text-align-center has-medium-font-size\">Audiolibro interpretado por su autora. <br>Ep\u00edlogo de Elvira Lindo.&nbsp;<\/p>\n\n\n\n<p class=\"has-text-align-center\">Dirigido por Salva Artesero, con la participaci\u00f3n de Elena Fortuny y Manel S\u00e1nchez Riera. Grabado en GATE24 Audio.<\/p>\n\n\n\n<p class=\"has-text-align-center\">DURACI\u00d3N 65 min<br><br>ISBN 978-84-126940-1-7<br>Disponible tambi\u00e9n en <a href=\"https:\/\/oidaeditorial.com\/index.php\/cerca-del-mar-de-ruth-vilar-epub\" target=\"_blank\" rel=\"noreferrer noopener\">libro electr\u00f3nico<\/a> y en <a rel=\"noreferrer noopener\" href=\"https:\/\/cosdelletra.blogspot.com\/2023\/02\/libros-de-ruth-vilar.html\" target=\"_blank\">edici\u00f3n impresa<\/a>.<br><br>Escuchar la muestra:<\/p>\n\n\n\n<figure class=\"wp-block-audio\"><audio controls=\"\" src=\"https:\/\/oidaeditorial.com\/wp-content\/uploads\/2023\/04\/9788412694017_sample.mp3\" controlslist=\"nodownload\" style=\"width:100%;\"><\/audio><\/figure>\n\n\n\n<h1 class=\"wp-block-heading has-text-align-center has-medium-font-size\">\u00abIrene se representa a ella y solo a ella, pero como ocurre con las palabras arrancadas del coraz\u00f3n, cargadas de verdad, se convierte en la voz de otras muchas que, viviendo algo parecido, no tuvieron la valent\u00eda o la oportunidad necesarias para saber contarlo.\u00bb <br>Elvira Lindo<\/h1>\n\n\n\n<p class=\"has-text-align-center has-small-font-size\"><br>OPCIONES DE COMPRA<\/p>\n\n\n\n<p class=\"has-text-align-center\">PVP 9,99\u20ac<br><br>A la venta desde el 27 de marzo del 2023<\/p>\n\n\n\n<div class=\"wp-block-buttons is-content-justification-center is-layout-flex wp-container-core-buttons-is-layout-a89b3969 wp-block-buttons-is-layout-flex\">\n<div class=\"wp-block-button\"><a class=\"wp-block-button__link wp-element-button\" href=\"https:\/\/oidaeditorial.com\/index.php\/la-audiolibreria-teatral-oida-editorial\/?add-to-cart=672\">A\u00f1adir al carrito<\/a><\/div>\n<\/div>\n\n\n\n<p class=\"has-text-align-center\">Tambi\u00e9n disponible en <a href=\"https:\/\/www.kobo.com\/es\/es\/audiobook\/cerca-del-mar-1\" data-type=\"URL\" data-id=\"https:\/\/www.kobo.com\/es\/es\/audiobook\/cerca-del-mar-1\" target=\"_blank\" rel=\"noreferrer noopener\">Kobo<\/a>, <a href=\"https:\/\/www.apple.com\/es\/apple-books\/\" data-type=\"URL\" data-id=\"https:\/\/www.apple.com\/es\/apple-books\/\" target=\"_blank\" rel=\"noreferrer noopener\">Apple Books<\/a>, <a href=\"https:\/\/www.bookbeat.es\/libro\/cerca-del-mar-1083177\" data-type=\"URL\" data-id=\"https:\/\/www.bookbeat.es\/libro\/cerca-del-mar-1083177\" target=\"_blank\" rel=\"noreferrer noopener\">BookBeat<\/a>, <a href=\"https:\/\/books.mondadoristore.it\/Cerca-del-mar-Elvira-Lindo-Manel-Snchez-Riera-Ruth-Vilar-Salva-Artesero\/eae978841269401\/?_ga=2.74081362.1765291056.1682248341-970521167.1682248340\" data-type=\"URL\" data-id=\"https:\/\/books.mondadoristore.it\/Cerca-del-mar-Elvira-Lindo-Manel-Snchez-Riera-Ruth-Vilar-Salva-Artesero\/eae978841269401\/?_ga=2.74081362.1765291056.1682248341-970521167.1682248340\" target=\"_blank\" rel=\"noreferrer noopener\">Mondadori Store<\/a>, <a href=\"https:\/\/www.storytel.com\/es\/es\/books\/cerca-del-mar-2254981\" target=\"_blank\" rel=\"noreferrer noopener\">Storytel<\/a>, <a href=\"https:\/\/www.ibs.it\/cerca-del-mar-audiobook-vari\/e\/9788412694017\" data-type=\"URL\" data-id=\"https:\/\/www.ibs.it\/cerca-del-mar-audiobook-vari\/e\/9788412694017\" target=\"_blank\" rel=\"noreferrer noopener\">Ibs<\/a>, <a href=\"https:\/\/www.wook.pt\/audiolivro\/cerca-del-mar-ruth-vilar\/28422567\" data-type=\"URL\" data-id=\"https:\/\/www.wook.pt\/audiolivro\/cerca-del-mar-ruth-vilar\/28422567\" target=\"_blank\" rel=\"noreferrer noopener\">Wook<\/a>, <a href=\"https:\/\/www.bertrand.pt\/audiolivro\/cerca-del-mar-ruth-vilar\/28422567\" data-type=\"URL\" data-id=\"https:\/\/www.bertrand.pt\/audiolivro\/cerca-del-mar-ruth-vilar\/28422567\" target=\"_blank\" rel=\"noreferrer noopener\">Bertrand Livreiros<\/a>.<\/p>\n\n\n\n<p class=\"has-text-align-center\">PALABRAS CLAVE Teatro contempor\u00e1neo, Literatura dram\u00e1tica, True crime<\/p>\n\n\n\n<h2 class=\"wp-block-heading has-text-align-center has-large-font-size\">OID\u00c0 EDITORIAL \u00b7 Audiolibro teatral<\/h2>\n","protected":false},"excerpt":{"rendered":"<p>Oid\u00e0 Editorial, 2023Colecci\u00f3n Literatura dram\u00e1tica contempor\u00e1nea \u00b7 Audiolibro DESCRIPCI\u00d3N La joven Irene habla. Se dirige a distintas personas. De ellas depende el curso de su vida. Con cada uno de esos breves intercambios de palabras, apenas nos ofrece una porci\u00f3n min\u00fascula de su dolor. A trav\u00e9s de todos ellos, uno tras otro, adivinamos la tragedia [&hellip;]<\/p>\n","protected":false},"author":1,"featured_media":0,"parent":157,"menu_order":0,"comment_status":"closed","ping_status":"closed","template":"","meta":{"footnotes":""},"class_list":["post-25","page","type-page","status-publish","hentry"],"_links":{"self":[{"href":"https:\/\/oidaeditorial.com\/index.php\/wp-json\/wp\/v2\/pages\/25","targetHints":{"allow":["GET"]}}],"collection":[{"href":"https:\/\/oidaeditorial.com\/index.php\/wp-json\/wp\/v2\/pages"}],"about":[{"href":"https:\/\/oidaeditorial.com\/index.php\/wp-json\/wp\/v2\/types\/page"}],"author":[{"embeddable":true,"href":"https:\/\/oidaeditorial.com\/index.php\/wp-json\/wp\/v2\/users\/1"}],"replies":[{"embeddable":true,"href":"https:\/\/oidaeditorial.com\/index.php\/wp-json\/wp\/v2\/comments?post=25"}],"version-history":[{"count":38,"href":"https:\/\/oidaeditorial.com\/index.php\/wp-json\/wp\/v2\/pages\/25\/revisions"}],"predecessor-version":[{"id":995,"href":"https:\/\/oidaeditorial.com\/index.php\/wp-json\/wp\/v2\/pages\/25\/revisions\/995"}],"up":[{"embeddable":true,"href":"https:\/\/oidaeditorial.com\/index.php\/wp-json\/wp\/v2\/pages\/157"}],"wp:attachment":[{"href":"https:\/\/oidaeditorial.com\/index.php\/wp-json\/wp\/v2\/media?parent=25"}],"curies":[{"name":"wp","href":"https:\/\/api.w.org\/{rel}","templated":true}]}}