{"id":157,"date":"2023-04-16T16:43:02","date_gmt":"2023-04-16T16:43:02","guid":{"rendered":"http:\/\/oidaeditorial.com\/?page_id=157"},"modified":"2026-04-19T09:27:35","modified_gmt":"2026-04-19T09:27:35","slug":"publicaciones-audiolibro-teatral","status":"publish","type":"page","link":"https:\/\/oidaeditorial.com\/index.php\/publicaciones-audiolibro-teatral\/","title":{"rendered":"Publicaciones"},"content":{"rendered":"\n<p><\/p>\n\n\n\n<blockquote class=\"wp-block-quote is-layout-flow wp-block-quote-is-layout-flow\">\n<p class=\"has-text-align-center\"><strong>Colecci\u00f3n <\/strong><br><strong>Literatura Dram\u00e1tica Contempor\u00e1nea<\/strong><\/p>\n<\/blockquote>\n\n\n\n<div style=\"height:35px\" aria-hidden=\"true\" class=\"wp-block-spacer\"><\/div>\n\n\n\n<div class=\"wp-block-media-text is-stacked-on-mobile\" style=\"grid-template-columns:44% auto\"><figure class=\"wp-block-media-text__media\"><img data-opt-id=1416836860  fetchpriority=\"high\" decoding=\"async\" width=\"1024\" height=\"1024\" src=\"https:\/\/mlfuar0h46fq.i.optimole.com\/w:auto\/h:auto\/q:mauto\/ig:avif\/https:\/\/oidaeditorial.com\/wp-content\/uploads\/2024\/11\/9788412694017-1024x1024-2.jpg\" alt=\"\" class=\"wp-image-827 size-full\" srcset=\"https:\/\/mlfuar0h46fq.i.optimole.com\/w:600\/h:600\/q:mauto\/ig:avif\/https:\/\/oidaeditorial.com\/wp-content\/uploads\/2024\/11\/9788412694017-1024x1024-2.jpg 1024w, https:\/\/mlfuar0h46fq.i.optimole.com\/w:300\/h:300\/q:mauto\/ig:avif\/https:\/\/oidaeditorial.com\/wp-content\/uploads\/2024\/11\/9788412694017-1024x1024-2.jpg 300w, https:\/\/mlfuar0h46fq.i.optimole.com\/w:150\/h:150\/q:mauto\/ig:avif\/https:\/\/oidaeditorial.com\/wp-content\/uploads\/2024\/11\/9788412694017-1024x1024-2.jpg 150w, https:\/\/mlfuar0h46fq.i.optimole.com\/w:600\/h:600\/q:mauto\/ig:avif\/https:\/\/oidaeditorial.com\/wp-content\/uploads\/2024\/11\/9788412694017-1024x1024-2.jpg 768w, https:\/\/mlfuar0h46fq.i.optimole.com\/w:600\/h:600\/q:mauto\/ig:avif\/https:\/\/oidaeditorial.com\/wp-content\/uploads\/2024\/11\/9788412694017-1024x1024-2.jpg 600w, https:\/\/mlfuar0h46fq.i.optimole.com\/w:100\/h:100\/q:mauto\/ig:avif\/dpr:2\/https:\/\/oidaeditorial.com\/wp-content\/uploads\/2024\/11\/9788412694017-1024x1024-2.jpg 100w\" sizes=\"(max-width: 1000px) 100vw, 1000px\" \/><\/figure><div class=\"wp-block-media-text__content\">\n<p class=\"has-text-align-center\">Serie Audiolibros, 1:<br><a href=\"https:\/\/oidaeditorial.com\/index.php\/cerca-del-mar-de-ruth-vilar-audiolibro\" data-type=\"URL\" data-id=\"https:\/\/oidaeditorial.com\/index.php\/cerca-del-mar-de-ruth-vilar-2\/\" target=\"_blank\" rel=\"noreferrer noopener\"><em>Cerca del mar<\/em>, de Ruth Vilar<\/a><\/p>\n<\/div><\/div>\n\n\n\n<div class=\"wp-block-media-text has-media-on-the-right is-stacked-on-mobile\" style=\"grid-template-columns:auto 44%\"><div class=\"wp-block-media-text__content\">\n<p class=\"has-text-align-center\">Serie Audiolibros, 2:<br><a href=\"https:\/\/oidaeditorial.com\/index.php\/publicaciones\/heredaras-el-cosmos-el-estremecimiento-de-julio-fernandez-pelaez-audiolibro-teatral\/\" target=\"_blank\" rel=\"noreferrer noopener\"><em>Heredar\u00e1s el cosmos (el estremecimiento)<\/em>, de Julio Fern\u00e1ndez Pel\u00e1ez<\/a><\/p>\n<\/div><figure class=\"wp-block-media-text__media\"><img data-opt-id=825417146  fetchpriority=\"high\" decoding=\"async\" width=\"1024\" height=\"1024\" src=\"https:\/\/mlfuar0h46fq.i.optimole.com\/w:auto\/h:auto\/q:mauto\/ig:avif\/https:\/\/oidaeditorial.com\/wp-content\/uploads\/2024\/11\/9788412694055-1024x1024-1.jpg\" alt=\"\" class=\"wp-image-826 size-full\" srcset=\"https:\/\/mlfuar0h46fq.i.optimole.com\/w:600\/h:600\/q:mauto\/ig:avif\/https:\/\/oidaeditorial.com\/wp-content\/uploads\/2024\/11\/9788412694055-1024x1024-1.jpg 1024w, https:\/\/mlfuar0h46fq.i.optimole.com\/w:300\/h:300\/q:mauto\/ig:avif\/https:\/\/oidaeditorial.com\/wp-content\/uploads\/2024\/11\/9788412694055-1024x1024-1.jpg 300w, https:\/\/mlfuar0h46fq.i.optimole.com\/w:150\/h:150\/q:mauto\/ig:avif\/https:\/\/oidaeditorial.com\/wp-content\/uploads\/2024\/11\/9788412694055-1024x1024-1.jpg 150w, https:\/\/mlfuar0h46fq.i.optimole.com\/w:600\/h:600\/q:mauto\/ig:avif\/https:\/\/oidaeditorial.com\/wp-content\/uploads\/2024\/11\/9788412694055-1024x1024-1.jpg 768w, https:\/\/mlfuar0h46fq.i.optimole.com\/w:600\/h:600\/q:mauto\/ig:avif\/https:\/\/oidaeditorial.com\/wp-content\/uploads\/2024\/11\/9788412694055-1024x1024-1.jpg 600w, https:\/\/mlfuar0h46fq.i.optimole.com\/w:100\/h:100\/q:mauto\/ig:avif\/dpr:2\/https:\/\/oidaeditorial.com\/wp-content\/uploads\/2024\/11\/9788412694055-1024x1024-1.jpg 100w\" sizes=\"(max-width: 1000px) 100vw, 1000px\" \/><\/figure><\/div>\n\n\n\n<div class=\"wp-block-media-text is-stacked-on-mobile\" style=\"grid-template-columns:44% auto\"><figure class=\"wp-block-media-text__media\"><img data-opt-id=2002826416  data-opt-src=\"https:\/\/mlfuar0h46fq.i.optimole.com\/w:600\/h:600\/q:mauto\/ig:avif\/https:\/\/oidaeditorial.com\/wp-content\/uploads\/2024\/11\/9788412694079.png\"  decoding=\"async\" width=\"1024\" height=\"1024\" src=\"data:image/svg+xml,%3Csvg%20viewBox%3D%220%200%201024%201024%22%20width%3D%221024%22%20height%3D%221024%22%20xmlns%3D%22http%3A%2F%2Fwww.w3.org%2F2000%2Fsvg%22%3E%3Crect%20width%3D%221024%22%20height%3D%221024%22%20fill%3D%22transparent%22%2F%3E%3C%2Fsvg%3E\" alt=\"\" class=\"wp-image-805 size-full\" old-srcset=\"https:\/\/mlfuar0h46fq.i.optimole.com\/w:600\/h:600\/q:mauto\/ig:avif\/https:\/\/oidaeditorial.com\/wp-content\/uploads\/2024\/11\/9788412694079.png 1024w, https:\/\/mlfuar0h46fq.i.optimole.com\/w:300\/h:300\/q:mauto\/ig:avif\/https:\/\/oidaeditorial.com\/wp-content\/uploads\/2024\/11\/9788412694079.png 300w, https:\/\/mlfuar0h46fq.i.optimole.com\/w:150\/h:150\/q:mauto\/ig:avif\/https:\/\/oidaeditorial.com\/wp-content\/uploads\/2024\/11\/9788412694079.png 150w, https:\/\/mlfuar0h46fq.i.optimole.com\/w:600\/h:600\/q:mauto\/ig:avif\/https:\/\/oidaeditorial.com\/wp-content\/uploads\/2024\/11\/9788412694079.png 768w, https:\/\/mlfuar0h46fq.i.optimole.com\/w:600\/h:600\/q:mauto\/ig:avif\/https:\/\/oidaeditorial.com\/wp-content\/uploads\/2024\/11\/9788412694079.png 1536w, https:\/\/mlfuar0h46fq.i.optimole.com\/w:600\/h:600\/q:mauto\/ig:avif\/https:\/\/oidaeditorial.com\/wp-content\/uploads\/2024\/11\/9788412694079.png 1320w, https:\/\/mlfuar0h46fq.i.optimole.com\/w:600\/h:600\/q:mauto\/ig:avif\/https:\/\/oidaeditorial.com\/wp-content\/uploads\/2024\/11\/9788412694079.png 600w, https:\/\/mlfuar0h46fq.i.optimole.com\/w:100\/h:100\/q:mauto\/ig:avif\/dpr:2\/https:\/\/oidaeditorial.com\/wp-content\/uploads\/2024\/11\/9788412694079.png 100w, https:\/\/mlfuar0h46fq.i.optimole.com\/w:600\/h:600\/q:mauto\/ig:avif\/https:\/\/oidaeditorial.com\/wp-content\/uploads\/2024\/11\/9788412694079.png 2048w\" \/><\/figure><div class=\"wp-block-media-text__content\">\n<p class=\"has-text-align-center\">Serie Audiolibros, 3:<br><a href=\"https:\/\/oidaeditorial.com\/index.php\/publicaciones\/judes-trait-gerard-bidegain-audiollibre-teatral\/\" target=\"_blank\" rel=\"noreferrer noopener\"><em>Judes Tra\u00eft<\/em>, de Gerard Bidegain i Figuerola<\/a><\/p>\n<\/div><\/div>\n\n\n\n<div class=\"wp-block-columns alignwide are-vertically-aligned-top is-layout-flex wp-container-core-columns-is-layout-08c01c1c wp-block-columns-is-layout-flex\">\n<div class=\"wp-block-column is-vertically-aligned-top is-layout-flow wp-block-column-is-layout-flow\">\n<div style=\"height:30px\" aria-hidden=\"true\" class=\"wp-block-spacer\"><\/div>\n\n\n\n<div style=\"height:25px\" aria-hidden=\"true\" class=\"wp-block-spacer\"><\/div>\n\n\n\n<p class=\"has-text-align-center\">Serie Libros electr\u00f3nicos, 1: <br><a href=\"https:\/\/oidaeditorial.com\/index.php\/cerca-del-mar-de-ruth-vilar-epub\" data-type=\"URL\" target=\"_blank\" rel=\"noreferrer noopener\"><em>Cerca del mar<\/em>, de Ruth Vilar<\/a><br><br><\/p>\n<\/div>\n<\/div>\n\n\n\n<blockquote class=\"wp-block-quote is-layout-flow wp-block-quote-is-layout-flow\">\n<p class=\"has-text-align-center\"><strong>Colecci\u00f3n <\/strong><br><strong>Teatro para la Infancia y Juventud<\/strong><\/p>\n<\/blockquote>\n\n\n\n<div style=\"height:20px\" aria-hidden=\"true\" class=\"wp-block-spacer\"><\/div>\n\n\n\n<div class=\"wp-block-media-text is-stacked-on-mobile\" style=\"grid-template-columns:44% auto\"><figure class=\"wp-block-media-text__media\"><img data-opt-id=157527068  data-opt-src=\"https:\/\/mlfuar0h46fq.i.optimole.com\/w:auto\/h:auto\/q:mauto\/ig:avif\/https:\/\/oidaeditorial.com\/wp-content\/uploads\/2024\/08\/9788412694024-500.png\"  decoding=\"async\" width=\"500\" height=\"500\" src=\"data:image/svg+xml,%3Csvg%20viewBox%3D%220%200%20100%%20100%%22%20width%3D%22100%%22%20height%3D%22100%%22%20xmlns%3D%22http%3A%2F%2Fwww.w3.org%2F2000%2Fsvg%22%3E%3Crect%20width%3D%22100%%22%20height%3D%22100%%22%20fill%3D%22transparent%22%2F%3E%3C%2Fsvg%3E\" alt=\"\" class=\"wp-image-986 size-full\" old-srcset=\"https:\/\/mlfuar0h46fq.i.optimole.com\/w:500\/h:500\/q:mauto\/ig:avif\/https:\/\/oidaeditorial.com\/wp-content\/uploads\/2024\/08\/9788412694024-500.png 500w, https:\/\/mlfuar0h46fq.i.optimole.com\/w:300\/h:300\/q:mauto\/ig:avif\/https:\/\/oidaeditorial.com\/wp-content\/uploads\/2024\/08\/9788412694024-500.png 300w, https:\/\/mlfuar0h46fq.i.optimole.com\/w:150\/h:150\/q:mauto\/ig:avif\/https:\/\/oidaeditorial.com\/wp-content\/uploads\/2024\/08\/9788412694024-500.png 150w, https:\/\/mlfuar0h46fq.i.optimole.com\/w:100\/h:100\/q:mauto\/ig:avif\/dpr:2\/https:\/\/oidaeditorial.com\/wp-content\/uploads\/2024\/08\/9788412694024-500.png 100w\" \/><\/figure><div class=\"wp-block-media-text__content\">\n<p class=\"has-text-align-center\">Serie Audiolibros, 1: <br><a href=\"https:\/\/oidaeditorial.com\/index.php\/publicaciones\/7-parells-de-peus-de-ruth-vilar-audiollibre\/\" target=\"_blank\" rel=\"noreferrer noopener\"><em>7 parells de peus<\/em>, de Ruth Vilar<\/a><\/p>\n<\/div><\/div>\n\n\n\n<div style=\"height:20px\" aria-hidden=\"true\" class=\"wp-block-spacer\"><\/div>\n\n\n\n<div class=\"wp-block-media-text has-media-on-the-right is-stacked-on-mobile\" style=\"grid-template-columns:auto 44%\"><div class=\"wp-block-media-text__content\">\n<p class=\"has-text-align-center\">Serie Audiolibros, 2: <br><a href=\"https:\/\/oidaeditorial.com\/index.php\/publicaciones\/lo-que-vuelve-a-casa-y-otros-arboles-de-nieves-rodriguez-rodriguez\/\" target=\"_blank\" rel=\"noreferrer noopener\"><em>Lo que vuelve a casa (y otros \u00e1rboles)<\/em>, de Nieves Rodr\u00edguez Rodr\u00edguez<\/a><\/p>\n<\/div><figure class=\"wp-block-media-text__media\"><img data-opt-id=1999484862  data-opt-src=\"https:\/\/mlfuar0h46fq.i.optimole.com\/w:auto\/h:auto\/q:mauto\/ig:avif\/https:\/\/oidaeditorial.com\/wp-content\/uploads\/2026\/04\/9788412694062.jpg\"  decoding=\"async\" width=\"1024\" height=\"1024\" src=\"data:image/svg+xml,%3Csvg%20viewBox%3D%220%200%20100%%20100%%22%20width%3D%22100%%22%20height%3D%22100%%22%20xmlns%3D%22http%3A%2F%2Fwww.w3.org%2F2000%2Fsvg%22%3E%3Crect%20width%3D%22100%%22%20height%3D%22100%%22%20fill%3D%22transparent%22%2F%3E%3C%2Fsvg%3E\" alt=\"\" class=\"wp-image-984 size-full\" old-srcset=\"https:\/\/mlfuar0h46fq.i.optimole.com\/w:600\/h:600\/q:mauto\/ig:avif\/https:\/\/oidaeditorial.com\/wp-content\/uploads\/2026\/04\/9788412694062.jpg 1024w, https:\/\/mlfuar0h46fq.i.optimole.com\/w:300\/h:300\/q:mauto\/ig:avif\/https:\/\/oidaeditorial.com\/wp-content\/uploads\/2026\/04\/9788412694062.jpg 300w, https:\/\/mlfuar0h46fq.i.optimole.com\/w:150\/h:150\/q:mauto\/ig:avif\/https:\/\/oidaeditorial.com\/wp-content\/uploads\/2026\/04\/9788412694062.jpg 150w, https:\/\/mlfuar0h46fq.i.optimole.com\/w:600\/h:600\/q:mauto\/ig:avif\/https:\/\/oidaeditorial.com\/wp-content\/uploads\/2026\/04\/9788412694062.jpg 768w, https:\/\/mlfuar0h46fq.i.optimole.com\/w:600\/h:600\/q:mauto\/ig:avif\/https:\/\/oidaeditorial.com\/wp-content\/uploads\/2026\/04\/9788412694062.jpg 600w, https:\/\/mlfuar0h46fq.i.optimole.com\/w:100\/h:100\/q:mauto\/ig:avif\/dpr:2\/https:\/\/oidaeditorial.com\/wp-content\/uploads\/2026\/04\/9788412694062.jpg 100w\" \/><\/figure><\/div>\n\n\n\n<div style=\"height:25px\" aria-hidden=\"true\" class=\"wp-block-spacer\"><\/div>\n\n\n\n<div class=\"wp-block-media-text is-stacked-on-mobile\" style=\"grid-template-columns:44% auto\"><figure class=\"wp-block-media-text__media\"><a href=\"https:\/\/oidaeditorial.com\/index.php\/publicaciones\/irse-de-casa-lola-f-de-sevilla-audiolibro-teatral-infantil\/\"><img data-opt-id=1152934806  data-opt-src=\"https:\/\/mlfuar0h46fq.i.optimole.com\/w:600\/h:600\/q:mauto\/ig:avif\/https:\/\/oidaeditorial.com\/wp-content\/uploads\/2024\/11\/9788412694086.png\"  decoding=\"async\" width=\"1024\" height=\"1024\" src=\"data:image/svg+xml,%3Csvg%20viewBox%3D%220%200%201024%201024%22%20width%3D%221024%22%20height%3D%221024%22%20xmlns%3D%22http%3A%2F%2Fwww.w3.org%2F2000%2Fsvg%22%3E%3Crect%20width%3D%221024%22%20height%3D%221024%22%20fill%3D%22transparent%22%2F%3E%3C%2Fsvg%3E\" alt=\"\" class=\"wp-image-877 size-full\" old-srcset=\"https:\/\/mlfuar0h46fq.i.optimole.com\/w:600\/h:600\/q:mauto\/ig:avif\/https:\/\/oidaeditorial.com\/wp-content\/uploads\/2024\/11\/9788412694086-scaled.png 1024w, https:\/\/mlfuar0h46fq.i.optimole.com\/w:300\/h:300\/q:mauto\/ig:avif\/https:\/\/oidaeditorial.com\/wp-content\/uploads\/2024\/11\/9788412694086-scaled.png 300w, https:\/\/mlfuar0h46fq.i.optimole.com\/w:150\/h:150\/q:mauto\/ig:avif\/https:\/\/oidaeditorial.com\/wp-content\/uploads\/2024\/11\/9788412694086-scaled.png 150w, https:\/\/mlfuar0h46fq.i.optimole.com\/w:600\/h:600\/q:mauto\/ig:avif\/https:\/\/oidaeditorial.com\/wp-content\/uploads\/2024\/11\/9788412694086-scaled.png 768w, https:\/\/mlfuar0h46fq.i.optimole.com\/w:600\/h:600\/q:mauto\/ig:avif\/https:\/\/oidaeditorial.com\/wp-content\/uploads\/2024\/11\/9788412694086-scaled.png 1536w, https:\/\/mlfuar0h46fq.i.optimole.com\/w:600\/h:600\/q:mauto\/ig:avif\/https:\/\/oidaeditorial.com\/wp-content\/uploads\/2024\/11\/9788412694086-scaled.png 2048w, https:\/\/mlfuar0h46fq.i.optimole.com\/w:600\/h:600\/q:mauto\/ig:avif\/https:\/\/oidaeditorial.com\/wp-content\/uploads\/2024\/11\/9788412694086-scaled.png 1320w, https:\/\/mlfuar0h46fq.i.optimole.com\/w:600\/h:600\/q:mauto\/ig:avif\/https:\/\/oidaeditorial.com\/wp-content\/uploads\/2024\/11\/9788412694086-scaled.png 600w, https:\/\/mlfuar0h46fq.i.optimole.com\/w:100\/h:100\/q:mauto\/ig:avif\/dpr:2\/https:\/\/oidaeditorial.com\/wp-content\/uploads\/2024\/11\/9788412694086-scaled.png 100w\" \/><\/a><\/figure><div class=\"wp-block-media-text__content\">\n<p class=\"has-text-align-center\">Serie Audiolibros, 3: <br><a href=\"https:\/\/oidaeditorial.com\/index.php\/publicaciones\/irse-de-casa-lola-f-de-sevilla-audiolibro-teatral-infantil\/\"><em>Irse de casa<\/em>, de Lola Fern\u00e1ndez de Sevilla<\/a><\/p>\n<\/div><\/div>\n\n\n\n<div style=\"height:20px\" aria-hidden=\"true\" class=\"wp-block-spacer\"><\/div>\n\n\n\n<p class=\"has-text-align-center\">Serie Libros electr\u00f3nicos, 1:<br><a href=\"https:\/\/oidaeditorial.com\/index.php\/publicaciones\/7-parells-de-peus-de-ruth-vilar-llibre-electronic-teatral-infantil\/\"><em>7 parells de peus<\/em>, de Ruth Vilar<\/a><br><a href=\"https:\/\/oidaeditorial.com\/index.php\/publicaciones\/7-pares-de-pies-de-ruth-vilar-libro-electronico-teatral-infantil\/\"><em>7 pares de pies<\/em>, de Ruth Vilar<\/a><\/p>\n\n\n\n<h3 class=\"wp-block-heading has-text-align-center\"><br><br>OID\u00c0 EDITORIAL \u00b7 Audiolibro teatral<\/h3>\n","protected":false},"excerpt":{"rendered":"<p>Colecci\u00f3n Literatura Dram\u00e1tica Contempor\u00e1nea Serie Audiolibros, 1:Cerca del mar, de Ruth Vilar Serie Audiolibros, 2:Heredar\u00e1s el cosmos (el estremecimiento), de Julio Fern\u00e1ndez Pel\u00e1ez Serie Audiolibros, 3:Judes Tra\u00eft, de Gerard Bidegain i Figuerola Serie Libros electr\u00f3nicos, 1: Cerca del mar, de Ruth Vilar Colecci\u00f3n Teatro para la Infancia y Juventud Serie Audiolibros, 1: 7 parells de [&hellip;]<\/p>\n","protected":false},"author":1,"featured_media":0,"parent":0,"menu_order":0,"comment_status":"closed","ping_status":"closed","template":"","meta":{"footnotes":""},"class_list":["post-157","page","type-page","status-publish","hentry"],"_links":{"self":[{"href":"https:\/\/oidaeditorial.com\/index.php\/wp-json\/wp\/v2\/pages\/157","targetHints":{"allow":["GET"]}}],"collection":[{"href":"https:\/\/oidaeditorial.com\/index.php\/wp-json\/wp\/v2\/pages"}],"about":[{"href":"https:\/\/oidaeditorial.com\/index.php\/wp-json\/wp\/v2\/types\/page"}],"author":[{"embeddable":true,"href":"https:\/\/oidaeditorial.com\/index.php\/wp-json\/wp\/v2\/users\/1"}],"replies":[{"embeddable":true,"href":"https:\/\/oidaeditorial.com\/index.php\/wp-json\/wp\/v2\/comments?post=157"}],"version-history":[{"count":22,"href":"https:\/\/oidaeditorial.com\/index.php\/wp-json\/wp\/v2\/pages\/157\/revisions"}],"predecessor-version":[{"id":999,"href":"https:\/\/oidaeditorial.com\/index.php\/wp-json\/wp\/v2\/pages\/157\/revisions\/999"}],"wp:attachment":[{"href":"https:\/\/oidaeditorial.com\/index.php\/wp-json\/wp\/v2\/media?parent=157"}],"curies":[{"name":"wp","href":"https:\/\/api.w.org\/{rel}","templated":true}]}}